{"id":1063,"date":"2019-10-08T11:07:25","date_gmt":"2019-10-08T14:07:25","guid":{"rendered":"https:\/\/mobilevet.com.br\/site\/?page_id=1063"},"modified":"2019-10-08T11:07:25","modified_gmt":"2019-10-08T14:07:25","slug":"dermatologia-veterinaria","status":"publish","type":"page","link":"https:\/\/mobilevet.com.br\/site\/dermatologia-veterinaria\/","title":{"rendered":"Dermatologia Veterin\u00e1ria"},"content":{"rendered":"<p>Assim como os humanos os animais possuem in\u00fameros problemas de pele. Pois n\u00e3o podemos esquecer que a pele \u00e9 o maior \u00f3rg\u00e3o do corpo e possui v\u00e1rias fun\u00e7\u00f5es, como: regula\u00e7\u00e3o da temperatura, prote\u00e7\u00e3o, reserva de nutrientes na forma de gordura e a excre\u00e7\u00e3o de toxinas do organismo.<\/p>\n<p>Os problemas de pele s\u00e3o muito comuns entre cachorros e gatos, e podem surgir por diversos motivos, como a presen\u00e7a de fungos, parasitas, alergias ou por causas hormonais e metab\u00f3licas.<\/p>\n<p>O dermatologista veterin\u00e1rio \u00e9 o profissional respons\u00e1vel por analisar, examinar, coletar amostras, realizar cirurgias e diagnosticar de acordo com a patologia.<\/p>\n<p>Conhe\u00e7a todas as <a href=\"https:\/\/mobilevet.com.br\/site\/servicos\">especialidades<\/a> que temos dispon\u00edvel para a sa\u00fade do seu pet!<\/p>\n<p>&nbsp;<\/p>\n<h3><span style=\"color: #206d6b;\">Especialista<\/span><\/h3>\n<p><strong>Marcelo de Souza Vertulo Medeiros<\/strong><br \/>\nCRMV-SP 15519<br \/>\nGradua\u00e7\u00e3o em Medicina Veterin\u00e1ria pela FMVZ \u2013 UNESP \u2013 Botucatu em 2002.<br \/>\nResid\u00eancia em Cl\u00ednica M\u00e9dica de Pequenos Animais e Dermatologia Veterin\u00e1ria pela FMVZ \u2013 UNESP \u2013 Botucatu (2004 e 2005).<br \/>\nCurso de Especializa\u00e7\u00e3o em Dermatologia Veterin\u00e1ria pela FMVZ \u2013 USP e SBDV (2009 e 2010).<br \/>\nMembro efetivo da Sociedade Brasileira de Dermatologia Veterin\u00e1ria (SBDV), desde 2003.<br \/>\nParticipa\u00e7\u00e3o em Congressos e cursos na \u00e1rea.<br \/>\nCurso de Alimenta\u00e7\u00e3o Natural e Medicina Veterin\u00e1ria Nutrac\u00eautica em 2018.<br \/>\nAtendimentos em Dermatologia e Alergologia Veterin\u00e1ria a mais de 15 anos.<\/p>\n<p>&nbsp;<\/p>\n","protected":false},"excerpt":{"rendered":"<p>Assim como os humanos os animais possuem in\u00fameros problemas de pele. Pois n\u00e3o podemos esquecer que a pele \u00e9 o maior \u00f3rg\u00e3o do corpo e possui<span class=\"excerpt-hellip\"> [\u2026]<\/span><\/p>\n","protected":false},"author":4,"featured_media":0,"parent":0,"menu_order":0,"comment_status":"closed","ping_status":"closed","template":"","meta":{"_joinchat":[]},"yoast_head":"<!-- This site is optimized with the Yoast SEO plugin v18.7 - https:\/\/yoast.com\/wordpress\/plugins\/seo\/ -->\n<title>- Mobile Vet<\/title>\n<meta name=\"robots\" content=\"index, follow, max-snippet:-1, max-image-preview:large, max-video-preview:-1\" \/>\n<link rel=\"canonical\" href=\"https:\/\/mobilevet.com.br\/site\/dermatologia-veterinaria\/\" \/>\n<meta property=\"og:locale\" content=\"pt_BR\" \/>\n<meta property=\"og:type\" content=\"article\" \/>\n<meta property=\"og:title\" content=\"- Mobile Vet\" \/>\n<meta property=\"og:description\" content=\"Assim como os humanos os animais possuem in\u00fameros problemas de pele. Pois n\u00e3o podemos esquecer que a pele \u00e9 o maior \u00f3rg\u00e3o do corpo e possui [\u2026]\" \/>\n<meta property=\"og:url\" content=\"https:\/\/mobilevet.com.br\/site\/dermatologia-veterinaria\/\" \/>\n<meta property=\"og:site_name\" content=\"Mobile Vet\" \/>\n<meta name=\"twitter:card\" content=\"summary_large_image\" \/>\n<meta name=\"twitter:label1\" content=\"Est. tempo de leitura\" \/>\n\t<meta name=\"twitter:data1\" content=\"1 minuto\" \/>\n<script type=\"application\/ld+json\" class=\"yoast-schema-graph\">{\"@context\":\"https:\/\/schema.org\",\"@graph\":[{\"@type\":\"WebSite\",\"@id\":\"https:\/\/mobilevet.com.br\/site\/#website\",\"url\":\"https:\/\/mobilevet.com.br\/site\/\",\"name\":\"Mobile Vet\",\"description\":\"Exames de diagn\u00f3sticos veterin\u00e1rios e consultoria cardiol\u00f3gica\",\"potentialAction\":[{\"@type\":\"SearchAction\",\"target\":{\"@type\":\"EntryPoint\",\"urlTemplate\":\"https:\/\/mobilevet.com.br\/site\/?s={search_term_string}\"},\"query-input\":\"required name=search_term_string\"}],\"inLanguage\":\"pt-BR\"},{\"@type\":\"WebPage\",\"@id\":\"https:\/\/mobilevet.com.br\/site\/dermatologia-veterinaria\/#webpage\",\"url\":\"https:\/\/mobilevet.com.br\/site\/dermatologia-veterinaria\/\",\"name\":\"- Mobile Vet\",\"isPartOf\":{\"@id\":\"https:\/\/mobilevet.com.br\/site\/#website\"},\"datePublished\":\"2019-10-08T14:07:25+00:00\",\"dateModified\":\"2019-10-08T14:07:25+00:00\",\"breadcrumb\":{\"@id\":\"https:\/\/mobilevet.com.br\/site\/dermatologia-veterinaria\/#breadcrumb\"},\"inLanguage\":\"pt-BR\",\"potentialAction\":[{\"@type\":\"ReadAction\",\"target\":[\"https:\/\/mobilevet.com.br\/site\/dermatologia-veterinaria\/\"]}]},{\"@type\":\"BreadcrumbList\",\"@id\":\"https:\/\/mobilevet.com.br\/site\/dermatologia-veterinaria\/#breadcrumb\",\"itemListElement\":[{\"@type\":\"ListItem\",\"position\":1,\"name\":\"In\u00edcio\",\"item\":\"https:\/\/mobilevet.com.br\/site\/\"},{\"@type\":\"ListItem\",\"position\":2,\"name\":\"Dermatologia Veterin\u00e1ria\"}]}]}<\/script>\n<!-- \/ Yoast SEO plugin. -->","yoast_head_json":{"title":"- Mobile Vet","robots":{"index":"index","follow":"follow","max-snippet":"max-snippet:-1","max-image-preview":"max-image-preview:large","max-video-preview":"max-video-preview:-1"},"canonical":"https:\/\/mobilevet.com.br\/site\/dermatologia-veterinaria\/","og_locale":"pt_BR","og_type":"article","og_title":"- Mobile Vet","og_description":"Assim como os humanos os animais possuem in\u00fameros problemas de pele. Pois n\u00e3o podemos esquecer que a pele \u00e9 o maior \u00f3rg\u00e3o do corpo e possui [\u2026]","og_url":"https:\/\/mobilevet.com.br\/site\/dermatologia-veterinaria\/","og_site_name":"Mobile Vet","twitter_card":"summary_large_image","twitter_misc":{"Est. tempo de leitura":"1 minuto"},"schema":{"@context":"https:\/\/schema.org","@graph":[{"@type":"WebSite","@id":"https:\/\/mobilevet.com.br\/site\/#website","url":"https:\/\/mobilevet.com.br\/site\/","name":"Mobile Vet","description":"Exames de diagn\u00f3sticos veterin\u00e1rios e consultoria cardiol\u00f3gica","potentialAction":[{"@type":"SearchAction","target":{"@type":"EntryPoint","urlTemplate":"https:\/\/mobilevet.com.br\/site\/?s={search_term_string}"},"query-input":"required name=search_term_string"}],"inLanguage":"pt-BR"},{"@type":"WebPage","@id":"https:\/\/mobilevet.com.br\/site\/dermatologia-veterinaria\/#webpage","url":"https:\/\/mobilevet.com.br\/site\/dermatologia-veterinaria\/","name":"- Mobile Vet","isPartOf":{"@id":"https:\/\/mobilevet.com.br\/site\/#website"},"datePublished":"2019-10-08T14:07:25+00:00","dateModified":"2019-10-08T14:07:25+00:00","breadcrumb":{"@id":"https:\/\/mobilevet.com.br\/site\/dermatologia-veterinaria\/#breadcrumb"},"inLanguage":"pt-BR","potentialAction":[{"@type":"ReadAction","target":["https:\/\/mobilevet.com.br\/site\/dermatologia-veterinaria\/"]}]},{"@type":"BreadcrumbList","@id":"https:\/\/mobilevet.com.br\/site\/dermatologia-veterinaria\/#breadcrumb","itemListElement":[{"@type":"ListItem","position":1,"name":"In\u00edcio","item":"https:\/\/mobilevet.com.br\/site\/"},{"@type":"ListItem","position":2,"name":"Dermatologia Veterin\u00e1ria"}]}]}},"_links":{"self":[{"href":"https:\/\/mobilevet.com.br\/site\/wp-json\/wp\/v2\/pages\/1063"}],"collection":[{"href":"https:\/\/mobilevet.com.br\/site\/wp-json\/wp\/v2\/pages"}],"about":[{"href":"https:\/\/mobilevet.com.br\/site\/wp-json\/wp\/v2\/types\/page"}],"author":[{"embeddable":true,"href":"https:\/\/mobilevet.com.br\/site\/wp-json\/wp\/v2\/users\/4"}],"replies":[{"embeddable":true,"href":"https:\/\/mobilevet.com.br\/site\/wp-json\/wp\/v2\/comments?post=1063"}],"version-history":[{"count":1,"href":"https:\/\/mobilevet.com.br\/site\/wp-json\/wp\/v2\/pages\/1063\/revisions"}],"predecessor-version":[{"id":1064,"href":"https:\/\/mobilevet.com.br\/site\/wp-json\/wp\/v2\/pages\/1063\/revisions\/1064"}],"wp:attachment":[{"href":"https:\/\/mobilevet.com.br\/site\/wp-json\/wp\/v2\/media?parent=1063"}],"curies":[{"name":"wp","href":"https:\/\/api.w.org\/{rel}","templated":true}]}}