{"id":1068,"date":"2019-10-08T11:30:37","date_gmt":"2019-10-08T14:30:37","guid":{"rendered":"https:\/\/mobilevet.com.br\/site\/?page_id=1068"},"modified":"2019-10-08T11:30:37","modified_gmt":"2019-10-08T14:30:37","slug":"oftalmologia-veterinaria","status":"publish","type":"page","link":"https:\/\/mobilevet.com.br\/site\/oftalmologia-veterinaria\/","title":{"rendered":"Oftalmologia Veterin\u00e1ria"},"content":{"rendered":"<p>Hoje j\u00e1 podemos contar com uma s\u00e9rie de especialidades dentro da medicina veterin\u00e1ria, e uma delas \u00e9 a oftalmologia que tem a responsabilidade de tratar todas as enfermidades dos olhos e seus anexos.<\/p>\n<p>O olho \u00e9 um \u00f3rg\u00e3o \u00fanico e constitu\u00eddo por tecidos nobres e altamente especializados que s\u00e3o respons\u00e1veis por um dos principais sentidos: a vis\u00e3o.<\/p>\n<p>Com chegada da velhice, principalmente, em animais dom\u00e9sticos, \u00e9 muito comum apresentarem catarata, degenera\u00e7\u00e3o de retina e as neoplasias oculares. Outras doen\u00e7as tamb\u00e9m podem se manifestar por meio de altera\u00e7\u00f5es oculares, como a hipertens\u00e3o arterial, a cinomose, a leishmaniose visceral e as hemoparasitoses transmitidas pela picada do carrapato.<\/p>\n<p>Por isso \u00e9 muito importante o tutor do animal ficar atento os sinais e sintomas que as doen\u00e7as oculares podem apresentar, como o olho vermelho, lacrimejamento excessivo, secre\u00e7\u00e3o e coceira nos olhos, ou a dificuldade para enxergar.<\/p>\n<p>Sempre que perceber algum sinal cl\u00ednico procure um especialista imediatamente.<\/p>\n<p>Conhe\u00e7a todas as <a href=\"https:\/\/mobilevet.com.br\/site\/servicos\">especialidades<\/a> que temos dispon\u00edvel para a sa\u00fade do seu pet!<\/p>\n<p>&nbsp;<\/p>\n<h3><span style=\"color: #206d6b;\">Especialista<\/span><\/h3>\n<p><strong>Dra. Carla Rodriguez Paes<\/strong><br \/>\nGraduada pela FMVA \u2013 UNESP de Ara\u00e7atuba<br \/>\nResid\u00eancia na \u00e1rea de cirurgia de pequenos animais pela FMVA \u2013 UNESP Ara\u00e7atuba<br \/>\nP\u00f3s-graduanda em Oftalmologia pela Anclivepa \u2013 SP<br \/>\nMestranda na \u00e1rea de cirurgia veterin\u00e1ria pelo setor de Oftalmologia\u00a0 pela Universidade de S\u00e3o Paulo<\/p>\n","protected":false},"excerpt":{"rendered":"<p>Hoje j\u00e1 podemos contar com uma s\u00e9rie de especialidades dentro da medicina veterin\u00e1ria, e uma delas \u00e9 a oftalmologia que tem a responsabilidade de tratar todas<span class=\"excerpt-hellip\"> [\u2026]<\/span><\/p>\n","protected":false},"author":4,"featured_media":0,"parent":0,"menu_order":0,"comment_status":"closed","ping_status":"closed","template":"","meta":{"_joinchat":[]},"yoast_head":"<!-- This site is optimized with the Yoast SEO plugin v18.7 - https:\/\/yoast.com\/wordpress\/plugins\/seo\/ -->\n<title>- Mobile Vet<\/title>\n<meta name=\"robots\" content=\"index, follow, max-snippet:-1, max-image-preview:large, max-video-preview:-1\" \/>\n<link rel=\"canonical\" href=\"https:\/\/mobilevet.com.br\/site\/oftalmologia-veterinaria\/\" \/>\n<meta property=\"og:locale\" content=\"pt_BR\" \/>\n<meta property=\"og:type\" content=\"article\" \/>\n<meta property=\"og:title\" content=\"- Mobile Vet\" \/>\n<meta property=\"og:description\" content=\"Hoje j\u00e1 podemos contar com uma s\u00e9rie de especialidades dentro da medicina veterin\u00e1ria, e uma delas \u00e9 a oftalmologia que tem a responsabilidade de tratar todas [\u2026]\" \/>\n<meta property=\"og:url\" content=\"https:\/\/mobilevet.com.br\/site\/oftalmologia-veterinaria\/\" \/>\n<meta property=\"og:site_name\" content=\"Mobile Vet\" \/>\n<meta name=\"twitter:card\" content=\"summary_large_image\" \/>\n<meta name=\"twitter:label1\" content=\"Est. tempo de leitura\" \/>\n\t<meta name=\"twitter:data1\" content=\"1 minuto\" \/>\n<script type=\"application\/ld+json\" class=\"yoast-schema-graph\">{\"@context\":\"https:\/\/schema.org\",\"@graph\":[{\"@type\":\"WebSite\",\"@id\":\"https:\/\/mobilevet.com.br\/site\/#website\",\"url\":\"https:\/\/mobilevet.com.br\/site\/\",\"name\":\"Mobile Vet\",\"description\":\"Exames de diagn\u00f3sticos veterin\u00e1rios e consultoria cardiol\u00f3gica\",\"potentialAction\":[{\"@type\":\"SearchAction\",\"target\":{\"@type\":\"EntryPoint\",\"urlTemplate\":\"https:\/\/mobilevet.com.br\/site\/?s={search_term_string}\"},\"query-input\":\"required name=search_term_string\"}],\"inLanguage\":\"pt-BR\"},{\"@type\":\"WebPage\",\"@id\":\"https:\/\/mobilevet.com.br\/site\/oftalmologia-veterinaria\/#webpage\",\"url\":\"https:\/\/mobilevet.com.br\/site\/oftalmologia-veterinaria\/\",\"name\":\"- Mobile Vet\",\"isPartOf\":{\"@id\":\"https:\/\/mobilevet.com.br\/site\/#website\"},\"datePublished\":\"2019-10-08T14:30:37+00:00\",\"dateModified\":\"2019-10-08T14:30:37+00:00\",\"breadcrumb\":{\"@id\":\"https:\/\/mobilevet.com.br\/site\/oftalmologia-veterinaria\/#breadcrumb\"},\"inLanguage\":\"pt-BR\",\"potentialAction\":[{\"@type\":\"ReadAction\",\"target\":[\"https:\/\/mobilevet.com.br\/site\/oftalmologia-veterinaria\/\"]}]},{\"@type\":\"BreadcrumbList\",\"@id\":\"https:\/\/mobilevet.com.br\/site\/oftalmologia-veterinaria\/#breadcrumb\",\"itemListElement\":[{\"@type\":\"ListItem\",\"position\":1,\"name\":\"In\u00edcio\",\"item\":\"https:\/\/mobilevet.com.br\/site\/\"},{\"@type\":\"ListItem\",\"position\":2,\"name\":\"Oftalmologia Veterin\u00e1ria\"}]}]}<\/script>\n<!-- \/ Yoast SEO plugin. -->","yoast_head_json":{"title":"- Mobile Vet","robots":{"index":"index","follow":"follow","max-snippet":"max-snippet:-1","max-image-preview":"max-image-preview:large","max-video-preview":"max-video-preview:-1"},"canonical":"https:\/\/mobilevet.com.br\/site\/oftalmologia-veterinaria\/","og_locale":"pt_BR","og_type":"article","og_title":"- Mobile Vet","og_description":"Hoje j\u00e1 podemos contar com uma s\u00e9rie de especialidades dentro da medicina veterin\u00e1ria, e uma delas \u00e9 a oftalmologia que tem a responsabilidade de tratar todas [\u2026]","og_url":"https:\/\/mobilevet.com.br\/site\/oftalmologia-veterinaria\/","og_site_name":"Mobile Vet","twitter_card":"summary_large_image","twitter_misc":{"Est. tempo de leitura":"1 minuto"},"schema":{"@context":"https:\/\/schema.org","@graph":[{"@type":"WebSite","@id":"https:\/\/mobilevet.com.br\/site\/#website","url":"https:\/\/mobilevet.com.br\/site\/","name":"Mobile Vet","description":"Exames de diagn\u00f3sticos veterin\u00e1rios e consultoria cardiol\u00f3gica","potentialAction":[{"@type":"SearchAction","target":{"@type":"EntryPoint","urlTemplate":"https:\/\/mobilevet.com.br\/site\/?s={search_term_string}"},"query-input":"required name=search_term_string"}],"inLanguage":"pt-BR"},{"@type":"WebPage","@id":"https:\/\/mobilevet.com.br\/site\/oftalmologia-veterinaria\/#webpage","url":"https:\/\/mobilevet.com.br\/site\/oftalmologia-veterinaria\/","name":"- Mobile Vet","isPartOf":{"@id":"https:\/\/mobilevet.com.br\/site\/#website"},"datePublished":"2019-10-08T14:30:37+00:00","dateModified":"2019-10-08T14:30:37+00:00","breadcrumb":{"@id":"https:\/\/mobilevet.com.br\/site\/oftalmologia-veterinaria\/#breadcrumb"},"inLanguage":"pt-BR","potentialAction":[{"@type":"ReadAction","target":["https:\/\/mobilevet.com.br\/site\/oftalmologia-veterinaria\/"]}]},{"@type":"BreadcrumbList","@id":"https:\/\/mobilevet.com.br\/site\/oftalmologia-veterinaria\/#breadcrumb","itemListElement":[{"@type":"ListItem","position":1,"name":"In\u00edcio","item":"https:\/\/mobilevet.com.br\/site\/"},{"@type":"ListItem","position":2,"name":"Oftalmologia Veterin\u00e1ria"}]}]}},"_links":{"self":[{"href":"https:\/\/mobilevet.com.br\/site\/wp-json\/wp\/v2\/pages\/1068"}],"collection":[{"href":"https:\/\/mobilevet.com.br\/site\/wp-json\/wp\/v2\/pages"}],"about":[{"href":"https:\/\/mobilevet.com.br\/site\/wp-json\/wp\/v2\/types\/page"}],"author":[{"embeddable":true,"href":"https:\/\/mobilevet.com.br\/site\/wp-json\/wp\/v2\/users\/4"}],"replies":[{"embeddable":true,"href":"https:\/\/mobilevet.com.br\/site\/wp-json\/wp\/v2\/comments?post=1068"}],"version-history":[{"count":1,"href":"https:\/\/mobilevet.com.br\/site\/wp-json\/wp\/v2\/pages\/1068\/revisions"}],"predecessor-version":[{"id":1069,"href":"https:\/\/mobilevet.com.br\/site\/wp-json\/wp\/v2\/pages\/1068\/revisions\/1069"}],"wp:attachment":[{"href":"https:\/\/mobilevet.com.br\/site\/wp-json\/wp\/v2\/media?parent=1068"}],"curies":[{"name":"wp","href":"https:\/\/api.w.org\/{rel}","templated":true}]}}