{"id":188,"date":"2014-02-25T16:10:46","date_gmt":"2014-02-25T19:10:46","guid":{"rendered":"https:\/\/mobilevet.com.br\/site\/?page_id=188"},"modified":"2022-01-13T11:44:04","modified_gmt":"2022-01-13T14:44:04","slug":"ultrassonografia-abdominal","status":"publish","type":"page","link":"https:\/\/mobilevet.com.br\/site\/ultrassonografia-abdominal\/","title":{"rendered":"Ultrassom abdominal veterin\u00e1rio"},"content":{"rendered":"<h1>Ultrassom abdominal veterin\u00e1rio<\/h1>\n<p>&nbsp;<\/p>\n<h2>Realizamos exames de diagn\u00f3stico veterin\u00e1rio em seu estabelecimento!<\/h2>\n<p>&nbsp;<\/p>\n<p>Com equipamentos modernos e uma equipe de especialistas em ultrassom abdominal veterin\u00e1rio, a <a href=\"https:\/\/mobilevet.com.br\/site\/quem-somos\">Mobile Vet<\/a> vai at\u00e9 voc\u00ea para realizar exames de diagn\u00f3stico.<\/p>\n<p>Nosso diferencial \u00e9 elaborar, juntamente com o m\u00e9dico veterin\u00e1rio respons\u00e1vel, diagn\u00f3sticos e condutas com maior efic\u00e1cia. Isto permite uma troca valiosa de informa\u00e7\u00f5es e fortalece o relacionamento t\u00e9cnico\/profissional entre o cl\u00ednico e o especialista.<\/p>\n<p>O exame de ultrassom abdominal veterin\u00e1rio \u00e9 amplamente difundido como meio de diagn\u00f3stico complementar que permite o estudo da morfologia das estruturas internas e o fluxo sangu\u00edneo, aumentando a precis\u00e3o dos resultados.<\/p>\n<p><strong>Indica\u00e7\u00f5es do ultrassom abdominal:<br \/>\n<\/strong>.Aumento de volume abdominal<br \/>\n.Massa abdominal palp\u00e1vel<br \/>\n.Emagrecimento progressivo<br \/>\n.Pesquisa de met\u00e1stase<br \/>\n.Febre de origem desconhecida<br \/>\n.Suspeita de processo obstrutivo<br \/>\n.Dis\u00faria, an\u00faria<br \/>\n.Anorexia, \u00eamese<\/p>\n<p><strong>Informa\u00e7\u00f5es obtidas pelo ultrassom:<br \/>\n<\/strong>.Posi\u00e7\u00e3o, dimens\u00f5es, forma e contorno dos \u00f3rg\u00e3os<br \/>\n.Vasculariza\u00e7\u00e3o<br \/>\n.Ecogenicidade<br \/>\n.Arquitetura interna<br \/>\n.Condi\u00e7\u00f5es das paredes e caracter\u00edsticas dos \u00f3rg\u00e3os cavit\u00e1rios<\/p>\n<p><strong>Vantagens:<br \/>\n<\/strong>.Indolor<br \/>\n.N\u00e3o invasivo<br \/>\n.N\u00e3o ionizante<br \/>\n.Visibiliza objetos radioluscentes (ur\u00f3litos de urato e cistina)<br \/>\n.Diagn\u00f3stico precoce de gesta\u00e7\u00e3o<br \/>\n.Exame em tempo real (vitalidade fetal e movimentos perist\u00e1lticos)<\/p>\n<p><strong>Limita\u00e7\u00f5es:<br \/>\n<\/strong>.Animais obesos<br \/>\n.Reple\u00e7\u00e3o vesical inadequada<br \/>\n.TGI com grande quantidade de g\u00e1s<br \/>\n.Baixa especificidade para les\u00f5es focais<br \/>\n.Baixa sensibilidade para algumas doen\u00e7as infiltrativas (linfossarcoma)<br \/>\n.N\u00e3o distingue les\u00e3o benigna de maligna<br \/>\n.Nem sempre permite diagn\u00f3stico definitivo<br \/>\n.Achados normais n\u00e3o excluem a doen\u00e7a<br \/>\n.N\u00e3o avalia a fun\u00e7\u00e3o dos \u00f3rg\u00e3os<\/p>\n<p><strong>Preparo do paciente:<br \/>\n<\/strong>Jejum alimentar de 8 horas e n\u00e3o ingest\u00e3o de leite, visando esvaziar o trato gastrintestinal e diminuir a produ\u00e7\u00e3o de gases que prejudicam a qualidade das imagens, uma vez que o g\u00e1s \u00e9 uma barreira para o ultrassom.<\/p>\n<p>Fornecer \u00e1gua \u00e0 vontade, caldo de carne ou de frango.<\/p>\n<p>Evitar a mic\u00e7\u00e3o, se poss\u00edvel, por 1 ou 2 horas antes do exame, para a avalia\u00e7\u00e3o da imagem da bexiga urin\u00e1ria e facilitar o estudo do \u00fatero, pr\u00f3stata, test\u00edculos ect\u00f3picos e demais \u00f3rg\u00e3os da cavidade abdominal.<\/p>\n<p>Administrar ao paciente dimeticona (Luftal\u00ae) oito horas e duas horas antes do exame para a facilitar o estudo do \u00fatero, ov\u00e1rios, adrenais, pr\u00f3stata, test\u00edculos ect\u00f3picos e demais \u00f3rg\u00e3os da cavidade abdominal.<\/p>\n<p>Tricotomia da regi\u00e3o a ser examinada.<\/p>\n<p><iframe loading=\"lazy\" src=\"\/\/www.youtube.com\/embed\/Y3E2KzWmx1Y\" width=\"560\" height=\"314\" allowfullscreen=\"allowfullscreen\"><\/iframe><\/p>\n<p>&nbsp;<\/p>\n<p>Al\u00e9m dos benef\u00edcios para o cliente e o profissional veterin\u00e1rio, os servi\u00e7os da <a href=\"https:\/\/mobilevet.com.br\/site\/quem-somos\">Mobile Vet<\/a> otimizam a estrutura f\u00edsica existente das cl\u00ednicas, junto com a possibilidade de criar renda extra.<\/p>\n<p><iframe loading=\"lazy\" src=\"\/\/www.youtube.com\/embed\/MywpoqKSuHw\" width=\"560\" height=\"314\" allowfullscreen=\"allowfullscreen\"><\/iframe><\/p>\n<p><a href=\"https:\/\/mobilevet.com.br\/site\/contato\">Clique aqui<\/a>\u00a0e fale agora mesmo com nossa equipe sem compromisso!<\/p>\n","protected":false},"excerpt":{"rendered":"<p>Ultrassom abdominal veterin\u00e1rio &nbsp; Realizamos exames de diagn\u00f3stico veterin\u00e1rio em seu estabelecimento! &nbsp; Com equipamentos modernos e uma equipe de especialistas em ultrassom abdominal veterin\u00e1rio, a<span class=\"excerpt-hellip\"> [\u2026]<\/span><\/p>\n","protected":false},"author":9,"featured_media":1719,"parent":0,"menu_order":0,"comment_status":"open","ping_status":"open","template":"","meta":{"_joinchat":[]},"yoast_head":"<!-- This site is optimized with the Yoast SEO plugin v18.7 - https:\/\/yoast.com\/wordpress\/plugins\/seo\/ -->\n<title>exames de ultrassom abdominal veterin\u00e1rio em seu estabelecimento<\/title>\n<meta name=\"description\" content=\"Com equipamentos modernos e uma equipe de especialistas em ultrassom abdominal veterin\u00e1rio, a Mobile Vet vai at\u00e9 voc\u00ea para realizar exames de diagn\u00f3stico.\" \/>\n<meta name=\"robots\" content=\"index, follow, max-snippet:-1, max-image-preview:large, max-video-preview:-1\" \/>\n<link rel=\"canonical\" href=\"https:\/\/mobilevet.com.br\/site\/ultrassonografia-abdominal\/\" \/>\n<meta property=\"og:locale\" content=\"pt_BR\" \/>\n<meta property=\"og:type\" content=\"article\" \/>\n<meta property=\"og:title\" content=\"exames de ultrassom abdominal veterin\u00e1rio em seu estabelecimento\" \/>\n<meta property=\"og:description\" content=\"Com equipamentos modernos e uma equipe de especialistas em ultrassom abdominal veterin\u00e1rio, a Mobile Vet vai at\u00e9 voc\u00ea para realizar exames de diagn\u00f3stico.\" \/>\n<meta property=\"og:url\" content=\"https:\/\/mobilevet.com.br\/site\/ultrassonografia-abdominal\/\" \/>\n<meta property=\"og:site_name\" content=\"Mobile Vet\" \/>\n<meta property=\"article:modified_time\" content=\"2022-01-13T14:44:04+00:00\" \/>\n<meta property=\"og:image\" content=\"https:\/\/mobilevet.com.br\/site\/wp-content\/uploads\/2022\/01\/capa-blog-3.png\" \/>\n\t<meta property=\"og:image:width\" content=\"960\" \/>\n\t<meta property=\"og:image:height\" content=\"540\" \/>\n\t<meta property=\"og:image:type\" content=\"image\/png\" \/>\n<meta name=\"twitter:card\" content=\"summary_large_image\" \/>\n<meta name=\"twitter:label1\" content=\"Est. tempo de leitura\" \/>\n\t<meta name=\"twitter:data1\" content=\"2 minutos\" \/>\n<script type=\"application\/ld+json\" class=\"yoast-schema-graph\">{\"@context\":\"https:\/\/schema.org\",\"@graph\":[{\"@type\":\"WebSite\",\"@id\":\"https:\/\/mobilevet.com.br\/site\/#website\",\"url\":\"https:\/\/mobilevet.com.br\/site\/\",\"name\":\"Mobile Vet\",\"description\":\"Exames de diagn\u00f3sticos veterin\u00e1rios e consultoria cardiol\u00f3gica\",\"potentialAction\":[{\"@type\":\"SearchAction\",\"target\":{\"@type\":\"EntryPoint\",\"urlTemplate\":\"https:\/\/mobilevet.com.br\/site\/?s={search_term_string}\"},\"query-input\":\"required name=search_term_string\"}],\"inLanguage\":\"pt-BR\"},{\"@type\":\"ImageObject\",\"inLanguage\":\"pt-BR\",\"@id\":\"https:\/\/mobilevet.com.br\/site\/ultrassonografia-abdominal\/#primaryimage\",\"url\":\"https:\/\/mobilevet.com.br\/site\/wp-content\/uploads\/2022\/01\/capa-blog-3.png\",\"contentUrl\":\"https:\/\/mobilevet.com.br\/site\/wp-content\/uploads\/2022\/01\/capa-blog-3.png\",\"width\":960,\"height\":540,\"caption\":\"veterinario\"},{\"@type\":\"WebPage\",\"@id\":\"https:\/\/mobilevet.com.br\/site\/ultrassonografia-abdominal\/#webpage\",\"url\":\"https:\/\/mobilevet.com.br\/site\/ultrassonografia-abdominal\/\",\"name\":\"exames de ultrassom abdominal veterin\u00e1rio em seu estabelecimento\",\"isPartOf\":{\"@id\":\"https:\/\/mobilevet.com.br\/site\/#website\"},\"primaryImageOfPage\":{\"@id\":\"https:\/\/mobilevet.com.br\/site\/ultrassonografia-abdominal\/#primaryimage\"},\"datePublished\":\"2014-02-25T19:10:46+00:00\",\"dateModified\":\"2022-01-13T14:44:04+00:00\",\"description\":\"Com equipamentos modernos e uma equipe de especialistas em ultrassom abdominal veterin\u00e1rio, a Mobile Vet vai at\u00e9 voc\u00ea para realizar exames de diagn\u00f3stico.\",\"breadcrumb\":{\"@id\":\"https:\/\/mobilevet.com.br\/site\/ultrassonografia-abdominal\/#breadcrumb\"},\"inLanguage\":\"pt-BR\",\"potentialAction\":[{\"@type\":\"ReadAction\",\"target\":[\"https:\/\/mobilevet.com.br\/site\/ultrassonografia-abdominal\/\"]}]},{\"@type\":\"BreadcrumbList\",\"@id\":\"https:\/\/mobilevet.com.br\/site\/ultrassonografia-abdominal\/#breadcrumb\",\"itemListElement\":[{\"@type\":\"ListItem\",\"position\":1,\"name\":\"In\u00edcio\",\"item\":\"https:\/\/mobilevet.com.br\/site\/\"},{\"@type\":\"ListItem\",\"position\":2,\"name\":\"Ultrassom abdominal veterin\u00e1rio\"}]}]}<\/script>\n<!-- \/ Yoast SEO plugin. -->","yoast_head_json":{"title":"exames de ultrassom abdominal veterin\u00e1rio em seu estabelecimento","description":"Com equipamentos modernos e uma equipe de especialistas em ultrassom abdominal veterin\u00e1rio, a Mobile Vet vai at\u00e9 voc\u00ea para realizar exames de diagn\u00f3stico.","robots":{"index":"index","follow":"follow","max-snippet":"max-snippet:-1","max-image-preview":"max-image-preview:large","max-video-preview":"max-video-preview:-1"},"canonical":"https:\/\/mobilevet.com.br\/site\/ultrassonografia-abdominal\/","og_locale":"pt_BR","og_type":"article","og_title":"exames de ultrassom abdominal veterin\u00e1rio em seu estabelecimento","og_description":"Com equipamentos modernos e uma equipe de especialistas em ultrassom abdominal veterin\u00e1rio, a Mobile Vet vai at\u00e9 voc\u00ea para realizar exames de diagn\u00f3stico.","og_url":"https:\/\/mobilevet.com.br\/site\/ultrassonografia-abdominal\/","og_site_name":"Mobile Vet","article_modified_time":"2022-01-13T14:44:04+00:00","og_image":[{"width":960,"height":540,"url":"https:\/\/mobilevet.com.br\/site\/wp-content\/uploads\/2022\/01\/capa-blog-3.png","type":"image\/png"}],"twitter_card":"summary_large_image","twitter_misc":{"Est. tempo de leitura":"2 minutos"},"schema":{"@context":"https:\/\/schema.org","@graph":[{"@type":"WebSite","@id":"https:\/\/mobilevet.com.br\/site\/#website","url":"https:\/\/mobilevet.com.br\/site\/","name":"Mobile Vet","description":"Exames de diagn\u00f3sticos veterin\u00e1rios e consultoria cardiol\u00f3gica","potentialAction":[{"@type":"SearchAction","target":{"@type":"EntryPoint","urlTemplate":"https:\/\/mobilevet.com.br\/site\/?s={search_term_string}"},"query-input":"required name=search_term_string"}],"inLanguage":"pt-BR"},{"@type":"ImageObject","inLanguage":"pt-BR","@id":"https:\/\/mobilevet.com.br\/site\/ultrassonografia-abdominal\/#primaryimage","url":"https:\/\/mobilevet.com.br\/site\/wp-content\/uploads\/2022\/01\/capa-blog-3.png","contentUrl":"https:\/\/mobilevet.com.br\/site\/wp-content\/uploads\/2022\/01\/capa-blog-3.png","width":960,"height":540,"caption":"veterinario"},{"@type":"WebPage","@id":"https:\/\/mobilevet.com.br\/site\/ultrassonografia-abdominal\/#webpage","url":"https:\/\/mobilevet.com.br\/site\/ultrassonografia-abdominal\/","name":"exames de ultrassom abdominal veterin\u00e1rio em seu estabelecimento","isPartOf":{"@id":"https:\/\/mobilevet.com.br\/site\/#website"},"primaryImageOfPage":{"@id":"https:\/\/mobilevet.com.br\/site\/ultrassonografia-abdominal\/#primaryimage"},"datePublished":"2014-02-25T19:10:46+00:00","dateModified":"2022-01-13T14:44:04+00:00","description":"Com equipamentos modernos e uma equipe de especialistas em ultrassom abdominal veterin\u00e1rio, a Mobile Vet vai at\u00e9 voc\u00ea para realizar exames de diagn\u00f3stico.","breadcrumb":{"@id":"https:\/\/mobilevet.com.br\/site\/ultrassonografia-abdominal\/#breadcrumb"},"inLanguage":"pt-BR","potentialAction":[{"@type":"ReadAction","target":["https:\/\/mobilevet.com.br\/site\/ultrassonografia-abdominal\/"]}]},{"@type":"BreadcrumbList","@id":"https:\/\/mobilevet.com.br\/site\/ultrassonografia-abdominal\/#breadcrumb","itemListElement":[{"@type":"ListItem","position":1,"name":"In\u00edcio","item":"https:\/\/mobilevet.com.br\/site\/"},{"@type":"ListItem","position":2,"name":"Ultrassom abdominal veterin\u00e1rio"}]}]}},"_links":{"self":[{"href":"https:\/\/mobilevet.com.br\/site\/wp-json\/wp\/v2\/pages\/188"}],"collection":[{"href":"https:\/\/mobilevet.com.br\/site\/wp-json\/wp\/v2\/pages"}],"about":[{"href":"https:\/\/mobilevet.com.br\/site\/wp-json\/wp\/v2\/types\/page"}],"author":[{"embeddable":true,"href":"https:\/\/mobilevet.com.br\/site\/wp-json\/wp\/v2\/users\/9"}],"replies":[{"embeddable":true,"href":"https:\/\/mobilevet.com.br\/site\/wp-json\/wp\/v2\/comments?post=188"}],"version-history":[{"count":12,"href":"https:\/\/mobilevet.com.br\/site\/wp-json\/wp\/v2\/pages\/188\/revisions"}],"predecessor-version":[{"id":1718,"href":"https:\/\/mobilevet.com.br\/site\/wp-json\/wp\/v2\/pages\/188\/revisions\/1718"}],"wp:featuredmedia":[{"embeddable":true,"href":"https:\/\/mobilevet.com.br\/site\/wp-json\/wp\/v2\/media\/1719"}],"wp:attachment":[{"href":"https:\/\/mobilevet.com.br\/site\/wp-json\/wp\/v2\/media?parent=188"}],"curies":[{"name":"wp","href":"https:\/\/api.w.org\/{rel}","templated":true}]}}