{"id":192,"date":"2014-02-25T16:26:26","date_gmt":"2014-02-25T19:26:26","guid":{"rendered":"https:\/\/mobilevet.com.br\/site\/?page_id=192"},"modified":"2020-11-16T17:38:20","modified_gmt":"2020-11-16T20:38:20","slug":"ecodopplercardiograma","status":"publish","type":"page","link":"https:\/\/mobilevet.com.br\/site\/ecodopplercardiograma\/","title":{"rendered":"Ecodopplercardiograma"},"content":{"rendered":"<h2>Ecodopplercardiograma Veterin\u00e1rio<\/h2>\n<p>&nbsp;<\/p>\n<p>O ecodopplercardiograma veterin\u00e1rio \u00e9\u00a0um exame de imagem avan\u00e7ado no qual \u00e9 utilizado o ultrassom. Sua fun\u00e7\u00e3o analisar o funcionamento das estruturas que comp\u00f5em o cora\u00e7\u00e3o.<\/p>\n<p>Muito utilizado na medicina veterin\u00e1ria por ser preciso em seu diagn\u00f3stico e permitir que o veterin\u00e1rio respons\u00e1vel avalie a dimens\u00e3o e a fun\u00e7\u00e3o card\u00edaca do paciente. Al\u00e9m disso \u00e9 um <a href=\"https:\/\/www.youtube.com\/watch?v=HZIaI--2338&amp;t=120s\">procedimento n\u00e3o invasivo<\/a> que n\u00e3o exige grandes prepara\u00e7\u00f5es, como jejuns de muitas horas ou a utiliza\u00e7\u00e3o de medica\u00e7\u00f5es espec\u00edficas, e ainda permite que o paciente se mantenha acordado durante a sua execu\u00e7\u00e3o.<\/p>\n<p>Normalmente, o ecodopplercardiograma veterin\u00e1rio \u00e9 usado para os casos em que h\u00e1 suspeita de doen\u00e7as card\u00edacas, sejam elas cong\u00eanitas ou adquiridas, como cardiomiopatias ou valvopatias. Tamb\u00e9m \u00e9 um exame essencial para avalia\u00e7\u00e3o pr\u00e9-anest\u00e9sica de animais que possuam algum problema e que ser\u00e3o submetidos \u00e0 cirurgias.<\/p>\n<p><iframe loading=\"lazy\" src=\"\/\/www.youtube.com\/embed\/yj6JemaIdM8?feature=emb_err_woyt\" width=\"560\" height=\"314\" allowfullscreen=\"allowfullscreen\"><\/iframe><\/p>\n<p><strong>Indica\u00e7\u00f5es:<\/strong><\/p>\n<p>.Sopro card\u00edaco<br \/>\n.S\u00edncopes, convuls\u00f5es e pr\u00e9-s\u00edncopes<br \/>\n.Dispn\u00e9ia<br \/>\n.Suspeita de efus\u00e3o peric\u00e1rdica<br \/>\n.Suspeita de efus\u00e3o pleural<\/p>\n<p><strong>Informa\u00e7\u00f5es obtidas pelo exame:<\/strong><\/p>\n<p>.Avalia\u00e7\u00e3o da anatomia das c\u00e2maras card\u00edacas, valvas \u00e1trio-ventriculares e semilunares<br \/>\n.Avalia\u00e7\u00e3o dos fluxos sangu\u00edneos e hemodin\u00e2mica card\u00edaca<br \/>\n.Avalia\u00e7\u00e3o dos vasos da base do cora\u00e7\u00e3o<br \/>\n.Avalia\u00e7\u00e3o do mioc\u00e1rdio<br \/>\n.Avalia\u00e7\u00e3o do peric\u00e1rdio<br \/>\n.Detec\u00e7\u00e3o de estruturas anormais (p.ex. neoplasias\/trombos)<br \/>\n.Avalia\u00e7\u00e3o limitada do espa\u00e7o mediastinal<\/p>\n<p><strong>Vantagens:<\/strong><\/p>\n<p>.Indolor<br \/>\n.N\u00e3o invasivo<br \/>\n.N\u00e3o ionizante<br \/>\n.Permite determinar dimens\u00f5es card\u00edacas com precis\u00e3o<br \/>\n.Exame em tempo real (fluxos e movimentos card\u00edacos)<\/p>\n<p><strong>Limita\u00e7\u00f5es:<\/strong><\/p>\n<p>.Animais obesos<br \/>\n.Nem sempre permite diagn\u00f3stico definitivo<br \/>\n.Pacientes agitados<br \/>\n.Taquicardia<br \/>\n.Taquipn\u00e9ia<\/p>\n<p><strong>Preparo do paciente:<\/strong><\/p>\n<p>.Tricotomia da regi\u00e3o a ser examinada.<\/p>\n<p><a href=\"https:\/\/api.whatsapp.com\/send?phone=5511943445533&amp;text=Gostaria%20de%20uma%20informa%C3%A7%C3%A3o%20sobre%20o%20servi%C3%A7o%20de%20Telerradiologia...\">Clique aqui<\/a> e fale agora mesmo com nossa equipe sobre o exame Ecodopplercardiograma!<\/p>\n","protected":false},"excerpt":{"rendered":"<p>Ecodopplercardiograma Veterin\u00e1rio &nbsp; O ecodopplercardiograma veterin\u00e1rio \u00e9\u00a0um exame de imagem avan\u00e7ado no qual \u00e9 utilizado o ultrassom. Sua fun\u00e7\u00e3o analisar o funcionamento das estruturas que comp\u00f5em<span class=\"excerpt-hellip\"> [\u2026]<\/span><\/p>\n","protected":false},"author":4,"featured_media":0,"parent":0,"menu_order":0,"comment_status":"open","ping_status":"open","template":"","meta":{"_joinchat":[]},"yoast_head":"<!-- This site is optimized with the Yoast SEO plugin v18.7 - https:\/\/yoast.com\/wordpress\/plugins\/seo\/ -->\n<title>Ecodopplercardiograma veterin\u00e1rio para animais de pequeno porte.<\/title>\n<meta name=\"description\" content=\"O ecodopplercardiograma veterin\u00e1rio \u00e9\u00a0um exame de imagem avan\u00e7ado no qual \u00e9 utilizado o ultrassom.\" \/>\n<meta name=\"robots\" content=\"index, follow, max-snippet:-1, max-image-preview:large, max-video-preview:-1\" \/>\n<link rel=\"canonical\" href=\"https:\/\/mobilevet.com.br\/site\/ecodopplercardiograma\/\" \/>\n<meta property=\"og:locale\" content=\"pt_BR\" \/>\n<meta property=\"og:type\" content=\"article\" \/>\n<meta property=\"og:title\" content=\"Ecodopplercardiograma veterin\u00e1rio para animais de pequeno porte.\" \/>\n<meta property=\"og:description\" content=\"O ecodopplercardiograma veterin\u00e1rio \u00e9\u00a0um exame de imagem avan\u00e7ado no qual \u00e9 utilizado o ultrassom.\" \/>\n<meta property=\"og:url\" content=\"https:\/\/mobilevet.com.br\/site\/ecodopplercardiograma\/\" \/>\n<meta property=\"og:site_name\" content=\"Mobile Vet\" \/>\n<meta property=\"article:modified_time\" content=\"2020-11-16T20:38:20+00:00\" \/>\n<meta name=\"twitter:card\" content=\"summary_large_image\" \/>\n<meta name=\"twitter:label1\" content=\"Est. tempo de leitura\" \/>\n\t<meta name=\"twitter:data1\" content=\"2 minutos\" \/>\n<script type=\"application\/ld+json\" class=\"yoast-schema-graph\">{\"@context\":\"https:\/\/schema.org\",\"@graph\":[{\"@type\":\"WebSite\",\"@id\":\"https:\/\/mobilevet.com.br\/site\/#website\",\"url\":\"https:\/\/mobilevet.com.br\/site\/\",\"name\":\"Mobile Vet\",\"description\":\"Exames de diagn\u00f3sticos veterin\u00e1rios e consultoria cardiol\u00f3gica\",\"potentialAction\":[{\"@type\":\"SearchAction\",\"target\":{\"@type\":\"EntryPoint\",\"urlTemplate\":\"https:\/\/mobilevet.com.br\/site\/?s={search_term_string}\"},\"query-input\":\"required name=search_term_string\"}],\"inLanguage\":\"pt-BR\"},{\"@type\":\"WebPage\",\"@id\":\"https:\/\/mobilevet.com.br\/site\/ecodopplercardiograma\/#webpage\",\"url\":\"https:\/\/mobilevet.com.br\/site\/ecodopplercardiograma\/\",\"name\":\"Ecodopplercardiograma veterin\u00e1rio para animais de pequeno porte.\",\"isPartOf\":{\"@id\":\"https:\/\/mobilevet.com.br\/site\/#website\"},\"datePublished\":\"2014-02-25T19:26:26+00:00\",\"dateModified\":\"2020-11-16T20:38:20+00:00\",\"description\":\"O ecodopplercardiograma veterin\u00e1rio \u00e9\u00a0um exame de imagem avan\u00e7ado no qual \u00e9 utilizado o ultrassom.\",\"breadcrumb\":{\"@id\":\"https:\/\/mobilevet.com.br\/site\/ecodopplercardiograma\/#breadcrumb\"},\"inLanguage\":\"pt-BR\",\"potentialAction\":[{\"@type\":\"ReadAction\",\"target\":[\"https:\/\/mobilevet.com.br\/site\/ecodopplercardiograma\/\"]}]},{\"@type\":\"BreadcrumbList\",\"@id\":\"https:\/\/mobilevet.com.br\/site\/ecodopplercardiograma\/#breadcrumb\",\"itemListElement\":[{\"@type\":\"ListItem\",\"position\":1,\"name\":\"In\u00edcio\",\"item\":\"https:\/\/mobilevet.com.br\/site\/\"},{\"@type\":\"ListItem\",\"position\":2,\"name\":\"Ecodopplercardiograma\"}]}]}<\/script>\n<!-- \/ Yoast SEO plugin. -->","yoast_head_json":{"title":"Ecodopplercardiograma veterin\u00e1rio para animais de pequeno porte.","description":"O ecodopplercardiograma veterin\u00e1rio \u00e9\u00a0um exame de imagem avan\u00e7ado no qual \u00e9 utilizado o ultrassom.","robots":{"index":"index","follow":"follow","max-snippet":"max-snippet:-1","max-image-preview":"max-image-preview:large","max-video-preview":"max-video-preview:-1"},"canonical":"https:\/\/mobilevet.com.br\/site\/ecodopplercardiograma\/","og_locale":"pt_BR","og_type":"article","og_title":"Ecodopplercardiograma veterin\u00e1rio para animais de pequeno porte.","og_description":"O ecodopplercardiograma veterin\u00e1rio \u00e9\u00a0um exame de imagem avan\u00e7ado no qual \u00e9 utilizado o ultrassom.","og_url":"https:\/\/mobilevet.com.br\/site\/ecodopplercardiograma\/","og_site_name":"Mobile Vet","article_modified_time":"2020-11-16T20:38:20+00:00","twitter_card":"summary_large_image","twitter_misc":{"Est. tempo de leitura":"2 minutos"},"schema":{"@context":"https:\/\/schema.org","@graph":[{"@type":"WebSite","@id":"https:\/\/mobilevet.com.br\/site\/#website","url":"https:\/\/mobilevet.com.br\/site\/","name":"Mobile Vet","description":"Exames de diagn\u00f3sticos veterin\u00e1rios e consultoria cardiol\u00f3gica","potentialAction":[{"@type":"SearchAction","target":{"@type":"EntryPoint","urlTemplate":"https:\/\/mobilevet.com.br\/site\/?s={search_term_string}"},"query-input":"required name=search_term_string"}],"inLanguage":"pt-BR"},{"@type":"WebPage","@id":"https:\/\/mobilevet.com.br\/site\/ecodopplercardiograma\/#webpage","url":"https:\/\/mobilevet.com.br\/site\/ecodopplercardiograma\/","name":"Ecodopplercardiograma veterin\u00e1rio para animais de pequeno porte.","isPartOf":{"@id":"https:\/\/mobilevet.com.br\/site\/#website"},"datePublished":"2014-02-25T19:26:26+00:00","dateModified":"2020-11-16T20:38:20+00:00","description":"O ecodopplercardiograma veterin\u00e1rio \u00e9\u00a0um exame de imagem avan\u00e7ado no qual \u00e9 utilizado o ultrassom.","breadcrumb":{"@id":"https:\/\/mobilevet.com.br\/site\/ecodopplercardiograma\/#breadcrumb"},"inLanguage":"pt-BR","potentialAction":[{"@type":"ReadAction","target":["https:\/\/mobilevet.com.br\/site\/ecodopplercardiograma\/"]}]},{"@type":"BreadcrumbList","@id":"https:\/\/mobilevet.com.br\/site\/ecodopplercardiograma\/#breadcrumb","itemListElement":[{"@type":"ListItem","position":1,"name":"In\u00edcio","item":"https:\/\/mobilevet.com.br\/site\/"},{"@type":"ListItem","position":2,"name":"Ecodopplercardiograma"}]}]}},"_links":{"self":[{"href":"https:\/\/mobilevet.com.br\/site\/wp-json\/wp\/v2\/pages\/192"}],"collection":[{"href":"https:\/\/mobilevet.com.br\/site\/wp-json\/wp\/v2\/pages"}],"about":[{"href":"https:\/\/mobilevet.com.br\/site\/wp-json\/wp\/v2\/types\/page"}],"author":[{"embeddable":true,"href":"https:\/\/mobilevet.com.br\/site\/wp-json\/wp\/v2\/users\/4"}],"replies":[{"embeddable":true,"href":"https:\/\/mobilevet.com.br\/site\/wp-json\/wp\/v2\/comments?post=192"}],"version-history":[{"count":8,"href":"https:\/\/mobilevet.com.br\/site\/wp-json\/wp\/v2\/pages\/192\/revisions"}],"predecessor-version":[{"id":1383,"href":"https:\/\/mobilevet.com.br\/site\/wp-json\/wp\/v2\/pages\/192\/revisions\/1383"}],"wp:attachment":[{"href":"https:\/\/mobilevet.com.br\/site\/wp-json\/wp\/v2\/media?parent=192"}],"curies":[{"name":"wp","href":"https:\/\/api.w.org\/{rel}","templated":true}]}}