{"id":199,"date":"2014-02-25T16:38:04","date_gmt":"2014-02-25T19:38:04","guid":{"rendered":"https:\/\/mobilevet.com.br\/site\/?page_id=199"},"modified":"2014-02-25T16:45:45","modified_gmt":"2014-02-25T19:45:45","slug":"eletrocardiograma","status":"publish","type":"page","link":"https:\/\/mobilevet.com.br\/site\/eletrocardiograma\/","title":{"rendered":"Eletrocardiograma"},"content":{"rendered":"<p><b>Indica\u00e7\u00f5es:<\/b><\/p>\n<ul>\n<li>Sintomas de baixo d\u00e9bito card\u00edaco;<\/li>\n<li>S\u00edncopes, convuls\u00f5es e pr\u00e9-s\u00edncopes;<\/li>\n<li>Ausculta\u00e7\u00e3o de ritmo irregular.<\/li>\n<\/ul>\n<p><b>Informa\u00e7\u00f5es obtidas pelo exame:<\/b><\/p>\n<ul>\n<li>Avalia\u00e7\u00e3o do ritmo card\u00edaco;<\/li>\n<li>Avalia\u00e7\u00e3o da despolariza\u00e7\u00e3o do mioc\u00e1rdio;<\/li>\n<li>Pode sugerir altera\u00e7\u00f5es anat\u00f4micas do cora\u00e7\u00e3o;<\/li>\n<li>Pode sugerir altera\u00e7\u00f5es hidroeletrol\u00edticas\u00a0 do paciente;<\/li>\n<li>Pode sugerir altera\u00e7\u00f5es de oxigena\u00e7\u00e3o do mioc\u00e1rdio.<\/li>\n<\/ul>\n<p><b>Vantagens:<\/b><\/p>\n<ul>\n<li>N\u00e3o invasivo;<\/li>\n<li>N\u00e3o ionizante;<\/li>\n<li>Exame em tempo real (frequ\u00eancia card\u00edaca e ritmo card\u00edaco).<\/li>\n<\/ul>\n<p><b>Limita\u00e7\u00f5es:<\/b><\/p>\n<ul>\n<li>Nem sempre permite diagn\u00f3stico definitivo;<\/li>\n<li>Pacientes agitados;<\/li>\n<li>Taquicardia;<\/li>\n<li>Taquipn\u00e9ia<\/li>\n<\/ul>\n<p><b>Preparo do paciente:<\/b><\/p>\n<ul>\n<li>Posicionamento dos eletrodos na pele do paciente;<\/li>\n<li>Retirar acess\u00f3rios do paciente (coleiras,\u00a0peitorais, etc).<\/li>\n<\/ul>\n","protected":false},"excerpt":{"rendered":"<p>Indica\u00e7\u00f5es: Sintomas de baixo d\u00e9bito card\u00edaco; S\u00edncopes, convuls\u00f5es e pr\u00e9-s\u00edncopes; Ausculta\u00e7\u00e3o de ritmo irregular. Informa\u00e7\u00f5es obtidas pelo exame: Avalia\u00e7\u00e3o do ritmo card\u00edaco; Avalia\u00e7\u00e3o da despolariza\u00e7\u00e3o do<span class=\"excerpt-hellip\"> [\u2026]<\/span><\/p>\n","protected":false},"author":4,"featured_media":0,"parent":0,"menu_order":0,"comment_status":"open","ping_status":"open","template":"","meta":{"_joinchat":[]},"yoast_head":"<!-- This site is optimized with the Yoast SEO plugin v18.7 - https:\/\/yoast.com\/wordpress\/plugins\/seo\/ -->\n<title>- Mobile Vet<\/title>\n<meta name=\"robots\" content=\"index, follow, max-snippet:-1, max-image-preview:large, max-video-preview:-1\" \/>\n<link rel=\"canonical\" href=\"https:\/\/mobilevet.com.br\/site\/eletrocardiograma\/\" \/>\n<meta property=\"og:locale\" content=\"pt_BR\" \/>\n<meta property=\"og:type\" content=\"article\" \/>\n<meta property=\"og:title\" content=\"- Mobile Vet\" \/>\n<meta property=\"og:description\" content=\"Indica\u00e7\u00f5es: Sintomas de baixo d\u00e9bito card\u00edaco; S\u00edncopes, convuls\u00f5es e pr\u00e9-s\u00edncopes; Ausculta\u00e7\u00e3o de ritmo irregular. Informa\u00e7\u00f5es obtidas pelo exame: Avalia\u00e7\u00e3o do ritmo card\u00edaco; Avalia\u00e7\u00e3o da despolariza\u00e7\u00e3o do [\u2026]\" \/>\n<meta property=\"og:url\" content=\"https:\/\/mobilevet.com.br\/site\/eletrocardiograma\/\" \/>\n<meta property=\"og:site_name\" content=\"Mobile Vet\" \/>\n<meta property=\"article:modified_time\" content=\"2014-02-25T19:45:45+00:00\" \/>\n<meta name=\"twitter:card\" content=\"summary_large_image\" \/>\n<meta name=\"twitter:label1\" content=\"Est. tempo de leitura\" \/>\n\t<meta name=\"twitter:data1\" content=\"1 minuto\" \/>\n<script type=\"application\/ld+json\" class=\"yoast-schema-graph\">{\"@context\":\"https:\/\/schema.org\",\"@graph\":[{\"@type\":\"WebSite\",\"@id\":\"https:\/\/mobilevet.com.br\/site\/#website\",\"url\":\"https:\/\/mobilevet.com.br\/site\/\",\"name\":\"Mobile Vet\",\"description\":\"Exames de diagn\u00f3sticos veterin\u00e1rios e consultoria cardiol\u00f3gica\",\"potentialAction\":[{\"@type\":\"SearchAction\",\"target\":{\"@type\":\"EntryPoint\",\"urlTemplate\":\"https:\/\/mobilevet.com.br\/site\/?s={search_term_string}\"},\"query-input\":\"required name=search_term_string\"}],\"inLanguage\":\"pt-BR\"},{\"@type\":\"WebPage\",\"@id\":\"https:\/\/mobilevet.com.br\/site\/eletrocardiograma\/#webpage\",\"url\":\"https:\/\/mobilevet.com.br\/site\/eletrocardiograma\/\",\"name\":\"- Mobile Vet\",\"isPartOf\":{\"@id\":\"https:\/\/mobilevet.com.br\/site\/#website\"},\"datePublished\":\"2014-02-25T19:38:04+00:00\",\"dateModified\":\"2014-02-25T19:45:45+00:00\",\"breadcrumb\":{\"@id\":\"https:\/\/mobilevet.com.br\/site\/eletrocardiograma\/#breadcrumb\"},\"inLanguage\":\"pt-BR\",\"potentialAction\":[{\"@type\":\"ReadAction\",\"target\":[\"https:\/\/mobilevet.com.br\/site\/eletrocardiograma\/\"]}]},{\"@type\":\"BreadcrumbList\",\"@id\":\"https:\/\/mobilevet.com.br\/site\/eletrocardiograma\/#breadcrumb\",\"itemListElement\":[{\"@type\":\"ListItem\",\"position\":1,\"name\":\"In\u00edcio\",\"item\":\"https:\/\/mobilevet.com.br\/site\/\"},{\"@type\":\"ListItem\",\"position\":2,\"name\":\"Eletrocardiograma\"}]}]}<\/script>\n<!-- \/ Yoast SEO plugin. -->","yoast_head_json":{"title":"- Mobile Vet","robots":{"index":"index","follow":"follow","max-snippet":"max-snippet:-1","max-image-preview":"max-image-preview:large","max-video-preview":"max-video-preview:-1"},"canonical":"https:\/\/mobilevet.com.br\/site\/eletrocardiograma\/","og_locale":"pt_BR","og_type":"article","og_title":"- Mobile Vet","og_description":"Indica\u00e7\u00f5es: Sintomas de baixo d\u00e9bito card\u00edaco; S\u00edncopes, convuls\u00f5es e pr\u00e9-s\u00edncopes; Ausculta\u00e7\u00e3o de ritmo irregular. Informa\u00e7\u00f5es obtidas pelo exame: Avalia\u00e7\u00e3o do ritmo card\u00edaco; Avalia\u00e7\u00e3o da despolariza\u00e7\u00e3o do [\u2026]","og_url":"https:\/\/mobilevet.com.br\/site\/eletrocardiograma\/","og_site_name":"Mobile Vet","article_modified_time":"2014-02-25T19:45:45+00:00","twitter_card":"summary_large_image","twitter_misc":{"Est. tempo de leitura":"1 minuto"},"schema":{"@context":"https:\/\/schema.org","@graph":[{"@type":"WebSite","@id":"https:\/\/mobilevet.com.br\/site\/#website","url":"https:\/\/mobilevet.com.br\/site\/","name":"Mobile Vet","description":"Exames de diagn\u00f3sticos veterin\u00e1rios e consultoria cardiol\u00f3gica","potentialAction":[{"@type":"SearchAction","target":{"@type":"EntryPoint","urlTemplate":"https:\/\/mobilevet.com.br\/site\/?s={search_term_string}"},"query-input":"required name=search_term_string"}],"inLanguage":"pt-BR"},{"@type":"WebPage","@id":"https:\/\/mobilevet.com.br\/site\/eletrocardiograma\/#webpage","url":"https:\/\/mobilevet.com.br\/site\/eletrocardiograma\/","name":"- Mobile Vet","isPartOf":{"@id":"https:\/\/mobilevet.com.br\/site\/#website"},"datePublished":"2014-02-25T19:38:04+00:00","dateModified":"2014-02-25T19:45:45+00:00","breadcrumb":{"@id":"https:\/\/mobilevet.com.br\/site\/eletrocardiograma\/#breadcrumb"},"inLanguage":"pt-BR","potentialAction":[{"@type":"ReadAction","target":["https:\/\/mobilevet.com.br\/site\/eletrocardiograma\/"]}]},{"@type":"BreadcrumbList","@id":"https:\/\/mobilevet.com.br\/site\/eletrocardiograma\/#breadcrumb","itemListElement":[{"@type":"ListItem","position":1,"name":"In\u00edcio","item":"https:\/\/mobilevet.com.br\/site\/"},{"@type":"ListItem","position":2,"name":"Eletrocardiograma"}]}]}},"_links":{"self":[{"href":"https:\/\/mobilevet.com.br\/site\/wp-json\/wp\/v2\/pages\/199"}],"collection":[{"href":"https:\/\/mobilevet.com.br\/site\/wp-json\/wp\/v2\/pages"}],"about":[{"href":"https:\/\/mobilevet.com.br\/site\/wp-json\/wp\/v2\/types\/page"}],"author":[{"embeddable":true,"href":"https:\/\/mobilevet.com.br\/site\/wp-json\/wp\/v2\/users\/4"}],"replies":[{"embeddable":true,"href":"https:\/\/mobilevet.com.br\/site\/wp-json\/wp\/v2\/comments?post=199"}],"version-history":[{"count":2,"href":"https:\/\/mobilevet.com.br\/site\/wp-json\/wp\/v2\/pages\/199\/revisions"}],"predecessor-version":[{"id":208,"href":"https:\/\/mobilevet.com.br\/site\/wp-json\/wp\/v2\/pages\/199\/revisions\/208"}],"wp:attachment":[{"href":"https:\/\/mobilevet.com.br\/site\/wp-json\/wp\/v2\/media?parent=199"}],"curies":[{"name":"wp","href":"https:\/\/api.w.org\/{rel}","templated":true}]}}