{"id":2,"date":"2014-02-05T19:30:58","date_gmt":"2014-02-05T19:30:58","guid":{"rendered":"https:\/\/mobilevet.com.br\/site\/?page_id=2"},"modified":"2024-04-23T10:31:53","modified_gmt":"2024-04-23T13:31:53","slug":"quem-somos","status":"publish","type":"page","link":"https:\/\/mobilevet.com.br\/site\/quem-somos\/","title":{"rendered":"Quem Somos"},"content":{"rendered":"\t\t<div data-elementor-type=\"wp-page\" data-elementor-id=\"2\" class=\"elementor elementor-2\" data-elementor-post-type=\"page\">\n\t\t\t\t\t\t\t\t\t<section class=\"elementor-section elementor-top-section elementor-element elementor-element-52e77e32 elementor-section-boxed elementor-section-height-default elementor-section-height-default\" data-id=\"52e77e32\" data-element_type=\"section\">\n\t\t\t\t\t\t<div class=\"elementor-container elementor-column-gap-default\">\n\t\t\t\t\t<div class=\"elementor-column elementor-col-100 elementor-top-column elementor-element elementor-element-681b2d54\" data-id=\"681b2d54\" data-element_type=\"column\">\n\t\t\t<div class=\"elementor-widget-wrap elementor-element-populated\">\n\t\t\t\t\t\t\t\t<div class=\"elementor-element elementor-element-1d6190b8 elementor-widget elementor-widget-text-editor\" data-id=\"1d6190b8\" data-element_type=\"widget\" data-widget_type=\"text-editor.default\">\n\t\t\t\t<div class=\"elementor-widget-container\">\n\t\t\t<style>\/*! elementor - v3.15.0 - 20-08-2023 *\/\n.elementor-widget-text-editor.elementor-drop-cap-view-stacked .elementor-drop-cap{background-color:#69727d;color:#fff}.elementor-widget-text-editor.elementor-drop-cap-view-framed .elementor-drop-cap{color:#69727d;border:3px solid;background-color:transparent}.elementor-widget-text-editor:not(.elementor-drop-cap-view-default) .elementor-drop-cap{margin-top:8px}.elementor-widget-text-editor:not(.elementor-drop-cap-view-default) .elementor-drop-cap-letter{width:1em;height:1em}.elementor-widget-text-editor .elementor-drop-cap{float:left;text-align:center;line-height:1;font-size:50px}.elementor-widget-text-editor .elementor-drop-cap-letter{display:inline-block}<\/style>\t\t\t\t<h1>\u00a0<\/h1><h1><strong><span style=\"color: #008080;\">SOMOS A MOBILEVET DIAGN\u00d3STICOS VETERIN\u00c1RIOS<\/span><\/strong><\/h1><p><span style=\"color: #000000;\">Todos os veterin\u00e1rios, independentemente de suas especialidades, buscam oferecer servi\u00e7os de excel\u00eancia para seus pacientes e tutores e, para isso, procuram ter ao seu lado recursos tecnol\u00f3gicos e profissionais capazes de prover os melhores diagn\u00f3sticos e consultoria especializada.<\/span><\/p><p><span style=\"color: #000000;\"><img loading=\"lazy\" class=\" size-medium wp-image-162 alignright\" src=\"https:\/\/mobilevet.com.br\/site\/wp-content\/uploads\/2014\/02\/q_somos_1-300x202.jpg\" alt=\"q_somos_1\" width=\"300\" height=\"202\" srcset=\"https:\/\/mobilevet.com.br\/site\/wp-content\/uploads\/2014\/02\/q_somos_1-300x202.jpg 300w, https:\/\/mobilevet.com.br\/site\/wp-content\/uploads\/2014\/02\/q_somos_1.jpg 500w\" sizes=\"(max-width: 300px) 100vw, 300px\" \/><\/span><\/p><p><span style=\"color: #000000;\">A <strong>MobileVet<\/strong>, empresa de diagn\u00f3stico veterin\u00e1rio e especialidades, surgiu desta necessidade. Desde 2005, realiza exames de diagn\u00f3stico por imagem diretamente nos consult\u00f3rios e cl\u00ednicas veterin\u00e1rias, garantindo a comodidade do animal de estima\u00e7\u00e3o e do seu tutor, al\u00e9m da possibilidade de elaborar, juntamente com o m\u00e9dico veterin\u00e1rio respons\u00e1vel, diagn\u00f3sticos e condutas com maior efic\u00e1cia. Isto permite uma troca valiosa de informa\u00e7\u00f5es e fortalece o relacionamento t\u00e9cnico\/profissional entre o cl\u00ednico e o especialista.<\/span><\/p><p><span style=\"color: #000000;\">Al\u00e9m dos benef\u00edcios para o cliente e o profissional veterin\u00e1rio, os servi\u00e7os da Mobilevet\u00a0 otimizam a estrutura f\u00edsica existente das cl\u00ednicas, junto com a possibilidade de criar renda extra.<\/span><\/p><p><span style=\"color: #000000;\"><strong>MAS COMO ISSO FUNCIONA?<\/strong><\/span><\/p><p><span style=\"color: #000000;\">Ap\u00f3s o contato das cl\u00ednicas veterin\u00e1rias com nossa central de atendimento, agendamos e enviamos nossa equipe para realizar os exames\/consultorias, que ser\u00e3o avaliados junto com o profissional respons\u00e1vel, permitindo que os dados cl\u00ednicos, somados \u00e0s solu\u00e7\u00f5es trazidas, permitam chegar a hip\u00f3teses diagn\u00f3sticas mais assertivas e\/ou diagn\u00f3sticos definitivos. No final, todo mundo ganha com essa rela\u00e7\u00e3o, principalmente o nosso paciente!<\/span><\/p><p><span style=\"color: #000000;\"><a style=\"color: #000000;\" href=\"https:\/\/mobilevet.com.br\/site\/wp-content\/uploads\/2014\/02\/processo-trabalho-mobilevet.png\"><img loading=\"lazy\" class=\" size-full wp-image-819 aligncenter\" src=\"https:\/\/mobilevet.com.br\/site\/wp-content\/uploads\/2014\/02\/processo-trabalho-mobilevet.png\" alt=\"processo-trabalho-mobilevet\" width=\"700\" height=\"162\" srcset=\"https:\/\/mobilevet.com.br\/site\/wp-content\/uploads\/2014\/02\/processo-trabalho-mobilevet.png 700w, https:\/\/mobilevet.com.br\/site\/wp-content\/uploads\/2014\/02\/processo-trabalho-mobilevet-300x69.png 300w\" sizes=\"(max-width: 700px) 100vw, 700px\" \/><\/a><\/span><\/p><p><span style=\"color: #000000;\">Nosso foco est\u00e1 na qualidade de nosso atendimento e relacionamento, para que possamos levar, cada vez mais, excel\u00eancia aos nossos clientes. Por isso, nossa equipe \u00e9 altamente capacitada, especializada e est\u00e1 constantemente em treinamento, visando a padroniza\u00e7\u00e3o dos procedimentos, o aumento de conhecimento t\u00e9cnico e a educa\u00e7\u00e3o continuada. Os treinamentos s\u00e3o realizados em parceria com o <strong>Clube dos Vira-Latas<\/strong>, uma ONG que fornece espa\u00e7o e pacientes para o treinamento, gerando beneficiamento m\u00fatuo.<\/span><\/p><p><span style=\"color: #000000;\">A Mobilevet disponibiliza os laudos e relat\u00f3rios de consultoria em at\u00e9 24 horas.<\/span><\/p><p><span style=\"color: #000000;\"><strong>ESTAMOS PRONTOS PARA AJUDAR A ELEVAR OS SERVI\u00c7OS DE SUA CL\u00cdNICA!<\/strong><\/span><\/p>\t\t\t\t\t\t<\/div>\n\t\t\t\t<\/div>\n\t\t\t\t\t<\/div>\n\t\t<\/div>\n\t\t\t\t\t\t\t<\/div>\n\t\t<\/section>\n\t\t\t\t\t\t\t<\/div>\n\t\t","protected":false},"excerpt":{"rendered":"<p>\u00a0 SOMOS A MOBILEVET DIAGN\u00d3STICOS VETERIN\u00c1RIOS Todos os veterin\u00e1rios, independentemente de suas especialidades, buscam oferecer servi\u00e7os de excel\u00eancia para seus pacientes e tutores e, para isso,<span class=\"excerpt-hellip\"> [\u2026]<\/span><\/p>\n","protected":false},"author":9,"featured_media":0,"parent":0,"menu_order":0,"comment_status":"open","ping_status":"open","template":"","meta":{"_joinchat":[]},"yoast_head":"<!-- This site is optimized with the Yoast SEO plugin v18.7 - https:\/\/yoast.com\/wordpress\/plugins\/seo\/ -->\n<title>- Mobile Vet<\/title>\n<meta name=\"robots\" content=\"index, follow, max-snippet:-1, max-image-preview:large, max-video-preview:-1\" \/>\n<link rel=\"canonical\" href=\"https:\/\/mobilevet.com.br\/site\/quem-somos\/\" \/>\n<meta property=\"og:locale\" content=\"pt_BR\" \/>\n<meta property=\"og:type\" content=\"article\" \/>\n<meta property=\"og:title\" content=\"- Mobile Vet\" \/>\n<meta property=\"og:description\" content=\"\u00a0 SOMOS A MOBILEVET DIAGN\u00d3STICOS VETERIN\u00c1RIOS Todos os veterin\u00e1rios, independentemente de suas especialidades, buscam oferecer servi\u00e7os de excel\u00eancia para seus pacientes e tutores e, para isso, [\u2026]\" \/>\n<meta property=\"og:url\" content=\"https:\/\/mobilevet.com.br\/site\/quem-somos\/\" \/>\n<meta property=\"og:site_name\" content=\"Mobile Vet\" \/>\n<meta property=\"article:modified_time\" content=\"2024-04-23T13:31:53+00:00\" \/>\n<meta property=\"og:image\" content=\"https:\/\/mobilevet.com.br\/site\/wp-content\/uploads\/2014\/02\/q_somos_1-300x202.jpg\" \/>\n<meta name=\"twitter:card\" content=\"summary_large_image\" \/>\n<meta name=\"twitter:label1\" content=\"Est. tempo de leitura\" \/>\n\t<meta name=\"twitter:data1\" content=\"3 minutos\" \/>\n<script type=\"application\/ld+json\" class=\"yoast-schema-graph\">{\"@context\":\"https:\/\/schema.org\",\"@graph\":[{\"@type\":\"WebSite\",\"@id\":\"https:\/\/mobilevet.com.br\/site\/#website\",\"url\":\"https:\/\/mobilevet.com.br\/site\/\",\"name\":\"Mobile Vet\",\"description\":\"Exames de diagn\u00f3sticos veterin\u00e1rios e consultoria cardiol\u00f3gica\",\"potentialAction\":[{\"@type\":\"SearchAction\",\"target\":{\"@type\":\"EntryPoint\",\"urlTemplate\":\"https:\/\/mobilevet.com.br\/site\/?s={search_term_string}\"},\"query-input\":\"required name=search_term_string\"}],\"inLanguage\":\"pt-BR\"},{\"@type\":\"ImageObject\",\"inLanguage\":\"pt-BR\",\"@id\":\"https:\/\/mobilevet.com.br\/site\/quem-somos\/#primaryimage\",\"url\":\"https:\/\/mobilevet.com.br\/site\/wp-content\/uploads\/2014\/02\/q_somos_1.jpg\",\"contentUrl\":\"https:\/\/mobilevet.com.br\/site\/wp-content\/uploads\/2014\/02\/q_somos_1.jpg\",\"width\":500,\"height\":337},{\"@type\":\"WebPage\",\"@id\":\"https:\/\/mobilevet.com.br\/site\/quem-somos\/#webpage\",\"url\":\"https:\/\/mobilevet.com.br\/site\/quem-somos\/\",\"name\":\"- Mobile Vet\",\"isPartOf\":{\"@id\":\"https:\/\/mobilevet.com.br\/site\/#website\"},\"primaryImageOfPage\":{\"@id\":\"https:\/\/mobilevet.com.br\/site\/quem-somos\/#primaryimage\"},\"datePublished\":\"2014-02-05T19:30:58+00:00\",\"dateModified\":\"2024-04-23T13:31:53+00:00\",\"breadcrumb\":{\"@id\":\"https:\/\/mobilevet.com.br\/site\/quem-somos\/#breadcrumb\"},\"inLanguage\":\"pt-BR\",\"potentialAction\":[{\"@type\":\"ReadAction\",\"target\":[\"https:\/\/mobilevet.com.br\/site\/quem-somos\/\"]}]},{\"@type\":\"BreadcrumbList\",\"@id\":\"https:\/\/mobilevet.com.br\/site\/quem-somos\/#breadcrumb\",\"itemListElement\":[{\"@type\":\"ListItem\",\"position\":1,\"name\":\"In\u00edcio\",\"item\":\"https:\/\/mobilevet.com.br\/site\/\"},{\"@type\":\"ListItem\",\"position\":2,\"name\":\"Quem Somos\"}]}]}<\/script>\n<!-- \/ Yoast SEO plugin. -->","yoast_head_json":{"title":"- Mobile Vet","robots":{"index":"index","follow":"follow","max-snippet":"max-snippet:-1","max-image-preview":"max-image-preview:large","max-video-preview":"max-video-preview:-1"},"canonical":"https:\/\/mobilevet.com.br\/site\/quem-somos\/","og_locale":"pt_BR","og_type":"article","og_title":"- Mobile Vet","og_description":"\u00a0 SOMOS A MOBILEVET DIAGN\u00d3STICOS VETERIN\u00c1RIOS Todos os veterin\u00e1rios, independentemente de suas especialidades, buscam oferecer servi\u00e7os de excel\u00eancia para seus pacientes e tutores e, para isso, [\u2026]","og_url":"https:\/\/mobilevet.com.br\/site\/quem-somos\/","og_site_name":"Mobile Vet","article_modified_time":"2024-04-23T13:31:53+00:00","og_image":[{"url":"https:\/\/mobilevet.com.br\/site\/wp-content\/uploads\/2014\/02\/q_somos_1-300x202.jpg"}],"twitter_card":"summary_large_image","twitter_misc":{"Est. tempo de leitura":"3 minutos"},"schema":{"@context":"https:\/\/schema.org","@graph":[{"@type":"WebSite","@id":"https:\/\/mobilevet.com.br\/site\/#website","url":"https:\/\/mobilevet.com.br\/site\/","name":"Mobile Vet","description":"Exames de diagn\u00f3sticos veterin\u00e1rios e consultoria cardiol\u00f3gica","potentialAction":[{"@type":"SearchAction","target":{"@type":"EntryPoint","urlTemplate":"https:\/\/mobilevet.com.br\/site\/?s={search_term_string}"},"query-input":"required name=search_term_string"}],"inLanguage":"pt-BR"},{"@type":"ImageObject","inLanguage":"pt-BR","@id":"https:\/\/mobilevet.com.br\/site\/quem-somos\/#primaryimage","url":"https:\/\/mobilevet.com.br\/site\/wp-content\/uploads\/2014\/02\/q_somos_1.jpg","contentUrl":"https:\/\/mobilevet.com.br\/site\/wp-content\/uploads\/2014\/02\/q_somos_1.jpg","width":500,"height":337},{"@type":"WebPage","@id":"https:\/\/mobilevet.com.br\/site\/quem-somos\/#webpage","url":"https:\/\/mobilevet.com.br\/site\/quem-somos\/","name":"- Mobile Vet","isPartOf":{"@id":"https:\/\/mobilevet.com.br\/site\/#website"},"primaryImageOfPage":{"@id":"https:\/\/mobilevet.com.br\/site\/quem-somos\/#primaryimage"},"datePublished":"2014-02-05T19:30:58+00:00","dateModified":"2024-04-23T13:31:53+00:00","breadcrumb":{"@id":"https:\/\/mobilevet.com.br\/site\/quem-somos\/#breadcrumb"},"inLanguage":"pt-BR","potentialAction":[{"@type":"ReadAction","target":["https:\/\/mobilevet.com.br\/site\/quem-somos\/"]}]},{"@type":"BreadcrumbList","@id":"https:\/\/mobilevet.com.br\/site\/quem-somos\/#breadcrumb","itemListElement":[{"@type":"ListItem","position":1,"name":"In\u00edcio","item":"https:\/\/mobilevet.com.br\/site\/"},{"@type":"ListItem","position":2,"name":"Quem Somos"}]}]}},"_links":{"self":[{"href":"https:\/\/mobilevet.com.br\/site\/wp-json\/wp\/v2\/pages\/2"}],"collection":[{"href":"https:\/\/mobilevet.com.br\/site\/wp-json\/wp\/v2\/pages"}],"about":[{"href":"https:\/\/mobilevet.com.br\/site\/wp-json\/wp\/v2\/types\/page"}],"author":[{"embeddable":true,"href":"https:\/\/mobilevet.com.br\/site\/wp-json\/wp\/v2\/users\/9"}],"replies":[{"embeddable":true,"href":"https:\/\/mobilevet.com.br\/site\/wp-json\/wp\/v2\/comments?post=2"}],"version-history":[{"count":19,"href":"https:\/\/mobilevet.com.br\/site\/wp-json\/wp\/v2\/pages\/2\/revisions"}],"predecessor-version":[{"id":2659,"href":"https:\/\/mobilevet.com.br\/site\/wp-json\/wp\/v2\/pages\/2\/revisions\/2659"}],"wp:attachment":[{"href":"https:\/\/mobilevet.com.br\/site\/wp-json\/wp\/v2\/media?parent=2"}],"curies":[{"name":"wp","href":"https:\/\/api.w.org\/{rel}","templated":true}]}}