{"id":205,"date":"2014-02-25T16:44:19","date_gmt":"2014-02-25T19:44:19","guid":{"rendered":"https:\/\/mobilevet.com.br\/site\/?page_id=205"},"modified":"2014-03-18T16:10:42","modified_gmt":"2014-03-18T19:10:42","slug":"consultoria-cardiologica","status":"publish","type":"page","link":"https:\/\/mobilevet.com.br\/site\/consultoria-cardiologica\/","title":{"rendered":"Consultoria Cardiol\u00f3gica"},"content":{"rendered":"<p><strong>Indica\u00e7\u00f5es:<\/strong><\/p>\n<ul>\n<li>Pacientes com altera\u00e7\u00e3o no ecocardiograma, eletrocardiograma, press\u00e3o arterial ou sinal cl\u00ednico de cardiopatia.<\/li>\n<\/ul>\n<p><strong>Vantagem:<\/strong><\/p>\n<ul>\n<li>Oferecer em sua cl\u00ednica um servi\u00e7o de especialidade em cardiologia.<\/li>\n<\/ul>\n<p><b>Preparo do paciente:<\/b><\/p>\n<ul>\n<li>\u00a0Encaminhamento do cl\u00ednico;<\/li>\n<li>Trazer exames anterior sempre que dispon\u00edveis.<\/li>\n<\/ul>\n","protected":false},"excerpt":{"rendered":"<p>Indica\u00e7\u00f5es: Pacientes com altera\u00e7\u00e3o no ecocardiograma, eletrocardiograma, press\u00e3o arterial ou sinal cl\u00ednico de cardiopatia. Vantagem: Oferecer em sua cl\u00ednica um servi\u00e7o de especialidade em cardiologia. Preparo<span class=\"excerpt-hellip\"> [\u2026]<\/span><\/p>\n","protected":false},"author":4,"featured_media":0,"parent":0,"menu_order":0,"comment_status":"open","ping_status":"open","template":"","meta":{"_joinchat":[]},"yoast_head":"<!-- This site is optimized with the Yoast SEO plugin v18.7 - https:\/\/yoast.com\/wordpress\/plugins\/seo\/ -->\n<title>- Mobile Vet<\/title>\n<meta name=\"robots\" content=\"index, follow, max-snippet:-1, max-image-preview:large, max-video-preview:-1\" \/>\n<link rel=\"canonical\" href=\"https:\/\/mobilevet.com.br\/site\/consultoria-cardiologica\/\" \/>\n<meta property=\"og:locale\" content=\"pt_BR\" \/>\n<meta property=\"og:type\" content=\"article\" \/>\n<meta property=\"og:title\" content=\"- Mobile Vet\" \/>\n<meta property=\"og:description\" content=\"Indica\u00e7\u00f5es: Pacientes com altera\u00e7\u00e3o no ecocardiograma, eletrocardiograma, press\u00e3o arterial ou sinal cl\u00ednico de cardiopatia. Vantagem: Oferecer em sua cl\u00ednica um servi\u00e7o de especialidade em cardiologia. Preparo [\u2026]\" \/>\n<meta property=\"og:url\" content=\"https:\/\/mobilevet.com.br\/site\/consultoria-cardiologica\/\" \/>\n<meta property=\"og:site_name\" content=\"Mobile Vet\" \/>\n<meta property=\"article:modified_time\" content=\"2014-03-18T19:10:42+00:00\" \/>\n<meta name=\"twitter:card\" content=\"summary_large_image\" \/>\n<script type=\"application\/ld+json\" class=\"yoast-schema-graph\">{\"@context\":\"https:\/\/schema.org\",\"@graph\":[{\"@type\":\"WebSite\",\"@id\":\"https:\/\/mobilevet.com.br\/site\/#website\",\"url\":\"https:\/\/mobilevet.com.br\/site\/\",\"name\":\"Mobile Vet\",\"description\":\"Exames de diagn\u00f3sticos veterin\u00e1rios e consultoria cardiol\u00f3gica\",\"potentialAction\":[{\"@type\":\"SearchAction\",\"target\":{\"@type\":\"EntryPoint\",\"urlTemplate\":\"https:\/\/mobilevet.com.br\/site\/?s={search_term_string}\"},\"query-input\":\"required name=search_term_string\"}],\"inLanguage\":\"pt-BR\"},{\"@type\":\"WebPage\",\"@id\":\"https:\/\/mobilevet.com.br\/site\/consultoria-cardiologica\/#webpage\",\"url\":\"https:\/\/mobilevet.com.br\/site\/consultoria-cardiologica\/\",\"name\":\"- Mobile Vet\",\"isPartOf\":{\"@id\":\"https:\/\/mobilevet.com.br\/site\/#website\"},\"datePublished\":\"2014-02-25T19:44:19+00:00\",\"dateModified\":\"2014-03-18T19:10:42+00:00\",\"breadcrumb\":{\"@id\":\"https:\/\/mobilevet.com.br\/site\/consultoria-cardiologica\/#breadcrumb\"},\"inLanguage\":\"pt-BR\",\"potentialAction\":[{\"@type\":\"ReadAction\",\"target\":[\"https:\/\/mobilevet.com.br\/site\/consultoria-cardiologica\/\"]}]},{\"@type\":\"BreadcrumbList\",\"@id\":\"https:\/\/mobilevet.com.br\/site\/consultoria-cardiologica\/#breadcrumb\",\"itemListElement\":[{\"@type\":\"ListItem\",\"position\":1,\"name\":\"In\u00edcio\",\"item\":\"https:\/\/mobilevet.com.br\/site\/\"},{\"@type\":\"ListItem\",\"position\":2,\"name\":\"Consultoria Cardiol\u00f3gica\"}]}]}<\/script>\n<!-- \/ Yoast SEO plugin. -->","yoast_head_json":{"title":"- Mobile Vet","robots":{"index":"index","follow":"follow","max-snippet":"max-snippet:-1","max-image-preview":"max-image-preview:large","max-video-preview":"max-video-preview:-1"},"canonical":"https:\/\/mobilevet.com.br\/site\/consultoria-cardiologica\/","og_locale":"pt_BR","og_type":"article","og_title":"- Mobile Vet","og_description":"Indica\u00e7\u00f5es: Pacientes com altera\u00e7\u00e3o no ecocardiograma, eletrocardiograma, press\u00e3o arterial ou sinal cl\u00ednico de cardiopatia. Vantagem: Oferecer em sua cl\u00ednica um servi\u00e7o de especialidade em cardiologia. Preparo [\u2026]","og_url":"https:\/\/mobilevet.com.br\/site\/consultoria-cardiologica\/","og_site_name":"Mobile Vet","article_modified_time":"2014-03-18T19:10:42+00:00","twitter_card":"summary_large_image","schema":{"@context":"https:\/\/schema.org","@graph":[{"@type":"WebSite","@id":"https:\/\/mobilevet.com.br\/site\/#website","url":"https:\/\/mobilevet.com.br\/site\/","name":"Mobile Vet","description":"Exames de diagn\u00f3sticos veterin\u00e1rios e consultoria cardiol\u00f3gica","potentialAction":[{"@type":"SearchAction","target":{"@type":"EntryPoint","urlTemplate":"https:\/\/mobilevet.com.br\/site\/?s={search_term_string}"},"query-input":"required name=search_term_string"}],"inLanguage":"pt-BR"},{"@type":"WebPage","@id":"https:\/\/mobilevet.com.br\/site\/consultoria-cardiologica\/#webpage","url":"https:\/\/mobilevet.com.br\/site\/consultoria-cardiologica\/","name":"- Mobile Vet","isPartOf":{"@id":"https:\/\/mobilevet.com.br\/site\/#website"},"datePublished":"2014-02-25T19:44:19+00:00","dateModified":"2014-03-18T19:10:42+00:00","breadcrumb":{"@id":"https:\/\/mobilevet.com.br\/site\/consultoria-cardiologica\/#breadcrumb"},"inLanguage":"pt-BR","potentialAction":[{"@type":"ReadAction","target":["https:\/\/mobilevet.com.br\/site\/consultoria-cardiologica\/"]}]},{"@type":"BreadcrumbList","@id":"https:\/\/mobilevet.com.br\/site\/consultoria-cardiologica\/#breadcrumb","itemListElement":[{"@type":"ListItem","position":1,"name":"In\u00edcio","item":"https:\/\/mobilevet.com.br\/site\/"},{"@type":"ListItem","position":2,"name":"Consultoria Cardiol\u00f3gica"}]}]}},"_links":{"self":[{"href":"https:\/\/mobilevet.com.br\/site\/wp-json\/wp\/v2\/pages\/205"}],"collection":[{"href":"https:\/\/mobilevet.com.br\/site\/wp-json\/wp\/v2\/pages"}],"about":[{"href":"https:\/\/mobilevet.com.br\/site\/wp-json\/wp\/v2\/types\/page"}],"author":[{"embeddable":true,"href":"https:\/\/mobilevet.com.br\/site\/wp-json\/wp\/v2\/users\/4"}],"replies":[{"embeddable":true,"href":"https:\/\/mobilevet.com.br\/site\/wp-json\/wp\/v2\/comments?post=205"}],"version-history":[{"count":5,"href":"https:\/\/mobilevet.com.br\/site\/wp-json\/wp\/v2\/pages\/205\/revisions"}],"predecessor-version":[{"id":242,"href":"https:\/\/mobilevet.com.br\/site\/wp-json\/wp\/v2\/pages\/205\/revisions\/242"}],"wp:attachment":[{"href":"https:\/\/mobilevet.com.br\/site\/wp-json\/wp\/v2\/media?parent=205"}],"curies":[{"name":"wp","href":"https:\/\/api.w.org\/{rel}","templated":true}]}}