{"id":2253,"date":"2022-09-05T21:13:12","date_gmt":"2022-09-06T00:13:12","guid":{"rendered":"https:\/\/mobilevet.com.br\/site\/ultrassonografia-abdominal-em-sao-bernardo-do-campo\/"},"modified":"2022-09-05T21:13:12","modified_gmt":"2022-09-06T00:13:12","slug":"ultrassonografia-abdominal-em-sao-bernardo-do-campo","status":"publish","type":"page","link":"https:\/\/mobilevet.com.br\/site\/ultrassonografia-abdominal-em-sao-bernardo-do-campo\/","title":{"rendered":"Ultrassonografia Abdominal em S\u00e3o Bernardo do Campo"},"content":{"rendered":"<div class=\"section the_content has_content\">\n<div class=\"section_wrapper\">\n<div class=\"the_content_wrapper \">\n<p><b>Buscando Ultrassonografia Abdominal em S\u00e3o Bernardo do Campo?<\/b><\/p>\n<h2>Realizamos exames de diagn\u00f3stico veterin\u00e1rio em seu estabelecimento!<\/h2>\n<p>Com equipamentos modernos e uma equipe de especialistas em ultrassom abdominal veterin\u00e1rio, a <a href=\"https:\/\/mobilevet.com.br\/site\/quem-somos\">Mobile Vet<\/a> vai at\u00e9 voc\u00ea para realizar exames de diagn\u00f3stico.<\/p>\n<p>Nosso diferencial \u00e9 elaborar, juntamente com o m\u00e9dico veterin\u00e1rio respons\u00e1vel, diagn\u00f3sticos e condutas com maior efic\u00e1cia. Isto permite uma troca valiosa de informa\u00e7\u00f5es e fortalece o relacionamento t\u00e9cnico\/profissional entre o cl\u00ednico e o especialista.<\/p>\n<p>O exame de ultrassom abdominal veterin\u00e1rio \u00e9 amplamente difundido como meio de diagn\u00f3stico complementar que permite o estudo da morfologia das estruturas internas e o fluxo sangu\u00edneo, aumentando a precis\u00e3o dos resultados.<\/p>\n<p><strong>Indica\u00e7\u00f5es do ultrassom abdominal:<br \/>\n<\/strong>.Aumento de volume abdominal<br \/>\n.Massa abdominal palp\u00e1vel<br \/>\n.Emagrecimento progressivo<br \/>\n.Pesquisa de met\u00e1stase<br \/>\n.Febre de origem desconhecida<br \/>\n.Suspeita de processo obstrutivo<br \/>\n.Dis\u00faria, an\u00faria<br \/>\n.Anorexia, \u00eamese<\/p>\n<p><strong>Informa\u00e7\u00f5es obtidas pelo ultrassom:<br \/>\n<\/strong>.Posi\u00e7\u00e3o, dimens\u00f5es, forma e contorno dos \u00f3rg\u00e3os<br \/>\n.Vasculariza\u00e7\u00e3o<br \/>\n.Ecogenicidade<br \/>\n.Arquitetura interna<br \/>\n.Condi\u00e7\u00f5es das paredes e caracter\u00edsticas dos \u00f3rg\u00e3os cavit\u00e1rios<\/p>\n<p><strong>Vantagens da Ultrassonografia Abdominal em S\u00e3o Bernardo do Campo:<br \/>\n<\/strong>.Indolor<br \/>\n.N\u00e3o invasivo<br \/>\n.N\u00e3o ionizante<br \/>\n.Visibiliza objetos radioluscentes (ur\u00f3litos de urato e cistina)<br \/>\n.Diagn\u00f3stico precoce de gesta\u00e7\u00e3o<br \/>\n.Exame em tempo real (vitalidade fetal e movimentos perist\u00e1lticos)<\/p>\n<p><strong>Limita\u00e7\u00f5es:<br \/>\n<\/strong>.Animais obesos<br \/>\n.Reple\u00e7\u00e3o vesical inadequada<br \/>\n.TGI com grande quantidade de g\u00e1s<br \/>\n.Baixa especificidade para les\u00f5es focais<br \/>\n.Baixa sensibilidade para algumas doen\u00e7as infiltrativas (linfossarcoma)<br \/>\n.N\u00e3o distingue les\u00e3o benigna de maligna<br \/>\n.Nem sempre permite diagn\u00f3stico definitivo<br \/>\n.Achados normais n\u00e3o excluem a doen\u00e7a<br \/>\n.N\u00e3o avalia a fun\u00e7\u00e3o dos \u00f3rg\u00e3os<\/p>\n<p><strong>Preparo do paciente para Ultrassonografia Abdominal em S\u00e3o Bernardo do Campo:<br \/>\n<\/strong>Jejum alimentar de 8 horas e n\u00e3o ingest\u00e3o de leite, visando esvaziar o trato gastrintestinal e diminuir a produ\u00e7\u00e3o de gases que prejudicam a qualidade das imagens, uma vez que o g\u00e1s \u00e9 uma barreira para o ultrassom.<\/p>\n<p>Fornecer \u00e1gua \u00e0 vontade, caldo de carne ou de frango.<\/p>\n<p>Evitar a mic\u00e7\u00e3o, se poss\u00edvel, por 1 ou 2 horas antes do exame, para a avalia\u00e7\u00e3o da imagem da bexiga urin\u00e1ria e facilitar o estudo do \u00fatero, pr\u00f3stata, test\u00edculos ect\u00f3picos e demais \u00f3rg\u00e3os da cavidade abdominal.<\/p>\n<p>Administrar ao paciente dimeticona (Luftal\u00ae) oito horas e duas horas antes do exame para a facilitar o estudo do \u00fatero, ov\u00e1rios, adrenais, pr\u00f3stata, test\u00edculos ect\u00f3picos e demais \u00f3rg\u00e3os da cavidade abdominal.<\/p>\n<p>Tricotomia da regi\u00e3o a ser examinada.<\/p>\n<p><iframe loading=\"lazy\" src=\"\/\/www.youtube.com\/embed\/Y3E2KzWmx1Y\" width=\"560\" height=\"314\" allowfullscreen=\"allowfullscreen\"><\/iframe><\/p>\n<p>Al\u00e9m dos benef\u00edcios para o cliente e o profissional veterin\u00e1rio, os servi\u00e7os da <a href=\"https:\/\/mobilevet.com.br\/site\/quem-somos\">Mobile Vet<\/a> otimizam a estrutura f\u00edsica existente das cl\u00ednicas, junto com a possibilidade de criar renda extra.<\/p>\n<p><iframe loading=\"lazy\" src=\"\/\/www.youtube.com\/embed\/MywpoqKSuHw\" width=\"560\" height=\"314\" allowfullscreen=\"allowfullscreen\"><\/iframe><\/p>\n<p><a href=\"https:\/\/mobilevet.com.br\/site\/contato\">Clique aqui<\/a> e fale agora mesmo com nossa equipe sem compromisso!<\/p>\n<p><strong>Se busca <b>Ultrassonografia Abdominal em S\u00e3o Bernardo do Campo<\/b> &#8211; saiba mais sobre a MobileVet:<\/strong><\/p>\n<\/div>\n<div class=\"section the_content has_content\">\n<div class=\"section_wrapper\">\n<div class=\"the_content_wrapper is-elementor\">\n<p>Todos os veterin\u00e1rios, independentemente de suas especialidades, buscam oferecer servi\u00e7os de excel\u00eancia para seus pacientes e tutores e, para isso, procuram ter ao seu lado recursos tecnol\u00f3gicos e profissionais capazes de prover os melhores diagn\u00f3sticos e consultoria especializada.<\/p>\n<p><img loading=\"lazy\" class=\" size-medium wp-image-162 alignright\" src=\"https:\/\/mobilevet.com.br\/site\/wp-content\/uploads\/2014\/02\/q_somos_1-300x202.jpg\" sizes=\"(max-width: 300px) 100vw, 300px\" srcset=\"https:\/\/mobilevet.com.br\/site\/wp-content\/uploads\/2014\/02\/q_somos_1-300x202.jpg 300w, https:\/\/mobilevet.com.br\/site\/wp-content\/uploads\/2014\/02\/q_somos_1.jpg 500w\" alt=\"q_somos_1\" width=\"300\" height=\"202\" \/><\/p>\n<p>A <strong>MobileVet<\/strong>, empresa de diagn\u00f3stico veterin\u00e1rio e especialidades, surgiu desta necessidade. Desde 2005, realiza exames de diagn\u00f3stico por imagem diretamente nos consult\u00f3rios e cl\u00ednicas veterin\u00e1rias, garantindo a comodidade do animal de estima\u00e7\u00e3o e do seu tutor, al\u00e9m da possibilidade de elaborar, juntamente com o m\u00e9dico veterin\u00e1rio respons\u00e1vel, diagn\u00f3sticos e condutas com maior efic\u00e1cia. Isto permite uma troca valiosa de informa\u00e7\u00f5es e fortalece o relacionamento t\u00e9cnico\/profissional entre o cl\u00ednico e o especialista.<\/p>\n<p>Al\u00e9m dos benef\u00edcios para o cliente e o profissional veterin\u00e1rio, os servi\u00e7os da Mobilevet\u00a0 otimizam a estrutura f\u00edsica existente das cl\u00ednicas, junto com a possibilidade de criar renda extra.<\/p>\n<p><strong>MAS COMO ISSO FUNCIONA?<\/strong><\/p>\n<p>Ap\u00f3s o contato das cl\u00ednicas veterin\u00e1rias com nossa central de atendimento, agendamos e enviamos nossa equipe para realizar os exames\/consultorias, que ser\u00e3o avaliados junto com o profissional respons\u00e1vel, permitindo que os dados cl\u00ednicos, somados \u00e0s solu\u00e7\u00f5es trazidas, permitam chegar a hip\u00f3teses diagn\u00f3sticas mais assertivas e\/ou diagn\u00f3sticos definitivos. No final, todo mundo ganha com essa rela\u00e7\u00e3o, principalmente o nosso paciente!<\/p>\n<p><a href=\"https:\/\/mobilevet.com.br\/site\/wp-content\/uploads\/2014\/02\/processo-trabalho-mobilevet.png\"><img loading=\"lazy\" class=\" size-full wp-image-819 aligncenter\" src=\"https:\/\/mobilevet.com.br\/site\/wp-content\/uploads\/2014\/02\/processo-trabalho-mobilevet.png\" sizes=\"(max-width: 700px) 100vw, 700px\" srcset=\"https:\/\/mobilevet.com.br\/site\/wp-content\/uploads\/2014\/02\/processo-trabalho-mobilevet.png 700w, https:\/\/mobilevet.com.br\/site\/wp-content\/uploads\/2014\/02\/processo-trabalho-mobilevet-300x69.png 300w\" alt=\"processo-trabalho-mobilevet\" width=\"700\" height=\"162\" \/><\/a><\/p>\n<p>Nosso foco est\u00e1 na qualidade de nosso atendimento e relacionamento, para que possamos levar, cada vez mais, excel\u00eancia aos nossos clientes. Por isso, nossa equipe \u00e9 altamente capacitada, especializada e est\u00e1 constantemente em treinamento, visando a padroniza\u00e7\u00e3o dos procedimentos, o aumento de conhecimento t\u00e9cnico e a educa\u00e7\u00e3o continuada. Os treinamentos s\u00e3o realizados em parceria com o <strong>Clube dos Vira-Latas<\/strong>, uma ONG que fornece espa\u00e7o e pacientes para o treinamento, gerando beneficiamento m\u00fatuo.<\/p>\n<p>A Mobilevet disponibiliza os laudos e relat\u00f3rios de consultoria em at\u00e9 24 horas.<\/p>\n<p><strong>ESTAMOS PRONTOS PARA AJUDAR A ELEVAR OS SERVI\u00c7OS DE SUA CL\u00cdNICA!<\/strong><\/p>\n<\/div>\n<\/div>\n<\/div>\n<\/div>\n<\/div>\n","protected":false},"excerpt":{"rendered":"<p>Buscando Ultrassonografia Abdominal em S\u00e3o Bernardo do Campo? Realizamos exames de diagn\u00f3stico veterin\u00e1rio em seu estabelecimento! Com equipamentos modernos e uma equipe de especialistas em ultrassom<span class=\"excerpt-hellip\"> [\u2026]<\/span><\/p>\n","protected":false},"author":9,"featured_media":0,"parent":0,"menu_order":0,"comment_status":"closed","ping_status":"closed","template":"","meta":{"_joinchat":[]},"yoast_head":"<!-- This site is optimized with the Yoast SEO plugin v18.7 - https:\/\/yoast.com\/wordpress\/plugins\/seo\/ -->\n<title>- Mobile Vet<\/title>\n<meta name=\"robots\" content=\"index, follow, max-snippet:-1, max-image-preview:large, max-video-preview:-1\" \/>\n<link rel=\"canonical\" href=\"https:\/\/mobilevet.com.br\/site\/ultrassonografia-abdominal-em-sao-bernardo-do-campo\/\" \/>\n<meta property=\"og:locale\" content=\"pt_BR\" \/>\n<meta property=\"og:type\" content=\"article\" \/>\n<meta property=\"og:title\" content=\"- Mobile Vet\" \/>\n<meta property=\"og:description\" content=\"Buscando Ultrassonografia Abdominal em S\u00e3o Bernardo do Campo? Realizamos exames de diagn\u00f3stico veterin\u00e1rio em seu estabelecimento! Com equipamentos modernos e uma equipe de especialistas em ultrassom [\u2026]\" \/>\n<meta property=\"og:url\" content=\"https:\/\/mobilevet.com.br\/site\/ultrassonografia-abdominal-em-sao-bernardo-do-campo\/\" \/>\n<meta property=\"og:site_name\" content=\"Mobile Vet\" \/>\n<meta property=\"og:image\" content=\"https:\/\/mobilevet.com.br\/site\/wp-content\/uploads\/2014\/02\/q_somos_1-300x202.jpg\" \/>\n<meta name=\"twitter:card\" content=\"summary_large_image\" \/>\n<meta name=\"twitter:label1\" content=\"Est. tempo de leitura\" \/>\n\t<meta name=\"twitter:data1\" content=\"3 minutos\" \/>\n<script type=\"application\/ld+json\" class=\"yoast-schema-graph\">{\"@context\":\"https:\/\/schema.org\",\"@graph\":[{\"@type\":\"WebSite\",\"@id\":\"https:\/\/mobilevet.com.br\/site\/#website\",\"url\":\"https:\/\/mobilevet.com.br\/site\/\",\"name\":\"Mobile Vet\",\"description\":\"Exames de diagn\u00f3sticos veterin\u00e1rios e consultoria cardiol\u00f3gica\",\"potentialAction\":[{\"@type\":\"SearchAction\",\"target\":{\"@type\":\"EntryPoint\",\"urlTemplate\":\"https:\/\/mobilevet.com.br\/site\/?s={search_term_string}\"},\"query-input\":\"required name=search_term_string\"}],\"inLanguage\":\"pt-BR\"},{\"@type\":\"ImageObject\",\"inLanguage\":\"pt-BR\",\"@id\":\"https:\/\/mobilevet.com.br\/site\/ultrassonografia-abdominal-em-sao-bernardo-do-campo\/#primaryimage\",\"url\":\"https:\/\/mobilevet.com.br\/site\/wp-content\/uploads\/2014\/02\/q_somos_1.jpg\",\"contentUrl\":\"https:\/\/mobilevet.com.br\/site\/wp-content\/uploads\/2014\/02\/q_somos_1.jpg\",\"width\":500,\"height\":337},{\"@type\":\"WebPage\",\"@id\":\"https:\/\/mobilevet.com.br\/site\/ultrassonografia-abdominal-em-sao-bernardo-do-campo\/#webpage\",\"url\":\"https:\/\/mobilevet.com.br\/site\/ultrassonografia-abdominal-em-sao-bernardo-do-campo\/\",\"name\":\"- Mobile Vet\",\"isPartOf\":{\"@id\":\"https:\/\/mobilevet.com.br\/site\/#website\"},\"primaryImageOfPage\":{\"@id\":\"https:\/\/mobilevet.com.br\/site\/ultrassonografia-abdominal-em-sao-bernardo-do-campo\/#primaryimage\"},\"datePublished\":\"2022-09-06T00:13:12+00:00\",\"dateModified\":\"2022-09-06T00:13:12+00:00\",\"breadcrumb\":{\"@id\":\"https:\/\/mobilevet.com.br\/site\/ultrassonografia-abdominal-em-sao-bernardo-do-campo\/#breadcrumb\"},\"inLanguage\":\"pt-BR\",\"potentialAction\":[{\"@type\":\"ReadAction\",\"target\":[\"https:\/\/mobilevet.com.br\/site\/ultrassonografia-abdominal-em-sao-bernardo-do-campo\/\"]}]},{\"@type\":\"BreadcrumbList\",\"@id\":\"https:\/\/mobilevet.com.br\/site\/ultrassonografia-abdominal-em-sao-bernardo-do-campo\/#breadcrumb\",\"itemListElement\":[{\"@type\":\"ListItem\",\"position\":1,\"name\":\"In\u00edcio\",\"item\":\"https:\/\/mobilevet.com.br\/site\/\"},{\"@type\":\"ListItem\",\"position\":2,\"name\":\"Ultrassonografia Abdominal em S\u00e3o Bernardo do Campo\"}]}]}<\/script>\n<!-- \/ Yoast SEO plugin. -->","yoast_head_json":{"title":"- Mobile Vet","robots":{"index":"index","follow":"follow","max-snippet":"max-snippet:-1","max-image-preview":"max-image-preview:large","max-video-preview":"max-video-preview:-1"},"canonical":"https:\/\/mobilevet.com.br\/site\/ultrassonografia-abdominal-em-sao-bernardo-do-campo\/","og_locale":"pt_BR","og_type":"article","og_title":"- Mobile Vet","og_description":"Buscando Ultrassonografia Abdominal em S\u00e3o Bernardo do Campo? Realizamos exames de diagn\u00f3stico veterin\u00e1rio em seu estabelecimento! Com equipamentos modernos e uma equipe de especialistas em ultrassom [\u2026]","og_url":"https:\/\/mobilevet.com.br\/site\/ultrassonografia-abdominal-em-sao-bernardo-do-campo\/","og_site_name":"Mobile Vet","og_image":[{"url":"https:\/\/mobilevet.com.br\/site\/wp-content\/uploads\/2014\/02\/q_somos_1-300x202.jpg"}],"twitter_card":"summary_large_image","twitter_misc":{"Est. tempo de leitura":"3 minutos"},"schema":{"@context":"https:\/\/schema.org","@graph":[{"@type":"WebSite","@id":"https:\/\/mobilevet.com.br\/site\/#website","url":"https:\/\/mobilevet.com.br\/site\/","name":"Mobile Vet","description":"Exames de diagn\u00f3sticos veterin\u00e1rios e consultoria cardiol\u00f3gica","potentialAction":[{"@type":"SearchAction","target":{"@type":"EntryPoint","urlTemplate":"https:\/\/mobilevet.com.br\/site\/?s={search_term_string}"},"query-input":"required name=search_term_string"}],"inLanguage":"pt-BR"},{"@type":"ImageObject","inLanguage":"pt-BR","@id":"https:\/\/mobilevet.com.br\/site\/ultrassonografia-abdominal-em-sao-bernardo-do-campo\/#primaryimage","url":"https:\/\/mobilevet.com.br\/site\/wp-content\/uploads\/2014\/02\/q_somos_1.jpg","contentUrl":"https:\/\/mobilevet.com.br\/site\/wp-content\/uploads\/2014\/02\/q_somos_1.jpg","width":500,"height":337},{"@type":"WebPage","@id":"https:\/\/mobilevet.com.br\/site\/ultrassonografia-abdominal-em-sao-bernardo-do-campo\/#webpage","url":"https:\/\/mobilevet.com.br\/site\/ultrassonografia-abdominal-em-sao-bernardo-do-campo\/","name":"- Mobile Vet","isPartOf":{"@id":"https:\/\/mobilevet.com.br\/site\/#website"},"primaryImageOfPage":{"@id":"https:\/\/mobilevet.com.br\/site\/ultrassonografia-abdominal-em-sao-bernardo-do-campo\/#primaryimage"},"datePublished":"2022-09-06T00:13:12+00:00","dateModified":"2022-09-06T00:13:12+00:00","breadcrumb":{"@id":"https:\/\/mobilevet.com.br\/site\/ultrassonografia-abdominal-em-sao-bernardo-do-campo\/#breadcrumb"},"inLanguage":"pt-BR","potentialAction":[{"@type":"ReadAction","target":["https:\/\/mobilevet.com.br\/site\/ultrassonografia-abdominal-em-sao-bernardo-do-campo\/"]}]},{"@type":"BreadcrumbList","@id":"https:\/\/mobilevet.com.br\/site\/ultrassonografia-abdominal-em-sao-bernardo-do-campo\/#breadcrumb","itemListElement":[{"@type":"ListItem","position":1,"name":"In\u00edcio","item":"https:\/\/mobilevet.com.br\/site\/"},{"@type":"ListItem","position":2,"name":"Ultrassonografia Abdominal em S\u00e3o Bernardo do Campo"}]}]}},"_links":{"self":[{"href":"https:\/\/mobilevet.com.br\/site\/wp-json\/wp\/v2\/pages\/2253"}],"collection":[{"href":"https:\/\/mobilevet.com.br\/site\/wp-json\/wp\/v2\/pages"}],"about":[{"href":"https:\/\/mobilevet.com.br\/site\/wp-json\/wp\/v2\/types\/page"}],"author":[{"embeddable":true,"href":"https:\/\/mobilevet.com.br\/site\/wp-json\/wp\/v2\/users\/9"}],"replies":[{"embeddable":true,"href":"https:\/\/mobilevet.com.br\/site\/wp-json\/wp\/v2\/comments?post=2253"}],"version-history":[{"count":0,"href":"https:\/\/mobilevet.com.br\/site\/wp-json\/wp\/v2\/pages\/2253\/revisions"}],"wp:attachment":[{"href":"https:\/\/mobilevet.com.br\/site\/wp-json\/wp\/v2\/media?parent=2253"}],"curies":[{"name":"wp","href":"https:\/\/api.w.org\/{rel}","templated":true}]}}