{"id":2415,"date":"2022-09-21T18:43:00","date_gmt":"2022-09-21T21:43:00","guid":{"rendered":"https:\/\/mobilevet.com.br\/site\/telerradiologia-veterinaria-em-tiangua-ceara\/"},"modified":"2022-09-21T18:43:00","modified_gmt":"2022-09-21T21:43:00","slug":"telerradiologia-veterinaria-em-tiangua-ceara","status":"publish","type":"page","link":"https:\/\/mobilevet.com.br\/site\/telerradiologia-veterinaria-em-tiangua-ceara\/","title":{"rendered":"Telerradiologia Veterin\u00e1ria em Tiangu\u00e1\/Cear\u00e1"},"content":{"rendered":"<div class=\"section the_content has_content\">\n<div class=\"section_wrapper\">\n<div class=\"the_content_wrapper \">\n<h3 style=\"text-align: justify;\"><b>Buscando Telerradiologia Veterin\u00e1ria em Tiangu\u00e1\/Cear\u00e1?<\/b><\/h3>\n<div class=\"section the_content has_content\">\n<div class=\"section_wrapper\">\n<div class=\"the_content_wrapper \">\n<h1><strong>Telerradiologia Veterin\u00e1ria \u2013 servi\u00e7o de laudo a dist\u00e2ncia de animais de pequeno porte<\/strong><\/h1>\n<p>O servi\u00e7o de laudo a dist\u00e2ncia \u00e9 uma de nossas especialidades. Aqui na Mobile Vet voc\u00ea pode contar com nossa equipe de profissionais para laudar com precis\u00e3o as imagens adquiridas em cl\u00ednicas e hospitais veterin\u00e1rios.<\/p>\n<p>Nosso objetivo \u00e9 oferecer conforto e qualidade para estabelecimentos que possuem o aparelho de radiologia, mas que n\u00e3o contam com equipe de radiologistas no local.<\/p>\n<h3><strong>Como funciona nosso servi\u00e7o de Telerradiologia Veterin\u00e1ria em Tiangu\u00e1\/Cear\u00e1<br \/>\n<\/strong><\/h3>\n<p>As imagens registradas do paciente ser\u00e3o enviadas para nossa equipe em vers\u00e3o digital. E para oferecer o melhor diagn\u00f3stico para seu cliente, ser\u00e1 estipulado um canal comunica\u00e7\u00e3o entre as equipes envolvidas para troca de informa\u00e7\u00f5es e detalhes pertinentes de cada caso.<\/p>\n<p>1.Envio digital do exame pelo cliente<br \/>\n2.Avalia\u00e7\u00e3o do exame pela Mobile Vet<br \/>\n3.Envio digital do laudo pela Mobile Vet<\/p>\n<p><iframe loading=\"lazy\" src=\"\/\/www.youtube.com\/embed\/CuMQd7zOvmQ?t=20s\" width=\"560\" height=\"314\" allowfullscreen=\"allowfullscreen\"><\/iframe><\/p>\n<p>&nbsp;<\/p>\n<h3><strong>Suporte e treinamento de equipes de Telerradiologia Veterin\u00e1ria em Tiangu\u00e1\/Cear\u00e1<br \/>\n<\/strong><\/h3>\n<p>Nossa experi\u00eancia de mais de 15 anos no mercado, nos permite ajudar clientes e parceiros com nossa consultoria de instala\u00e7\u00e3o da estrutura f\u00edsica da sala de radiologia e treinamento de posicionamento e t\u00e9cnica radiogr\u00e1fica.<\/p>\n<p>&nbsp;<\/p>\n<h3><strong>Tutoriais de posicionamentos para Telerradiologia Veterin\u00e1ria em Tiangu\u00e1\/Cear\u00e1<br \/>\n<\/strong><\/h3>\n<p>Para te ajudar ainda mais na precis\u00e3o dos laudos, criamos uma s\u00e9rie de v\u00eddeos em nosso canal no YouTube, onde a Dra. Fernanda Saraiva e a Dra. Lia Costa apresentam como posicionar o paciente de acordo com cada exame e caso.<\/p>\n<p><iframe loading=\"lazy\" src=\"\/\/www.youtube.com\/embed\/f2Cf_b2Jgjc?list=PL7OZ486h4sauQfnyW9MI2hxRCPzA39cGS&amp;index=8&amp;t=104s\" width=\"560\" height=\"314\" allowfullscreen=\"allowfullscreen\"><\/iframe><\/p>\n<h3><\/h3>\n<h3><strong>Benef\u00edcios da telerradiologia veterin\u00e1ria<\/strong><\/h3>\n<p>.Otimiza\u00e7\u00e3o de custos com equipe de especialistas<br \/>\n.Ganho de tempo no processo digital<br \/>\n.Fideliza\u00e7\u00e3o de seus clientes em manter a rotina de exames de diagn\u00f3stico de seus pacientes dentro do seu estabelecimento<br \/>\n.Orienta\u00e7\u00e3o e suporte de nossa equipe em casos espec\u00edficos<br \/>\n.Qualidade e pontualidade na entrega dos resultados<br \/>\n.Custo por demanda, independente da quantidade<br \/>\n.Atendemos todo o Brasil<\/p>\n<p><a href=\"https:\/\/api.whatsapp.com\/send?phone=5511943445533&amp;text=Gostaria%20de%20uma%20informa%C3%A7%C3%A3o%20sobre%20o%20servi%C3%A7o%20de%20Telerradiologia...\">Clique aqui<\/a> e fale agora mesmo com nossa equipe sem compromisso!<\/p>\n<\/div>\n<\/div>\n<\/div>\n<p><strong>Se busca sobre Telerradiologia Veterin\u00e1ria em Tiangu\u00e1\/Cear\u00e1 &#8211; saiba mais sobre a MobileVet:<\/strong><\/p>\n<\/div>\n<div class=\"section the_content has_content\">\n<div class=\"section_wrapper\">\n<div class=\"the_content_wrapper is-elementor\">\n<p>Todos os veterin\u00e1rios, independentemente de suas especialidades, buscam oferecer servi\u00e7os de excel\u00eancia para seus pacientes e tutores e, para isso, procuram ter ao seu lado recursos tecnol\u00f3gicos e profissionais capazes de prover os melhores diagn\u00f3sticos e consultoria especializada.<\/p>\n<p><img loading=\"lazy\" class=\" size-medium wp-image-162 alignright\" src=\"https:\/\/mobilevet.com.br\/site\/wp-content\/uploads\/2014\/02\/q_somos_1-300x202.jpg\" sizes=\"(max-width: 300px) 100vw, 300px\" srcset=\"https:\/\/mobilevet.com.br\/site\/wp-content\/uploads\/2014\/02\/q_somos_1-300x202.jpg 300w, https:\/\/mobilevet.com.br\/site\/wp-content\/uploads\/2014\/02\/q_somos_1.jpg 500w\" alt=\"q_somos_1\" width=\"300\" height=\"202\" \/><\/p>\n<p>A <strong>MobileVet<\/strong>, empresa de diagn\u00f3stico veterin\u00e1rio e especialidades, surgiu desta necessidade. Desde 2005, realiza exames de diagn\u00f3stico por imagem diretamente nos consult\u00f3rios e cl\u00ednicas veterin\u00e1rias, garantindo a comodidade do animal de estima\u00e7\u00e3o e do seu tutor, al\u00e9m da possibilidade de elaborar, juntamente com o m\u00e9dico veterin\u00e1rio respons\u00e1vel, diagn\u00f3sticos e condutas com maior efic\u00e1cia. Isto permite uma troca valiosa de informa\u00e7\u00f5es e fortalece o relacionamento t\u00e9cnico\/profissional entre o cl\u00ednico e o especialista.<\/p>\n<p>Al\u00e9m dos benef\u00edcios para o cliente e o profissional veterin\u00e1rio, os servi\u00e7os da Mobilevet\u00a0 otimizam a estrutura f\u00edsica existente das cl\u00ednicas, junto com a possibilidade de criar renda extra.<\/p>\n<p><strong>MAS COMO ISSO FUNCIONA?<\/strong><\/p>\n<p>Ap\u00f3s o contato das cl\u00ednicas veterin\u00e1rias com nossa central de atendimento, agendamos e enviamos nossa equipe para realizar os exames\/consultorias, que ser\u00e3o avaliados junto com o profissional respons\u00e1vel, permitindo que os dados cl\u00ednicos, somados \u00e0s solu\u00e7\u00f5es trazidas, permitam chegar a hip\u00f3teses diagn\u00f3sticas mais assertivas e\/ou diagn\u00f3sticos definitivos. No final, todo mundo ganha com essa rela\u00e7\u00e3o, principalmente o nosso paciente!<\/p>\n<p><a href=\"https:\/\/mobilevet.com.br\/site\/wp-content\/uploads\/2014\/02\/processo-trabalho-mobilevet.png\"><img loading=\"lazy\" class=\" size-full wp-image-819 aligncenter\" src=\"https:\/\/mobilevet.com.br\/site\/wp-content\/uploads\/2014\/02\/processo-trabalho-mobilevet.png\" sizes=\"(max-width: 700px) 100vw, 700px\" srcset=\"https:\/\/mobilevet.com.br\/site\/wp-content\/uploads\/2014\/02\/processo-trabalho-mobilevet.png 700w, https:\/\/mobilevet.com.br\/site\/wp-content\/uploads\/2014\/02\/processo-trabalho-mobilevet-300x69.png 300w\" alt=\"processo-trabalho-mobilevet\" width=\"700\" height=\"162\" \/><\/a><\/p>\n<p>Nosso foco est\u00e1 na qualidade de nosso atendimento e relacionamento, para que possamos levar, cada vez mais, excel\u00eancia aos nossos clientes. Por isso, nossa equipe \u00e9 altamente capacitada, especializada e est\u00e1 constantemente em treinamento, visando a padroniza\u00e7\u00e3o dos procedimentos, o aumento de conhecimento t\u00e9cnico e a educa\u00e7\u00e3o continuada. Os treinamentos s\u00e3o realizados em parceria com o <strong>Clube dos Vira-Latas<\/strong>, uma ONG que fornece espa\u00e7o e pacientes para o treinamento, gerando beneficiamento m\u00fatuo.<\/p>\n<p>A Mobilevet disponibiliza os laudos e relat\u00f3rios de consultoria em at\u00e9 24 horas.<\/p>\n<p><strong>ESTAMOS PRONTOS PARA AJUDAR A ELEVAR OS SERVI\u00c7OS DE SUA CL\u00cdNICA!<\/strong><\/p>\n<\/div>\n<\/div>\n<\/div>\n<\/div>\n<\/div>\n","protected":false},"excerpt":{"rendered":"<p>Buscando Telerradiologia Veterin\u00e1ria em Tiangu\u00e1\/Cear\u00e1? Telerradiologia Veterin\u00e1ria \u2013 servi\u00e7o de laudo a dist\u00e2ncia de animais de pequeno porte O servi\u00e7o de laudo a dist\u00e2ncia \u00e9 uma<span class=\"excerpt-hellip\"> [\u2026]<\/span><\/p>\n","protected":false},"author":9,"featured_media":0,"parent":0,"menu_order":0,"comment_status":"closed","ping_status":"closed","template":"","meta":{"_joinchat":[]},"yoast_head":"<!-- This site is optimized with the Yoast SEO plugin v18.7 - https:\/\/yoast.com\/wordpress\/plugins\/seo\/ -->\n<title>- Mobile Vet<\/title>\n<meta name=\"robots\" content=\"index, follow, max-snippet:-1, max-image-preview:large, max-video-preview:-1\" \/>\n<link rel=\"canonical\" href=\"https:\/\/mobilevet.com.br\/site\/telerradiologia-veterinaria-em-tiangua-ceara\/\" \/>\n<meta property=\"og:locale\" content=\"pt_BR\" \/>\n<meta property=\"og:type\" content=\"article\" \/>\n<meta property=\"og:title\" content=\"- Mobile Vet\" \/>\n<meta property=\"og:description\" content=\"Buscando Telerradiologia Veterin\u00e1ria em Tiangu\u00e1\/Cear\u00e1? Telerradiologia Veterin\u00e1ria \u2013 servi\u00e7o de laudo a dist\u00e2ncia de animais de pequeno porte O servi\u00e7o de laudo a dist\u00e2ncia \u00e9 uma [\u2026]\" \/>\n<meta property=\"og:url\" content=\"https:\/\/mobilevet.com.br\/site\/telerradiologia-veterinaria-em-tiangua-ceara\/\" \/>\n<meta property=\"og:site_name\" content=\"Mobile Vet\" \/>\n<meta property=\"og:image\" content=\"https:\/\/mobilevet.com.br\/site\/wp-content\/uploads\/2014\/02\/q_somos_1-300x202.jpg\" \/>\n<meta name=\"twitter:card\" content=\"summary_large_image\" \/>\n<meta name=\"twitter:label1\" content=\"Est. tempo de leitura\" \/>\n\t<meta name=\"twitter:data1\" content=\"4 minutos\" \/>\n<script type=\"application\/ld+json\" class=\"yoast-schema-graph\">{\"@context\":\"https:\/\/schema.org\",\"@graph\":[{\"@type\":\"WebSite\",\"@id\":\"https:\/\/mobilevet.com.br\/site\/#website\",\"url\":\"https:\/\/mobilevet.com.br\/site\/\",\"name\":\"Mobile Vet\",\"description\":\"Exames de diagn\u00f3sticos veterin\u00e1rios e consultoria cardiol\u00f3gica\",\"potentialAction\":[{\"@type\":\"SearchAction\",\"target\":{\"@type\":\"EntryPoint\",\"urlTemplate\":\"https:\/\/mobilevet.com.br\/site\/?s={search_term_string}\"},\"query-input\":\"required name=search_term_string\"}],\"inLanguage\":\"pt-BR\"},{\"@type\":\"ImageObject\",\"inLanguage\":\"pt-BR\",\"@id\":\"https:\/\/mobilevet.com.br\/site\/telerradiologia-veterinaria-em-tiangua-ceara\/#primaryimage\",\"url\":\"https:\/\/mobilevet.com.br\/site\/wp-content\/uploads\/2014\/02\/q_somos_1.jpg\",\"contentUrl\":\"https:\/\/mobilevet.com.br\/site\/wp-content\/uploads\/2014\/02\/q_somos_1.jpg\",\"width\":500,\"height\":337},{\"@type\":\"WebPage\",\"@id\":\"https:\/\/mobilevet.com.br\/site\/telerradiologia-veterinaria-em-tiangua-ceara\/#webpage\",\"url\":\"https:\/\/mobilevet.com.br\/site\/telerradiologia-veterinaria-em-tiangua-ceara\/\",\"name\":\"- Mobile Vet\",\"isPartOf\":{\"@id\":\"https:\/\/mobilevet.com.br\/site\/#website\"},\"primaryImageOfPage\":{\"@id\":\"https:\/\/mobilevet.com.br\/site\/telerradiologia-veterinaria-em-tiangua-ceara\/#primaryimage\"},\"datePublished\":\"2022-09-21T21:43:00+00:00\",\"dateModified\":\"2022-09-21T21:43:00+00:00\",\"breadcrumb\":{\"@id\":\"https:\/\/mobilevet.com.br\/site\/telerradiologia-veterinaria-em-tiangua-ceara\/#breadcrumb\"},\"inLanguage\":\"pt-BR\",\"potentialAction\":[{\"@type\":\"ReadAction\",\"target\":[\"https:\/\/mobilevet.com.br\/site\/telerradiologia-veterinaria-em-tiangua-ceara\/\"]}]},{\"@type\":\"BreadcrumbList\",\"@id\":\"https:\/\/mobilevet.com.br\/site\/telerradiologia-veterinaria-em-tiangua-ceara\/#breadcrumb\",\"itemListElement\":[{\"@type\":\"ListItem\",\"position\":1,\"name\":\"In\u00edcio\",\"item\":\"https:\/\/mobilevet.com.br\/site\/\"},{\"@type\":\"ListItem\",\"position\":2,\"name\":\"Telerradiologia Veterin\u00e1ria em Tiangu\u00e1\/Cear\u00e1\"}]}]}<\/script>\n<!-- \/ Yoast SEO plugin. -->","yoast_head_json":{"title":"- Mobile Vet","robots":{"index":"index","follow":"follow","max-snippet":"max-snippet:-1","max-image-preview":"max-image-preview:large","max-video-preview":"max-video-preview:-1"},"canonical":"https:\/\/mobilevet.com.br\/site\/telerradiologia-veterinaria-em-tiangua-ceara\/","og_locale":"pt_BR","og_type":"article","og_title":"- Mobile Vet","og_description":"Buscando Telerradiologia Veterin\u00e1ria em Tiangu\u00e1\/Cear\u00e1? Telerradiologia Veterin\u00e1ria \u2013 servi\u00e7o de laudo a dist\u00e2ncia de animais de pequeno porte O servi\u00e7o de laudo a dist\u00e2ncia \u00e9 uma [\u2026]","og_url":"https:\/\/mobilevet.com.br\/site\/telerradiologia-veterinaria-em-tiangua-ceara\/","og_site_name":"Mobile Vet","og_image":[{"url":"https:\/\/mobilevet.com.br\/site\/wp-content\/uploads\/2014\/02\/q_somos_1-300x202.jpg"}],"twitter_card":"summary_large_image","twitter_misc":{"Est. tempo de leitura":"4 minutos"},"schema":{"@context":"https:\/\/schema.org","@graph":[{"@type":"WebSite","@id":"https:\/\/mobilevet.com.br\/site\/#website","url":"https:\/\/mobilevet.com.br\/site\/","name":"Mobile Vet","description":"Exames de diagn\u00f3sticos veterin\u00e1rios e consultoria cardiol\u00f3gica","potentialAction":[{"@type":"SearchAction","target":{"@type":"EntryPoint","urlTemplate":"https:\/\/mobilevet.com.br\/site\/?s={search_term_string}"},"query-input":"required name=search_term_string"}],"inLanguage":"pt-BR"},{"@type":"ImageObject","inLanguage":"pt-BR","@id":"https:\/\/mobilevet.com.br\/site\/telerradiologia-veterinaria-em-tiangua-ceara\/#primaryimage","url":"https:\/\/mobilevet.com.br\/site\/wp-content\/uploads\/2014\/02\/q_somos_1.jpg","contentUrl":"https:\/\/mobilevet.com.br\/site\/wp-content\/uploads\/2014\/02\/q_somos_1.jpg","width":500,"height":337},{"@type":"WebPage","@id":"https:\/\/mobilevet.com.br\/site\/telerradiologia-veterinaria-em-tiangua-ceara\/#webpage","url":"https:\/\/mobilevet.com.br\/site\/telerradiologia-veterinaria-em-tiangua-ceara\/","name":"- Mobile Vet","isPartOf":{"@id":"https:\/\/mobilevet.com.br\/site\/#website"},"primaryImageOfPage":{"@id":"https:\/\/mobilevet.com.br\/site\/telerradiologia-veterinaria-em-tiangua-ceara\/#primaryimage"},"datePublished":"2022-09-21T21:43:00+00:00","dateModified":"2022-09-21T21:43:00+00:00","breadcrumb":{"@id":"https:\/\/mobilevet.com.br\/site\/telerradiologia-veterinaria-em-tiangua-ceara\/#breadcrumb"},"inLanguage":"pt-BR","potentialAction":[{"@type":"ReadAction","target":["https:\/\/mobilevet.com.br\/site\/telerradiologia-veterinaria-em-tiangua-ceara\/"]}]},{"@type":"BreadcrumbList","@id":"https:\/\/mobilevet.com.br\/site\/telerradiologia-veterinaria-em-tiangua-ceara\/#breadcrumb","itemListElement":[{"@type":"ListItem","position":1,"name":"In\u00edcio","item":"https:\/\/mobilevet.com.br\/site\/"},{"@type":"ListItem","position":2,"name":"Telerradiologia Veterin\u00e1ria em Tiangu\u00e1\/Cear\u00e1"}]}]}},"_links":{"self":[{"href":"https:\/\/mobilevet.com.br\/site\/wp-json\/wp\/v2\/pages\/2415"}],"collection":[{"href":"https:\/\/mobilevet.com.br\/site\/wp-json\/wp\/v2\/pages"}],"about":[{"href":"https:\/\/mobilevet.com.br\/site\/wp-json\/wp\/v2\/types\/page"}],"author":[{"embeddable":true,"href":"https:\/\/mobilevet.com.br\/site\/wp-json\/wp\/v2\/users\/9"}],"replies":[{"embeddable":true,"href":"https:\/\/mobilevet.com.br\/site\/wp-json\/wp\/v2\/comments?post=2415"}],"version-history":[{"count":0,"href":"https:\/\/mobilevet.com.br\/site\/wp-json\/wp\/v2\/pages\/2415\/revisions"}],"wp:attachment":[{"href":"https:\/\/mobilevet.com.br\/site\/wp-json\/wp\/v2\/media?parent=2415"}],"curies":[{"name":"wp","href":"https:\/\/api.w.org\/{rel}","templated":true}]}}