{"id":53,"date":"2014-02-11T19:39:25","date_gmt":"2014-02-11T21:39:25","guid":{"rendered":"https:\/\/mobilevet.com.br\/site\/?page_id=53"},"modified":"2024-04-23T10:29:29","modified_gmt":"2024-04-23T13:29:29","slug":"contato","status":"publish","type":"page","link":"https:\/\/mobilevet.com.br\/site\/contato\/","title":{"rendered":"Contato"},"content":{"rendered":"<p>Para entrar em contato conosco, utilize o formul\u00e1rio ou os telefones abaixo:<br \/>\nTel: (11) 4235-5533 | 94344-5533<br \/>\nAgendamentos de seg a sex: das 8h \u00e0s 20h e S\u00e1bados das 9h \u00e0s 17h<\/p>\n<div role=\"form\" class=\"wpcf7\" id=\"wpcf7-f1829-o1\" lang=\"pt-BR\" dir=\"ltr\">\n<div class=\"screen-reader-response\"><p role=\"status\" aria-live=\"polite\" aria-atomic=\"true\"><\/p> <ul><\/ul><\/div>\n<form action=\"\/site\/wp-json\/wp\/v2\/pages\/53#wpcf7-f1829-o1\" method=\"post\" class=\"wpcf7-form init\" novalidate=\"novalidate\" data-status=\"init\">\n<div style=\"display: none;\">\n<input type=\"hidden\" name=\"_wpcf7\" value=\"1829\" \/>\n<input type=\"hidden\" name=\"_wpcf7_version\" value=\"5.6.3\" \/>\n<input type=\"hidden\" name=\"_wpcf7_locale\" value=\"pt_BR\" \/>\n<input type=\"hidden\" name=\"_wpcf7_unit_tag\" value=\"wpcf7-f1829-o1\" \/>\n<input type=\"hidden\" name=\"_wpcf7_container_post\" value=\"0\" \/>\n<input type=\"hidden\" name=\"_wpcf7_posted_data_hash\" value=\"\" \/>\n<\/div>\n<p><label> Seu nome<br \/>\n    <span class=\"wpcf7-form-control-wrap\" data-name=\"your-name\"><input type=\"text\" name=\"your-name\" value=\"\" size=\"40\" class=\"wpcf7-form-control wpcf7-text wpcf7-validates-as-required\" aria-required=\"true\" aria-invalid=\"false\" \/><\/span> <\/label><\/p>\n<p><label> Seu e-mail<br \/>\n    <span class=\"wpcf7-form-control-wrap\" data-name=\"your-email\"><input type=\"email\" name=\"your-email\" value=\"\" size=\"40\" class=\"wpcf7-form-control wpcf7-text wpcf7-email wpcf7-validates-as-required wpcf7-validates-as-email\" aria-required=\"true\" aria-invalid=\"false\" \/><\/span> <\/label><\/p>\n<p><label> DDD\/WhatsApp<br \/>\n    <span class=\"wpcf7-form-control-wrap\" data-name=\"telefone\"><input type=\"tel\" name=\"telefone\" value=\"\" size=\"40\" class=\"wpcf7-form-control wpcf7-text wpcf7-tel wpcf7-validates-as-tel\" aria-invalid=\"false\" \/><\/span> <\/label><\/p>\n<p><label> Escreva seu interesse em nossos servi\u00e7os ou treinamentos<br \/>\n    <span class=\"wpcf7-form-control-wrap\" data-name=\"your-message\"><textarea name=\"your-message\" cols=\"40\" rows=\"10\" class=\"wpcf7-form-control wpcf7-textarea\" aria-invalid=\"false\"><\/textarea><\/span> <\/label><\/p>\n<p><input type=\"submit\" value=\"Enviar\" class=\"wpcf7-form-control has-spinner wpcf7-submit\" \/><\/p>\n<div class=\"wpcf7-response-output\" aria-hidden=\"true\"><\/div><\/form><\/div>\n","protected":false},"excerpt":{"rendered":"<p>Para entrar em contato conosco, utilize o formul\u00e1rio ou os telefones abaixo: Tel: (11) 4235-5533 | 94344-5533 Agendamentos de seg a sex: das 8h \u00e0s 20h<span class=\"excerpt-hellip\"> [\u2026]<\/span><\/p>\n","protected":false},"author":9,"featured_media":0,"parent":0,"menu_order":0,"comment_status":"open","ping_status":"open","template":"","meta":{"_joinchat":[]},"yoast_head":"<!-- This site is optimized with the Yoast SEO plugin v18.7 - https:\/\/yoast.com\/wordpress\/plugins\/seo\/ -->\n<title>- Mobile Vet<\/title>\n<meta name=\"robots\" content=\"index, follow, max-snippet:-1, max-image-preview:large, max-video-preview:-1\" \/>\n<link rel=\"canonical\" href=\"https:\/\/mobilevet.com.br\/site\/contato\/\" \/>\n<meta property=\"og:locale\" content=\"pt_BR\" \/>\n<meta property=\"og:type\" content=\"article\" \/>\n<meta property=\"og:title\" content=\"- Mobile Vet\" \/>\n<meta property=\"og:description\" content=\"Para entrar em contato conosco, utilize o formul\u00e1rio ou os telefones abaixo: Tel: (11) 4235-5533 | 94344-5533 Agendamentos de seg a sex: das 8h \u00e0s 20h [\u2026]\" \/>\n<meta property=\"og:url\" content=\"https:\/\/mobilevet.com.br\/site\/contato\/\" \/>\n<meta property=\"og:site_name\" content=\"Mobile Vet\" \/>\n<meta property=\"article:modified_time\" content=\"2024-04-23T13:29:29+00:00\" \/>\n<meta name=\"twitter:card\" content=\"summary_large_image\" \/>\n<script type=\"application\/ld+json\" class=\"yoast-schema-graph\">{\"@context\":\"https:\/\/schema.org\",\"@graph\":[{\"@type\":\"WebSite\",\"@id\":\"https:\/\/mobilevet.com.br\/site\/#website\",\"url\":\"https:\/\/mobilevet.com.br\/site\/\",\"name\":\"Mobile Vet\",\"description\":\"Exames de diagn\u00f3sticos veterin\u00e1rios e consultoria cardiol\u00f3gica\",\"potentialAction\":[{\"@type\":\"SearchAction\",\"target\":{\"@type\":\"EntryPoint\",\"urlTemplate\":\"https:\/\/mobilevet.com.br\/site\/?s={search_term_string}\"},\"query-input\":\"required name=search_term_string\"}],\"inLanguage\":\"pt-BR\"},{\"@type\":\"WebPage\",\"@id\":\"https:\/\/mobilevet.com.br\/site\/contato\/#webpage\",\"url\":\"https:\/\/mobilevet.com.br\/site\/contato\/\",\"name\":\"- Mobile Vet\",\"isPartOf\":{\"@id\":\"https:\/\/mobilevet.com.br\/site\/#website\"},\"datePublished\":\"2014-02-11T21:39:25+00:00\",\"dateModified\":\"2024-04-23T13:29:29+00:00\",\"breadcrumb\":{\"@id\":\"https:\/\/mobilevet.com.br\/site\/contato\/#breadcrumb\"},\"inLanguage\":\"pt-BR\",\"potentialAction\":[{\"@type\":\"ReadAction\",\"target\":[\"https:\/\/mobilevet.com.br\/site\/contato\/\"]}]},{\"@type\":\"BreadcrumbList\",\"@id\":\"https:\/\/mobilevet.com.br\/site\/contato\/#breadcrumb\",\"itemListElement\":[{\"@type\":\"ListItem\",\"position\":1,\"name\":\"In\u00edcio\",\"item\":\"https:\/\/mobilevet.com.br\/site\/\"},{\"@type\":\"ListItem\",\"position\":2,\"name\":\"Contato\"}]}]}<\/script>\n<!-- \/ Yoast SEO plugin. -->","yoast_head_json":{"title":"- Mobile Vet","robots":{"index":"index","follow":"follow","max-snippet":"max-snippet:-1","max-image-preview":"max-image-preview:large","max-video-preview":"max-video-preview:-1"},"canonical":"https:\/\/mobilevet.com.br\/site\/contato\/","og_locale":"pt_BR","og_type":"article","og_title":"- Mobile Vet","og_description":"Para entrar em contato conosco, utilize o formul\u00e1rio ou os telefones abaixo: Tel: (11) 4235-5533 | 94344-5533 Agendamentos de seg a sex: das 8h \u00e0s 20h [\u2026]","og_url":"https:\/\/mobilevet.com.br\/site\/contato\/","og_site_name":"Mobile Vet","article_modified_time":"2024-04-23T13:29:29+00:00","twitter_card":"summary_large_image","schema":{"@context":"https:\/\/schema.org","@graph":[{"@type":"WebSite","@id":"https:\/\/mobilevet.com.br\/site\/#website","url":"https:\/\/mobilevet.com.br\/site\/","name":"Mobile Vet","description":"Exames de diagn\u00f3sticos veterin\u00e1rios e consultoria cardiol\u00f3gica","potentialAction":[{"@type":"SearchAction","target":{"@type":"EntryPoint","urlTemplate":"https:\/\/mobilevet.com.br\/site\/?s={search_term_string}"},"query-input":"required name=search_term_string"}],"inLanguage":"pt-BR"},{"@type":"WebPage","@id":"https:\/\/mobilevet.com.br\/site\/contato\/#webpage","url":"https:\/\/mobilevet.com.br\/site\/contato\/","name":"- Mobile Vet","isPartOf":{"@id":"https:\/\/mobilevet.com.br\/site\/#website"},"datePublished":"2014-02-11T21:39:25+00:00","dateModified":"2024-04-23T13:29:29+00:00","breadcrumb":{"@id":"https:\/\/mobilevet.com.br\/site\/contato\/#breadcrumb"},"inLanguage":"pt-BR","potentialAction":[{"@type":"ReadAction","target":["https:\/\/mobilevet.com.br\/site\/contato\/"]}]},{"@type":"BreadcrumbList","@id":"https:\/\/mobilevet.com.br\/site\/contato\/#breadcrumb","itemListElement":[{"@type":"ListItem","position":1,"name":"In\u00edcio","item":"https:\/\/mobilevet.com.br\/site\/"},{"@type":"ListItem","position":2,"name":"Contato"}]}]}},"_links":{"self":[{"href":"https:\/\/mobilevet.com.br\/site\/wp-json\/wp\/v2\/pages\/53"}],"collection":[{"href":"https:\/\/mobilevet.com.br\/site\/wp-json\/wp\/v2\/pages"}],"about":[{"href":"https:\/\/mobilevet.com.br\/site\/wp-json\/wp\/v2\/types\/page"}],"author":[{"embeddable":true,"href":"https:\/\/mobilevet.com.br\/site\/wp-json\/wp\/v2\/users\/9"}],"replies":[{"embeddable":true,"href":"https:\/\/mobilevet.com.br\/site\/wp-json\/wp\/v2\/comments?post=53"}],"version-history":[{"count":20,"href":"https:\/\/mobilevet.com.br\/site\/wp-json\/wp\/v2\/pages\/53\/revisions"}],"predecessor-version":[{"id":2461,"href":"https:\/\/mobilevet.com.br\/site\/wp-json\/wp\/v2\/pages\/53\/revisions\/2461"}],"wp:attachment":[{"href":"https:\/\/mobilevet.com.br\/site\/wp-json\/wp\/v2\/media?parent=53"}],"curies":[{"name":"wp","href":"https:\/\/api.w.org\/{rel}","templated":true}]}}