{"id":729,"date":"2020-10-26T17:00:45","date_gmt":"2020-10-26T20:00:45","guid":{"rendered":"https:\/\/mobilevet.com.br\/site\/?page_id=729"},"modified":"2024-07-24T15:56:21","modified_gmt":"2024-07-24T18:56:21","slug":"telerradiologia","status":"publish","type":"page","link":"https:\/\/mobilevet.com.br\/site\/telerradiologia\/","title":{"rendered":"Telerradiologia"},"content":{"rendered":"\t\t<div data-elementor-type=\"wp-page\" data-elementor-id=\"729\" class=\"elementor elementor-729\" data-elementor-post-type=\"page\">\n\t\t\t\t\t\t\t\t\t<section class=\"elementor-section elementor-top-section elementor-element elementor-element-66885031 elementor-section-boxed elementor-section-height-default elementor-section-height-default\" data-id=\"66885031\" data-element_type=\"section\">\n\t\t\t\t\t\t<div class=\"elementor-container elementor-column-gap-default\">\n\t\t\t\t\t<div class=\"elementor-column elementor-col-100 elementor-top-column elementor-element elementor-element-7b8e9be4\" data-id=\"7b8e9be4\" data-element_type=\"column\">\n\t\t\t<div class=\"elementor-widget-wrap elementor-element-populated\">\n\t\t\t\t\t\t\t\t<div class=\"elementor-element elementor-element-2c2cbb6 elementor-widget elementor-widget-heading\" data-id=\"2c2cbb6\" data-element_type=\"widget\" data-widget_type=\"heading.default\">\n\t\t\t\t<div class=\"elementor-widget-container\">\n\t\t\t<style>\/*! elementor - v3.15.0 - 20-08-2023 *\/\n.elementor-heading-title{padding:0;margin:0;line-height:1}.elementor-widget-heading .elementor-heading-title[class*=elementor-size-]>a{color:inherit;font-size:inherit;line-height:inherit}.elementor-widget-heading .elementor-heading-title.elementor-size-small{font-size:15px}.elementor-widget-heading .elementor-heading-title.elementor-size-medium{font-size:19px}.elementor-widget-heading .elementor-heading-title.elementor-size-large{font-size:29px}.elementor-widget-heading .elementor-heading-title.elementor-size-xl{font-size:39px}.elementor-widget-heading .elementor-heading-title.elementor-size-xxl{font-size:59px}<\/style><h1 class=\"elementor-heading-title elementor-size-default\">TELERRADIOLOGIA VETERIN\u00c1RIA<\/h1>\t\t<\/div>\n\t\t\t\t<\/div>\n\t\t\t\t<div class=\"elementor-element elementor-element-351d3dd2 elementor-widget__width-initial elementor-widget elementor-widget-text-editor\" data-id=\"351d3dd2\" data-element_type=\"widget\" data-widget_type=\"text-editor.default\">\n\t\t\t\t<div class=\"elementor-widget-container\">\n\t\t\t<style>\/*! elementor - v3.15.0 - 20-08-2023 *\/\n.elementor-widget-text-editor.elementor-drop-cap-view-stacked .elementor-drop-cap{background-color:#69727d;color:#fff}.elementor-widget-text-editor.elementor-drop-cap-view-framed .elementor-drop-cap{color:#69727d;border:3px solid;background-color:transparent}.elementor-widget-text-editor:not(.elementor-drop-cap-view-default) .elementor-drop-cap{margin-top:8px}.elementor-widget-text-editor:not(.elementor-drop-cap-view-default) .elementor-drop-cap-letter{width:1em;height:1em}.elementor-widget-text-editor .elementor-drop-cap{float:left;text-align:center;line-height:1;font-size:50px}.elementor-widget-text-editor .elementor-drop-cap-letter{display:inline-block}<\/style>\t\t\t\t<h1 style=\"text-align: center;\"><strong>Servi\u00e7o de laudo a dist\u00e2ncia de animais de pequeno e grande porte e animais silvestres.<\/strong><\/h1><p>O servi\u00e7o de laudo veterin\u00e1rio a dist\u00e2ncia \u00e9 uma de nossas especialidades. Aqui na Mobile Vet voc\u00ea pode contar com nossa equipe de profissionais para laudar com precis\u00e3o as imagens adquiridas em cl\u00ednicas e hospitais veterin\u00e1rios.<\/p><p>Nosso objetivo \u00e9 oferecer conforto e qualidade para estabelecimentos que possuem o aparelho de radiologia, mas que n\u00e3o contam com equipe de radiologistas no local.<\/p>\t\t\t\t\t\t<\/div>\n\t\t\t\t<\/div>\n\t\t\t\t<div class=\"elementor-element elementor-element-39f0ae8 elementor-widget elementor-widget-spacer\" data-id=\"39f0ae8\" data-element_type=\"widget\" data-widget_type=\"spacer.default\">\n\t\t\t\t<div class=\"elementor-widget-container\">\n\t\t\t<style>\/*! elementor - v3.15.0 - 20-08-2023 *\/\n.elementor-column .elementor-spacer-inner{height:var(--spacer-size)}.e-con{--container-widget-width:100%}.e-con-inner>.elementor-widget-spacer,.e-con>.elementor-widget-spacer{width:var(--container-widget-width,var(--spacer-size));--align-self:var(--container-widget-align-self,initial);--flex-shrink:0}.e-con-inner>.elementor-widget-spacer>.elementor-widget-container,.e-con-inner>.elementor-widget-spacer>.elementor-widget-container>.elementor-spacer,.e-con>.elementor-widget-spacer>.elementor-widget-container,.e-con>.elementor-widget-spacer>.elementor-widget-container>.elementor-spacer{height:100%}.e-con-inner>.elementor-widget-spacer>.elementor-widget-container>.elementor-spacer>.elementor-spacer-inner,.e-con>.elementor-widget-spacer>.elementor-widget-container>.elementor-spacer>.elementor-spacer-inner{height:var(--container-widget-height,var(--spacer-size))}<\/style>\t\t<div class=\"elementor-spacer\">\n\t\t\t<div class=\"elementor-spacer-inner\"><\/div>\n\t\t<\/div>\n\t\t\t\t<\/div>\n\t\t\t\t<\/div>\n\t\t\t\t<div class=\"elementor-element elementor-element-7d05cf0 elementor-align-center elementor-widget elementor-widget-button\" data-id=\"7d05cf0\" data-element_type=\"widget\" data-widget_type=\"button.default\">\n\t\t\t\t<div class=\"elementor-widget-container\">\n\t\t\t\t\t<div class=\"elementor-button-wrapper\">\n\t\t\t<a class=\"elementor-button elementor-button-link elementor-size-sm\" href=\"https:\/\/w.app\/v1pmou\">\n\t\t\t\t\t\t<span class=\"elementor-button-content-wrapper\">\n\t\t\t\t\t\t<span class=\"elementor-button-text\">FALE CONOSCO AGORA MESMO!<\/span>\n\t\t<\/span>\n\t\t\t\t\t<\/a>\n\t\t<\/div>\n\t\t\t\t<\/div>\n\t\t\t\t<\/div>\n\t\t\t\t<div class=\"elementor-element elementor-element-a8ddcd0 elementor-widget elementor-widget-spacer\" data-id=\"a8ddcd0\" data-element_type=\"widget\" data-widget_type=\"spacer.default\">\n\t\t\t\t<div class=\"elementor-widget-container\">\n\t\t\t\t\t<div class=\"elementor-spacer\">\n\t\t\t<div class=\"elementor-spacer-inner\"><\/div>\n\t\t<\/div>\n\t\t\t\t<\/div>\n\t\t\t\t<\/div>\n\t\t\t\t<div class=\"elementor-element elementor-element-340b30a elementor-widget elementor-widget-text-editor\" data-id=\"340b30a\" data-element_type=\"widget\" data-widget_type=\"text-editor.default\">\n\t\t\t\t<div class=\"elementor-widget-container\">\n\t\t\t\t\t\t\t<p><span style=\"color: #000000;\"><strong>Como funciona nosso servi\u00e7o de telerradiologia veterin\u00e1ria<\/strong><\/span><\/p><p><span style=\"color: #000000;\">As imagens registradas do paciente ser\u00e3o enviadas para nossa equipe em vers\u00e3o digital. E para oferecer o melhor diagn\u00f3stico para seu cliente, ser\u00e1 estipulado um canal de comunica\u00e7\u00e3o entre as equipes envolvidas para troca de informa\u00e7\u00f5es e detalhes pertinentes de cada caso.<\/span><\/p><ol><li><span style=\"color: #000000;\">Envio digital do exame pelo cliente<\/span><\/li><li><span style=\"color: #000000;\">Avalia\u00e7\u00e3o do exame pela MobileVet<\/span><\/li><li><span style=\"color: #000000;\">Envio digital do laudo pela MobileVet<\/span><\/li><\/ol><p><span style=\"color: #000000;\"><strong>\u00a0<br \/><\/strong><\/span><span style=\"color: #000000;\"><strong>Benef\u00edcios da telerradiologia veterin\u00e1ria<\/strong><\/span><\/p><ul><li><span style=\"color: #000000;\">Otimiza\u00e7\u00e3o de custos com equipe de especialistas<\/span><\/li><li><span style=\"color: #000000;\">Ganho de tempo no processo digital<\/span><\/li><li><span style=\"color: #000000;\">Fideliza\u00e7\u00e3o de seus clientes em manter a rotina de exames de diagn\u00f3stico de seus pacientes dentro do seu estabelecimento<\/span><\/li><li><span style=\"color: #000000;\">Orienta\u00e7\u00e3o e suporte de nossa equipe em casos espec\u00edficos<\/span><\/li><li><span style=\"color: #000000;\">Qualidade e pontualidade na entrega dos resultados<\/span><\/li><li><span style=\"color: #000000;\">Custo por demanda, independente da quantidade<\/span><\/li><li><span style=\"color: #000000;\">Atendemos todo o Brasil<\/span><\/li><\/ul>\t\t\t\t\t\t<\/div>\n\t\t\t\t<\/div>\n\t\t\t\t<div class=\"elementor-element elementor-element-d3b162a elementor-align-center elementor-widget elementor-widget-button\" data-id=\"d3b162a\" data-element_type=\"widget\" data-widget_type=\"button.default\">\n\t\t\t\t<div class=\"elementor-widget-container\">\n\t\t\t\t\t<div class=\"elementor-button-wrapper\">\n\t\t\t<a class=\"elementor-button elementor-button-link elementor-size-sm\" href=\"https:\/\/w.app\/v1pmou\">\n\t\t\t\t\t\t<span class=\"elementor-button-content-wrapper\">\n\t\t\t\t\t\t<span class=\"elementor-button-text\">FALE CONOSCO AGORA MESMO!<\/span>\n\t\t<\/span>\n\t\t\t\t\t<\/a>\n\t\t<\/div>\n\t\t\t\t<\/div>\n\t\t\t\t<\/div>\n\t\t\t\t<div class=\"elementor-element elementor-element-cf56ee2 elementor-widget elementor-widget-video\" data-id=\"cf56ee2\" data-element_type=\"widget\" data-settings=\"{&quot;youtube_url&quot;:&quot;https:\\\/\\\/www.youtube.com\\\/watch?v=CuMQd7zOvmQ&amp;t=3s&quot;,&quot;video_type&quot;:&quot;youtube&quot;,&quot;controls&quot;:&quot;yes&quot;}\" data-widget_type=\"video.default\">\n\t\t\t\t<div class=\"elementor-widget-container\">\n\t\t\t<style>\/*! elementor - v3.15.0 - 20-08-2023 *\/\n.elementor-widget-video .elementor-widget-container{overflow:hidden;transform:translateZ(0)}.elementor-widget-video .elementor-wrapper{aspect-ratio:var(--video-aspect-ratio)}.elementor-widget-video .elementor-wrapper iframe,.elementor-widget-video .elementor-wrapper video{height:100%;width:100%;display:flex;border:none;background-color:#000}@supports not (aspect-ratio:1\/1){.elementor-widget-video .elementor-wrapper{position:relative;overflow:hidden;height:0;padding-bottom:calc(100% \/ var(--video-aspect-ratio))}.elementor-widget-video .elementor-wrapper iframe,.elementor-widget-video .elementor-wrapper video{position:absolute;top:0;right:0;bottom:0;left:0}}.elementor-widget-video .elementor-open-inline .elementor-custom-embed-image-overlay{position:absolute;top:0;right:0;bottom:0;left:0;background-size:cover;background-position:50%}.elementor-widget-video .elementor-custom-embed-image-overlay{cursor:pointer;text-align:center}.elementor-widget-video .elementor-custom-embed-image-overlay:hover .elementor-custom-embed-play i{opacity:1}.elementor-widget-video .elementor-custom-embed-image-overlay img{display:block;width:100%;aspect-ratio:var(--video-aspect-ratio);-o-object-fit:cover;object-fit:cover;-o-object-position:center center;object-position:center center}@supports not (aspect-ratio:1\/1){.elementor-widget-video .elementor-custom-embed-image-overlay{position:relative;overflow:hidden;height:0;padding-bottom:calc(100% \/ var(--video-aspect-ratio))}.elementor-widget-video .elementor-custom-embed-image-overlay img{position:absolute;top:0;right:0;bottom:0;left:0}}.elementor-widget-video .e-hosted-video .elementor-video{-o-object-fit:cover;object-fit:cover}.e-con-inner>.elementor-widget-video,.e-con>.elementor-widget-video{width:var(--container-widget-width);--flex-grow:var(--container-widget-flex-grow)}<\/style>\t\t<div class=\"elementor-wrapper elementor-open-inline\">\n\t\t\t<div class=\"elementor-video\"><\/div>\t\t<\/div>\n\t\t\t\t<\/div>\n\t\t\t\t<\/div>\n\t\t\t\t<div class=\"elementor-element elementor-element-06d88c2 elementor-widget elementor-widget-spacer\" data-id=\"06d88c2\" data-element_type=\"widget\" data-widget_type=\"spacer.default\">\n\t\t\t\t<div class=\"elementor-widget-container\">\n\t\t\t\t\t<div class=\"elementor-spacer\">\n\t\t\t<div class=\"elementor-spacer-inner\"><\/div>\n\t\t<\/div>\n\t\t\t\t<\/div>\n\t\t\t\t<\/div>\n\t\t\t\t<div class=\"elementor-element elementor-element-591fb03 elementor-widget__width-initial elementor-widget elementor-widget-text-editor\" data-id=\"591fb03\" data-element_type=\"widget\" data-widget_type=\"text-editor.default\">\n\t\t\t\t<div class=\"elementor-widget-container\">\n\t\t\t\t\t\t\t\t\t\t\t\t\t<\/div>\n\t\t\t\t<\/div>\n\t\t\t\t<div class=\"elementor-element elementor-element-b687ed3 elementor-widget__width-initial elementor-widget elementor-widget-text-editor\" data-id=\"b687ed3\" data-element_type=\"widget\" data-widget_type=\"text-editor.default\">\n\t\t\t\t<div class=\"elementor-widget-container\">\n\t\t\t\t\t\t\t<h1 style=\"text-align: center;\"><strong style=\"font-family: 'Red Hat Display', -apple-system, BlinkMacSystemFont, 'Segoe UI', Roboto, Oxygen-Sans, Ubuntu, Cantarell, 'Helvetica Neue', sans-serif; letter-spacing: 0px; font-size: 26px;\">Suporte e treinamento de equipes de telerradiologia veterin\u00e1ria<\/strong><\/h1><p>Nossa experi\u00eancia de mais de 15 anos no mercado, nos permite ajudar clientes e parceiros com nossa consultoria de instala\u00e7\u00e3o da estrutura f\u00edsica da sala de radiologia e treinamento de posicionamento e t\u00e9cnica radiogr\u00e1fica.<\/p><h3>\u00a0<\/h3><h3 style=\"text-align: center;\"><strong>Tutoriais de posicionamentos para telerradiologia<\/strong><\/h3><p>Para te ajudar ainda mais na precis\u00e3o dos laudos, criamos uma s\u00e9rie de v\u00eddeos em nosso canal no YouTube, onde a Dra. Fernanda Saraiva e a Dra. Lia Costa apresentam como posicionar o paciente de acordo com cada exame e caso.<\/p><p><span style=\"letter-spacing: 0px;\">Fale agora mesmo com nossa equipe e entenda como podemos te ajudar!<\/span><\/p>\t\t\t\t\t\t<\/div>\n\t\t\t\t<\/div>\n\t\t\t\t<div class=\"elementor-element elementor-element-49a30c7 elementor-widget elementor-widget-video\" data-id=\"49a30c7\" data-element_type=\"widget\" data-settings=\"{&quot;youtube_url&quot;:&quot;https:\\\/\\\/www.youtube.com\\\/watch?v=f2Cf_b2Jgjc&amp;list=PL7OZ486h4sauQfnyW9MI2hxRCPzA39cGS&amp;t=2s&quot;,&quot;video_type&quot;:&quot;youtube&quot;,&quot;controls&quot;:&quot;yes&quot;}\" data-widget_type=\"video.default\">\n\t\t\t\t<div class=\"elementor-widget-container\">\n\t\t\t\t\t<div class=\"elementor-wrapper elementor-open-inline\">\n\t\t\t<div class=\"elementor-video\"><\/div>\t\t<\/div>\n\t\t\t\t<\/div>\n\t\t\t\t<\/div>\n\t\t\t\t\t<\/div>\n\t\t<\/div>\n\t\t\t\t\t\t\t<\/div>\n\t\t<\/section>\n\t\t\t\t<section class=\"elementor-section elementor-top-section elementor-element elementor-element-bb03549 elementor-section-boxed elementor-section-height-default elementor-section-height-default\" data-id=\"bb03549\" data-element_type=\"section\">\n\t\t\t\t\t\t<div class=\"elementor-container elementor-column-gap-default\">\n\t\t\t\t\t<div class=\"elementor-column elementor-col-100 elementor-top-column elementor-element elementor-element-fac5b65\" data-id=\"fac5b65\" data-element_type=\"column\">\n\t\t\t<div class=\"elementor-widget-wrap elementor-element-populated\">\n\t\t\t\t\t\t\t\t<div class=\"elementor-element elementor-element-361586e elementor-widget elementor-widget-spacer\" data-id=\"361586e\" data-element_type=\"widget\" data-widget_type=\"spacer.default\">\n\t\t\t\t<div class=\"elementor-widget-container\">\n\t\t\t\t\t<div class=\"elementor-spacer\">\n\t\t\t<div class=\"elementor-spacer-inner\"><\/div>\n\t\t<\/div>\n\t\t\t\t<\/div>\n\t\t\t\t<\/div>\n\t\t\t\t<div class=\"elementor-element elementor-element-68ad7e1 elementor-align-center elementor-widget elementor-widget-button\" data-id=\"68ad7e1\" data-element_type=\"widget\" data-widget_type=\"button.default\">\n\t\t\t\t<div class=\"elementor-widget-container\">\n\t\t\t\t\t<div class=\"elementor-button-wrapper\">\n\t\t\t<a class=\"elementor-button elementor-button-link elementor-size-md\" href=\"https:\/\/w.app\/v1pmou\">\n\t\t\t\t\t\t<span class=\"elementor-button-content-wrapper\">\n\t\t\t\t\t\t<span class=\"elementor-button-text\">Clique aqui para falar conosco!<\/span>\n\t\t<\/span>\n\t\t\t\t\t<\/a>\n\t\t<\/div>\n\t\t\t\t<\/div>\n\t\t\t\t<\/div>\n\t\t\t\t\t<\/div>\n\t\t<\/div>\n\t\t\t\t\t\t\t<\/div>\n\t\t<\/section>\n\t\t\t\t\t\t\t<\/div>\n\t\t","protected":false},"excerpt":{"rendered":"<p>TELERRADIOLOGIA VETERIN\u00c1RIA Servi\u00e7o de laudo a dist\u00e2ncia de animais de pequeno e grande porte e animais silvestres. O servi\u00e7o de laudo veterin\u00e1rio a dist\u00e2ncia \u00e9 uma<span class=\"excerpt-hellip\"> [\u2026]<\/span><\/p>\n","protected":false},"author":9,"featured_media":0,"parent":0,"menu_order":0,"comment_status":"open","ping_status":"open","template":"","meta":{"_joinchat":[]},"yoast_head":"<!-- This site is optimized with the Yoast SEO plugin v18.7 - https:\/\/yoast.com\/wordpress\/plugins\/seo\/ -->\n<title>- Mobile Vet<\/title>\n<meta name=\"robots\" content=\"index, follow, max-snippet:-1, max-image-preview:large, max-video-preview:-1\" \/>\n<link rel=\"canonical\" href=\"https:\/\/mobilevet.com.br\/site\/telerradiologia\/\" \/>\n<meta property=\"og:locale\" content=\"pt_BR\" \/>\n<meta property=\"og:type\" content=\"article\" \/>\n<meta property=\"og:title\" content=\"- Mobile Vet\" \/>\n<meta property=\"og:description\" content=\"TELERRADIOLOGIA VETERIN\u00c1RIA Servi\u00e7o de laudo a dist\u00e2ncia de animais de pequeno e grande porte e animais silvestres. O servi\u00e7o de laudo veterin\u00e1rio a dist\u00e2ncia \u00e9 uma [\u2026]\" \/>\n<meta property=\"og:url\" content=\"https:\/\/mobilevet.com.br\/site\/telerradiologia\/\" \/>\n<meta property=\"og:site_name\" content=\"Mobile Vet\" \/>\n<meta property=\"article:modified_time\" content=\"2024-07-24T18:56:21+00:00\" \/>\n<meta name=\"twitter:card\" content=\"summary_large_image\" \/>\n<meta name=\"twitter:label1\" content=\"Est. tempo de leitura\" \/>\n\t<meta name=\"twitter:data1\" content=\"2 minutos\" \/>\n<script type=\"application\/ld+json\" class=\"yoast-schema-graph\">{\"@context\":\"https:\/\/schema.org\",\"@graph\":[{\"@type\":\"WebSite\",\"@id\":\"https:\/\/mobilevet.com.br\/site\/#website\",\"url\":\"https:\/\/mobilevet.com.br\/site\/\",\"name\":\"Mobile Vet\",\"description\":\"Exames de diagn\u00f3sticos veterin\u00e1rios e consultoria cardiol\u00f3gica\",\"potentialAction\":[{\"@type\":\"SearchAction\",\"target\":{\"@type\":\"EntryPoint\",\"urlTemplate\":\"https:\/\/mobilevet.com.br\/site\/?s={search_term_string}\"},\"query-input\":\"required name=search_term_string\"}],\"inLanguage\":\"pt-BR\"},{\"@type\":\"WebPage\",\"@id\":\"https:\/\/mobilevet.com.br\/site\/telerradiologia\/#webpage\",\"url\":\"https:\/\/mobilevet.com.br\/site\/telerradiologia\/\",\"name\":\"- Mobile Vet\",\"isPartOf\":{\"@id\":\"https:\/\/mobilevet.com.br\/site\/#website\"},\"datePublished\":\"2020-10-26T20:00:45+00:00\",\"dateModified\":\"2024-07-24T18:56:21+00:00\",\"breadcrumb\":{\"@id\":\"https:\/\/mobilevet.com.br\/site\/telerradiologia\/#breadcrumb\"},\"inLanguage\":\"pt-BR\",\"potentialAction\":[{\"@type\":\"ReadAction\",\"target\":[\"https:\/\/mobilevet.com.br\/site\/telerradiologia\/\"]}]},{\"@type\":\"BreadcrumbList\",\"@id\":\"https:\/\/mobilevet.com.br\/site\/telerradiologia\/#breadcrumb\",\"itemListElement\":[{\"@type\":\"ListItem\",\"position\":1,\"name\":\"In\u00edcio\",\"item\":\"https:\/\/mobilevet.com.br\/site\/\"},{\"@type\":\"ListItem\",\"position\":2,\"name\":\"Telerradiologia\"}]}]}<\/script>\n<!-- \/ Yoast SEO plugin. -->","yoast_head_json":{"title":"- Mobile Vet","robots":{"index":"index","follow":"follow","max-snippet":"max-snippet:-1","max-image-preview":"max-image-preview:large","max-video-preview":"max-video-preview:-1"},"canonical":"https:\/\/mobilevet.com.br\/site\/telerradiologia\/","og_locale":"pt_BR","og_type":"article","og_title":"- Mobile Vet","og_description":"TELERRADIOLOGIA VETERIN\u00c1RIA Servi\u00e7o de laudo a dist\u00e2ncia de animais de pequeno e grande porte e animais silvestres. O servi\u00e7o de laudo veterin\u00e1rio a dist\u00e2ncia \u00e9 uma [\u2026]","og_url":"https:\/\/mobilevet.com.br\/site\/telerradiologia\/","og_site_name":"Mobile Vet","article_modified_time":"2024-07-24T18:56:21+00:00","twitter_card":"summary_large_image","twitter_misc":{"Est. tempo de leitura":"2 minutos"},"schema":{"@context":"https:\/\/schema.org","@graph":[{"@type":"WebSite","@id":"https:\/\/mobilevet.com.br\/site\/#website","url":"https:\/\/mobilevet.com.br\/site\/","name":"Mobile Vet","description":"Exames de diagn\u00f3sticos veterin\u00e1rios e consultoria cardiol\u00f3gica","potentialAction":[{"@type":"SearchAction","target":{"@type":"EntryPoint","urlTemplate":"https:\/\/mobilevet.com.br\/site\/?s={search_term_string}"},"query-input":"required name=search_term_string"}],"inLanguage":"pt-BR"},{"@type":"WebPage","@id":"https:\/\/mobilevet.com.br\/site\/telerradiologia\/#webpage","url":"https:\/\/mobilevet.com.br\/site\/telerradiologia\/","name":"- Mobile Vet","isPartOf":{"@id":"https:\/\/mobilevet.com.br\/site\/#website"},"datePublished":"2020-10-26T20:00:45+00:00","dateModified":"2024-07-24T18:56:21+00:00","breadcrumb":{"@id":"https:\/\/mobilevet.com.br\/site\/telerradiologia\/#breadcrumb"},"inLanguage":"pt-BR","potentialAction":[{"@type":"ReadAction","target":["https:\/\/mobilevet.com.br\/site\/telerradiologia\/"]}]},{"@type":"BreadcrumbList","@id":"https:\/\/mobilevet.com.br\/site\/telerradiologia\/#breadcrumb","itemListElement":[{"@type":"ListItem","position":1,"name":"In\u00edcio","item":"https:\/\/mobilevet.com.br\/site\/"},{"@type":"ListItem","position":2,"name":"Telerradiologia"}]}]}},"_links":{"self":[{"href":"https:\/\/mobilevet.com.br\/site\/wp-json\/wp\/v2\/pages\/729"}],"collection":[{"href":"https:\/\/mobilevet.com.br\/site\/wp-json\/wp\/v2\/pages"}],"about":[{"href":"https:\/\/mobilevet.com.br\/site\/wp-json\/wp\/v2\/types\/page"}],"author":[{"embeddable":true,"href":"https:\/\/mobilevet.com.br\/site\/wp-json\/wp\/v2\/users\/9"}],"replies":[{"embeddable":true,"href":"https:\/\/mobilevet.com.br\/site\/wp-json\/wp\/v2\/comments?post=729"}],"version-history":[{"count":32,"href":"https:\/\/mobilevet.com.br\/site\/wp-json\/wp\/v2\/pages\/729\/revisions"}],"predecessor-version":[{"id":2842,"href":"https:\/\/mobilevet.com.br\/site\/wp-json\/wp\/v2\/pages\/729\/revisions\/2842"}],"wp:attachment":[{"href":"https:\/\/mobilevet.com.br\/site\/wp-json\/wp\/v2\/media?parent=729"}],"curies":[{"name":"wp","href":"https:\/\/api.w.org\/{rel}","templated":true}]}}