{"id":731,"date":"2018-11-23T14:38:50","date_gmt":"2018-11-23T16:38:50","guid":{"rendered":"https:\/\/mobilevet.com.br\/site\/?page_id=731"},"modified":"2018-11-23T14:38:50","modified_gmt":"2018-11-23T16:38:50","slug":"eletrocardiograma-a-distancia","status":"publish","type":"page","link":"https:\/\/mobilevet.com.br\/site\/eletrocardiograma-a-distancia\/","title":{"rendered":"Eletrocardiograma a dist\u00e2ncia"},"content":{"rendered":"<p>Seguindo a tend\u00eancia do mercado e a proposta da MobileVet de comodidade oferecemos o servi\u00e7o de laudo a dist\u00e2ncia de eletrocardiograma.<\/p>\n<p>Os tra\u00e7ados adquiridos em cl\u00ednicas e hospitais veterin\u00e1rios, que possuam o eletrocardi\u00f3grafo, mas que n\u00e3o tenham cardiologista na equipe, sejam laudadas pelos profissionais da MobileVet.<\/p>\n<p>A MobileVet oferece consultoria na escolha t\u00e9cnica do eletrocardiogr\u00e1fo e ainda treinamento para captura dos tra\u00e7ados eletrocardiogr\u00e1fico.<\/p>\n","protected":false},"excerpt":{"rendered":"<p>Seguindo a tend\u00eancia do mercado e a proposta da MobileVet de comodidade oferecemos o servi\u00e7o de laudo a dist\u00e2ncia de eletrocardiograma. Os tra\u00e7ados adquiridos em cl\u00ednicas<span class=\"excerpt-hellip\"> [\u2026]<\/span><\/p>\n","protected":false},"author":4,"featured_media":0,"parent":0,"menu_order":0,"comment_status":"open","ping_status":"open","template":"","meta":{"_joinchat":[]},"yoast_head":"<!-- This site is optimized with the Yoast SEO plugin v18.7 - https:\/\/yoast.com\/wordpress\/plugins\/seo\/ -->\n<title>- Mobile Vet<\/title>\n<meta name=\"robots\" content=\"index, follow, max-snippet:-1, max-image-preview:large, max-video-preview:-1\" \/>\n<link rel=\"canonical\" href=\"https:\/\/mobilevet.com.br\/site\/eletrocardiograma-a-distancia\/\" \/>\n<meta property=\"og:locale\" content=\"pt_BR\" \/>\n<meta property=\"og:type\" content=\"article\" \/>\n<meta property=\"og:title\" content=\"- Mobile Vet\" \/>\n<meta property=\"og:description\" content=\"Seguindo a tend\u00eancia do mercado e a proposta da MobileVet de comodidade oferecemos o servi\u00e7o de laudo a dist\u00e2ncia de eletrocardiograma. Os tra\u00e7ados adquiridos em cl\u00ednicas [\u2026]\" \/>\n<meta property=\"og:url\" content=\"https:\/\/mobilevet.com.br\/site\/eletrocardiograma-a-distancia\/\" \/>\n<meta property=\"og:site_name\" content=\"Mobile Vet\" \/>\n<meta name=\"twitter:card\" content=\"summary_large_image\" \/>\n<script type=\"application\/ld+json\" class=\"yoast-schema-graph\">{\"@context\":\"https:\/\/schema.org\",\"@graph\":[{\"@type\":\"WebSite\",\"@id\":\"https:\/\/mobilevet.com.br\/site\/#website\",\"url\":\"https:\/\/mobilevet.com.br\/site\/\",\"name\":\"Mobile Vet\",\"description\":\"Exames de diagn\u00f3sticos veterin\u00e1rios e consultoria cardiol\u00f3gica\",\"potentialAction\":[{\"@type\":\"SearchAction\",\"target\":{\"@type\":\"EntryPoint\",\"urlTemplate\":\"https:\/\/mobilevet.com.br\/site\/?s={search_term_string}\"},\"query-input\":\"required name=search_term_string\"}],\"inLanguage\":\"pt-BR\"},{\"@type\":\"WebPage\",\"@id\":\"https:\/\/mobilevet.com.br\/site\/eletrocardiograma-a-distancia\/#webpage\",\"url\":\"https:\/\/mobilevet.com.br\/site\/eletrocardiograma-a-distancia\/\",\"name\":\"- Mobile Vet\",\"isPartOf\":{\"@id\":\"https:\/\/mobilevet.com.br\/site\/#website\"},\"datePublished\":\"2018-11-23T16:38:50+00:00\",\"dateModified\":\"2018-11-23T16:38:50+00:00\",\"breadcrumb\":{\"@id\":\"https:\/\/mobilevet.com.br\/site\/eletrocardiograma-a-distancia\/#breadcrumb\"},\"inLanguage\":\"pt-BR\",\"potentialAction\":[{\"@type\":\"ReadAction\",\"target\":[\"https:\/\/mobilevet.com.br\/site\/eletrocardiograma-a-distancia\/\"]}]},{\"@type\":\"BreadcrumbList\",\"@id\":\"https:\/\/mobilevet.com.br\/site\/eletrocardiograma-a-distancia\/#breadcrumb\",\"itemListElement\":[{\"@type\":\"ListItem\",\"position\":1,\"name\":\"In\u00edcio\",\"item\":\"https:\/\/mobilevet.com.br\/site\/\"},{\"@type\":\"ListItem\",\"position\":2,\"name\":\"Eletrocardiograma a dist\u00e2ncia\"}]}]}<\/script>\n<!-- \/ Yoast SEO plugin. -->","yoast_head_json":{"title":"- Mobile Vet","robots":{"index":"index","follow":"follow","max-snippet":"max-snippet:-1","max-image-preview":"max-image-preview:large","max-video-preview":"max-video-preview:-1"},"canonical":"https:\/\/mobilevet.com.br\/site\/eletrocardiograma-a-distancia\/","og_locale":"pt_BR","og_type":"article","og_title":"- Mobile Vet","og_description":"Seguindo a tend\u00eancia do mercado e a proposta da MobileVet de comodidade oferecemos o servi\u00e7o de laudo a dist\u00e2ncia de eletrocardiograma. Os tra\u00e7ados adquiridos em cl\u00ednicas [\u2026]","og_url":"https:\/\/mobilevet.com.br\/site\/eletrocardiograma-a-distancia\/","og_site_name":"Mobile Vet","twitter_card":"summary_large_image","schema":{"@context":"https:\/\/schema.org","@graph":[{"@type":"WebSite","@id":"https:\/\/mobilevet.com.br\/site\/#website","url":"https:\/\/mobilevet.com.br\/site\/","name":"Mobile Vet","description":"Exames de diagn\u00f3sticos veterin\u00e1rios e consultoria cardiol\u00f3gica","potentialAction":[{"@type":"SearchAction","target":{"@type":"EntryPoint","urlTemplate":"https:\/\/mobilevet.com.br\/site\/?s={search_term_string}"},"query-input":"required name=search_term_string"}],"inLanguage":"pt-BR"},{"@type":"WebPage","@id":"https:\/\/mobilevet.com.br\/site\/eletrocardiograma-a-distancia\/#webpage","url":"https:\/\/mobilevet.com.br\/site\/eletrocardiograma-a-distancia\/","name":"- Mobile Vet","isPartOf":{"@id":"https:\/\/mobilevet.com.br\/site\/#website"},"datePublished":"2018-11-23T16:38:50+00:00","dateModified":"2018-11-23T16:38:50+00:00","breadcrumb":{"@id":"https:\/\/mobilevet.com.br\/site\/eletrocardiograma-a-distancia\/#breadcrumb"},"inLanguage":"pt-BR","potentialAction":[{"@type":"ReadAction","target":["https:\/\/mobilevet.com.br\/site\/eletrocardiograma-a-distancia\/"]}]},{"@type":"BreadcrumbList","@id":"https:\/\/mobilevet.com.br\/site\/eletrocardiograma-a-distancia\/#breadcrumb","itemListElement":[{"@type":"ListItem","position":1,"name":"In\u00edcio","item":"https:\/\/mobilevet.com.br\/site\/"},{"@type":"ListItem","position":2,"name":"Eletrocardiograma a dist\u00e2ncia"}]}]}},"_links":{"self":[{"href":"https:\/\/mobilevet.com.br\/site\/wp-json\/wp\/v2\/pages\/731"}],"collection":[{"href":"https:\/\/mobilevet.com.br\/site\/wp-json\/wp\/v2\/pages"}],"about":[{"href":"https:\/\/mobilevet.com.br\/site\/wp-json\/wp\/v2\/types\/page"}],"author":[{"embeddable":true,"href":"https:\/\/mobilevet.com.br\/site\/wp-json\/wp\/v2\/users\/4"}],"replies":[{"embeddable":true,"href":"https:\/\/mobilevet.com.br\/site\/wp-json\/wp\/v2\/comments?post=731"}],"version-history":[{"count":1,"href":"https:\/\/mobilevet.com.br\/site\/wp-json\/wp\/v2\/pages\/731\/revisions"}],"predecessor-version":[{"id":732,"href":"https:\/\/mobilevet.com.br\/site\/wp-json\/wp\/v2\/pages\/731\/revisions\/732"}],"wp:attachment":[{"href":"https:\/\/mobilevet.com.br\/site\/wp-json\/wp\/v2\/media?parent=731"}],"curies":[{"name":"wp","href":"https:\/\/api.w.org\/{rel}","templated":true}]}}