{"id":822,"date":"2019-08-29T15:58:40","date_gmt":"2019-08-29T18:58:40","guid":{"rendered":"https:\/\/mobilevet.com.br\/site\/?page_id=822"},"modified":"2024-04-22T17:43:07","modified_gmt":"2024-04-22T20:43:07","slug":"treinamentos","status":"publish","type":"page","link":"https:\/\/mobilevet.com.br\/site\/treinamentos\/","title":{"rendered":"Treinamentos"},"content":{"rendered":"\t\t<div data-elementor-type=\"wp-page\" data-elementor-id=\"822\" class=\"elementor elementor-822\" data-elementor-post-type=\"page\">\n\t\t\t\t\t\t\t\t\t<section class=\"elementor-section elementor-top-section elementor-element elementor-element-2362362a elementor-section-boxed elementor-section-height-default elementor-section-height-default\" data-id=\"2362362a\" data-element_type=\"section\">\n\t\t\t\t\t\t<div class=\"elementor-container elementor-column-gap-default\">\n\t\t\t\t\t<div class=\"elementor-column elementor-col-100 elementor-top-column elementor-element elementor-element-5dab518b\" data-id=\"5dab518b\" data-element_type=\"column\">\n\t\t\t<div class=\"elementor-widget-wrap elementor-element-populated\">\n\t\t\t\t\t\t\t\t<div class=\"elementor-element elementor-element-2b0dcdd elementor-widget elementor-widget-text-editor\" data-id=\"2b0dcdd\" data-element_type=\"widget\" data-widget_type=\"text-editor.default\">\n\t\t\t\t<div class=\"elementor-widget-container\">\n\t\t\t<style>\/*! elementor - v3.15.0 - 20-08-2023 *\/\n.elementor-widget-text-editor.elementor-drop-cap-view-stacked .elementor-drop-cap{background-color:#69727d;color:#fff}.elementor-widget-text-editor.elementor-drop-cap-view-framed .elementor-drop-cap{color:#69727d;border:3px solid;background-color:transparent}.elementor-widget-text-editor:not(.elementor-drop-cap-view-default) .elementor-drop-cap{margin-top:8px}.elementor-widget-text-editor:not(.elementor-drop-cap-view-default) .elementor-drop-cap-letter{width:1em;height:1em}.elementor-widget-text-editor .elementor-drop-cap{float:left;text-align:center;line-height:1;font-size:50px}.elementor-widget-text-editor .elementor-drop-cap-letter{display:inline-block}<\/style>\t\t\t\t<p><strong><span style=\"color: #008080;\">\u00c9 com muita alegria que anunciamos o lan\u00e7amento da EngionVet para gerenciar os treinamentos de ultrassonografia e cardiologia da MobileVet!<\/span><\/strong><\/p>\t\t\t\t\t\t<\/div>\n\t\t\t\t<\/div>\n\t\t\t\t\t<\/div>\n\t\t<\/div>\n\t\t\t\t\t\t\t<\/div>\n\t\t<\/section>\n\t\t\t\t<section class=\"elementor-section elementor-top-section elementor-element elementor-element-1d78dfa elementor-section-boxed elementor-section-height-default elementor-section-height-default\" data-id=\"1d78dfa\" data-element_type=\"section\">\n\t\t\t\t\t\t<div class=\"elementor-container elementor-column-gap-default\">\n\t\t\t\t\t<div class=\"elementor-column elementor-col-100 elementor-top-column elementor-element elementor-element-543f37b\" data-id=\"543f37b\" data-element_type=\"column\">\n\t\t\t<div class=\"elementor-widget-wrap elementor-element-populated\">\n\t\t\t\t\t\t\t\t<div class=\"elementor-element elementor-element-e9e3161 elementor-widget elementor-widget-video\" data-id=\"e9e3161\" data-element_type=\"widget\" data-settings=\"{&quot;youtube_url&quot;:&quot;https:\\\/\\\/www.youtube.com\\\/watch?v=2BpXxsR28os&amp;t=6s&quot;,&quot;video_type&quot;:&quot;youtube&quot;,&quot;controls&quot;:&quot;yes&quot;}\" data-widget_type=\"video.default\">\n\t\t\t\t<div class=\"elementor-widget-container\">\n\t\t\t<style>\/*! elementor - v3.15.0 - 20-08-2023 *\/\n.elementor-widget-video .elementor-widget-container{overflow:hidden;transform:translateZ(0)}.elementor-widget-video .elementor-wrapper{aspect-ratio:var(--video-aspect-ratio)}.elementor-widget-video .elementor-wrapper iframe,.elementor-widget-video .elementor-wrapper video{height:100%;width:100%;display:flex;border:none;background-color:#000}@supports not (aspect-ratio:1\/1){.elementor-widget-video .elementor-wrapper{position:relative;overflow:hidden;height:0;padding-bottom:calc(100% \/ var(--video-aspect-ratio))}.elementor-widget-video .elementor-wrapper iframe,.elementor-widget-video .elementor-wrapper video{position:absolute;top:0;right:0;bottom:0;left:0}}.elementor-widget-video .elementor-open-inline .elementor-custom-embed-image-overlay{position:absolute;top:0;right:0;bottom:0;left:0;background-size:cover;background-position:50%}.elementor-widget-video .elementor-custom-embed-image-overlay{cursor:pointer;text-align:center}.elementor-widget-video .elementor-custom-embed-image-overlay:hover .elementor-custom-embed-play i{opacity:1}.elementor-widget-video .elementor-custom-embed-image-overlay img{display:block;width:100%;aspect-ratio:var(--video-aspect-ratio);-o-object-fit:cover;object-fit:cover;-o-object-position:center center;object-position:center center}@supports not (aspect-ratio:1\/1){.elementor-widget-video .elementor-custom-embed-image-overlay{position:relative;overflow:hidden;height:0;padding-bottom:calc(100% \/ var(--video-aspect-ratio))}.elementor-widget-video .elementor-custom-embed-image-overlay img{position:absolute;top:0;right:0;bottom:0;left:0}}.elementor-widget-video .e-hosted-video .elementor-video{-o-object-fit:cover;object-fit:cover}.e-con-inner>.elementor-widget-video,.e-con>.elementor-widget-video{width:var(--container-widget-width);--flex-grow:var(--container-widget-flex-grow)}<\/style>\t\t<div class=\"elementor-wrapper elementor-open-inline\">\n\t\t\t<div class=\"elementor-video\"><\/div>\t\t<\/div>\n\t\t\t\t<\/div>\n\t\t\t\t<\/div>\n\t\t\t\t\t<\/div>\n\t\t<\/div>\n\t\t\t\t\t\t\t<\/div>\n\t\t<\/section>\n\t\t\t\t<section class=\"elementor-section elementor-top-section elementor-element elementor-element-87006ac elementor-section-boxed elementor-section-height-default elementor-section-height-default\" data-id=\"87006ac\" data-element_type=\"section\">\n\t\t\t\t\t\t<div class=\"elementor-container elementor-column-gap-default\">\n\t\t\t\t\t<div class=\"elementor-column elementor-col-100 elementor-top-column elementor-element elementor-element-1599b47\" data-id=\"1599b47\" data-element_type=\"column\">\n\t\t\t<div class=\"elementor-widget-wrap elementor-element-populated\">\n\t\t\t\t\t\t\t\t<div class=\"elementor-element elementor-element-6c74167 elementor-widget elementor-widget-text-editor\" data-id=\"6c74167\" data-element_type=\"widget\" data-widget_type=\"text-editor.default\">\n\t\t\t\t<div class=\"elementor-widget-container\">\n\t\t\t\t\t\t\t<div class=\"elementor-element elementor-element-cd2353d elementor-widget elementor-widget-heading\" data-id=\"cd2353d\" data-element_type=\"widget\" data-widget_type=\"heading.default\"><div class=\"elementor-widget-container\"><h2 class=\"elementor-heading-title elementor-size-default\"><span style=\"color: #008080;\"><strong><a style=\"color: #008080;\" href=\"https:\/\/engionvet.com.br\/\">EngionVet<\/a> \u00e9<\/strong><\/span><\/h2><\/div><\/div><div class=\"elementor-element elementor-element-f9b8ae8 elementor-widget elementor-widget-text-editor\" data-id=\"f9b8ae8\" data-element_type=\"widget\" data-widget_type=\"text-editor.default\"><div class=\"elementor-widget-container\"><p><span style=\"color: #000000;\">Mais do que um centro de treinamento,\u00a0somos uma comunidade dedicada a melhorar a evolu\u00e7\u00e3o do profissional da veterin\u00e1ria.\u00a0<\/span><\/p><p><span style=\"color: #000000;\">Desde 2005, nossa empresa-m\u00e3e, MobileVet, tem sido um l\u00edder no diagn\u00f3stico veterin\u00e1rio e servi\u00e7os especializados, consolidando uma reputa\u00e7\u00e3o de excel\u00eancia.<\/span><\/p><p><span style=\"color: #000000;\">Na <a href=\"https:\/\/engionvet.com.br\/\">EngionVet<\/a>, n\u00e3o apenas moldamos profissionais; constru\u00edmos uma comunidade comprometida com o avan\u00e7o constante da sa\u00fade e do bem-estar animal. Junte-se a n\u00f3s nesta jornada transformadora, onde cada passo \u00e9 um progresso em dire\u00e7\u00e3o a um futuro mais brilhante para a medicina veterin\u00e1ria.<\/span><\/p><\/div><\/div>\t\t\t\t\t\t<\/div>\n\t\t\t\t<\/div>\n\t\t\t\t\t<\/div>\n\t\t<\/div>\n\t\t\t\t\t\t\t<\/div>\n\t\t<\/section>\n\t\t\t\t<section class=\"elementor-section elementor-top-section elementor-element elementor-element-d1060a8 elementor-section-boxed elementor-section-height-default elementor-section-height-default\" data-id=\"d1060a8\" data-element_type=\"section\">\n\t\t\t\t\t\t<div class=\"elementor-container elementor-column-gap-default\">\n\t\t\t\t\t<div class=\"elementor-column elementor-col-100 elementor-top-column elementor-element elementor-element-5c78786\" data-id=\"5c78786\" data-element_type=\"column\">\n\t\t\t<div class=\"elementor-widget-wrap elementor-element-populated\">\n\t\t\t\t\t\t\t\t<div class=\"elementor-element elementor-element-563d187 elementor-align-center elementor-widget elementor-widget-button\" data-id=\"563d187\" data-element_type=\"widget\" data-widget_type=\"button.default\">\n\t\t\t\t<div class=\"elementor-widget-container\">\n\t\t\t\t\t<div class=\"elementor-button-wrapper\">\n\t\t\t<a class=\"elementor-button elementor-button-link elementor-size-lg\" href=\"https:\/\/engionvet.com.br\/treinamentos\/\">\n\t\t\t\t\t\t<span class=\"elementor-button-content-wrapper\">\n\t\t\t\t\t\t<span class=\"elementor-button-text\">Clique aqui e conhe\u00e7a nossos treinamentos<\/span>\n\t\t<\/span>\n\t\t\t\t\t<\/a>\n\t\t<\/div>\n\t\t\t\t<\/div>\n\t\t\t\t<\/div>\n\t\t\t\t\t<\/div>\n\t\t<\/div>\n\t\t\t\t\t\t\t<\/div>\n\t\t<\/section>\n\t\t\t\t<section class=\"elementor-section elementor-top-section elementor-element elementor-element-2b0af45 elementor-section-boxed elementor-section-height-default elementor-section-height-default\" data-id=\"2b0af45\" data-element_type=\"section\">\n\t\t\t\t\t\t<div class=\"elementor-container elementor-column-gap-default\">\n\t\t\t\t\t<div class=\"elementor-column elementor-col-100 elementor-top-column elementor-element elementor-element-101b350\" data-id=\"101b350\" data-element_type=\"column\">\n\t\t\t<div class=\"elementor-widget-wrap elementor-element-populated\">\n\t\t\t\t\t\t\t\t<div class=\"elementor-element elementor-element-c0be041 elementor-widget elementor-widget-image\" data-id=\"c0be041\" data-element_type=\"widget\" data-widget_type=\"image.default\">\n\t\t\t\t<div class=\"elementor-widget-container\">\n\t\t\t<style>\/*! elementor - v3.15.0 - 20-08-2023 *\/\n.elementor-widget-image{text-align:center}.elementor-widget-image a{display:inline-block}.elementor-widget-image a img[src$=\".svg\"]{width:48px}.elementor-widget-image img{vertical-align:middle;display:inline-block}<\/style>\t\t\t\t\t\t\t\t\t\t\t\t\t<a href=\"https:\/\/engionvet.com.br\/\">\n\t\t\t\t\t\t\t<img width=\"300\" height=\"74\" src=\"https:\/\/mobilevet.com.br\/site\/wp-content\/uploads\/2024\/04\/Ativo-3-300x74.png\" class=\"attachment-medium size-medium wp-image-2638\" alt=\"\" loading=\"lazy\" srcset=\"https:\/\/mobilevet.com.br\/site\/wp-content\/uploads\/2024\/04\/Ativo-3-300x74.png 300w, https:\/\/mobilevet.com.br\/site\/wp-content\/uploads\/2024\/04\/Ativo-3-768x189.png 768w, https:\/\/mobilevet.com.br\/site\/wp-content\/uploads\/2024\/04\/Ativo-3-260x64.png 260w, https:\/\/mobilevet.com.br\/site\/wp-content\/uploads\/2024\/04\/Ativo-3-50x12.png 50w, https:\/\/mobilevet.com.br\/site\/wp-content\/uploads\/2024\/04\/Ativo-3-150x37.png 150w, https:\/\/mobilevet.com.br\/site\/wp-content\/uploads\/2024\/04\/Ativo-3.png 1002w\" sizes=\"(max-width: 300px) 100vw, 300px\" \/>\t\t\t\t\t\t\t\t<\/a>\n\t\t\t\t\t\t\t\t\t\t\t\t\t\t\t<\/div>\n\t\t\t\t<\/div>\n\t\t\t\t\t<\/div>\n\t\t<\/div>\n\t\t\t\t\t\t\t<\/div>\n\t\t<\/section>\n\t\t\t\t\t\t\t<\/div>\n\t\t","protected":false},"excerpt":{"rendered":"<p>\u00c9 com muita alegria que anunciamos o lan\u00e7amento da EngionVet para gerenciar os treinamentos de ultrassonografia e cardiologia da MobileVet! https:\/\/www.youtube.com\/watch?v=2BpXxsR28os&#038;t=6s EngionVet \u00e9 Mais do que<span class=\"excerpt-hellip\"> [\u2026]<\/span><\/p>\n","protected":false},"author":9,"featured_media":0,"parent":0,"menu_order":0,"comment_status":"open","ping_status":"open","template":"","meta":{"_joinchat":[]},"yoast_head":"<!-- This site is optimized with the Yoast SEO plugin v18.7 - https:\/\/yoast.com\/wordpress\/plugins\/seo\/ -->\n<title>Treinamento Veterin\u00e1rio Mobilevet<\/title>\n<meta name=\"description\" content=\"Agenda de treinamentos Mobilevet 2021. Treinamentos t\u00e9cnicos para profissionais da veterin\u00e1ria...\" \/>\n<meta name=\"robots\" content=\"index, follow, max-snippet:-1, max-image-preview:large, max-video-preview:-1\" \/>\n<link rel=\"canonical\" href=\"https:\/\/mobilevet.com.br\/site\/treinamentos\/\" \/>\n<meta property=\"og:locale\" content=\"pt_BR\" \/>\n<meta property=\"og:type\" content=\"article\" \/>\n<meta property=\"og:title\" content=\"Treinamento Veterin\u00e1rio Mobilevet\" \/>\n<meta property=\"og:description\" content=\"Agenda de treinamentos Mobilevet 2021. Treinamentos t\u00e9cnicos para profissionais da veterin\u00e1ria...\" \/>\n<meta property=\"og:url\" content=\"https:\/\/mobilevet.com.br\/site\/treinamentos\/\" \/>\n<meta property=\"og:site_name\" content=\"Mobile Vet\" \/>\n<meta property=\"article:modified_time\" content=\"2024-04-22T20:43:07+00:00\" \/>\n<meta property=\"og:image\" content=\"https:\/\/mobilevet.com.br\/site\/wp-content\/uploads\/2024\/04\/Ativo-3-300x74.png\" \/>\n<meta name=\"twitter:card\" content=\"summary_large_image\" \/>\n<meta name=\"twitter:label1\" content=\"Est. tempo de leitura\" \/>\n\t<meta name=\"twitter:data1\" content=\"2 minutos\" \/>\n<script type=\"application\/ld+json\" class=\"yoast-schema-graph\">{\"@context\":\"https:\/\/schema.org\",\"@graph\":[{\"@type\":\"WebSite\",\"@id\":\"https:\/\/mobilevet.com.br\/site\/#website\",\"url\":\"https:\/\/mobilevet.com.br\/site\/\",\"name\":\"Mobile Vet\",\"description\":\"Exames de diagn\u00f3sticos veterin\u00e1rios e consultoria cardiol\u00f3gica\",\"potentialAction\":[{\"@type\":\"SearchAction\",\"target\":{\"@type\":\"EntryPoint\",\"urlTemplate\":\"https:\/\/mobilevet.com.br\/site\/?s={search_term_string}\"},\"query-input\":\"required name=search_term_string\"}],\"inLanguage\":\"pt-BR\"},{\"@type\":\"ImageObject\",\"inLanguage\":\"pt-BR\",\"@id\":\"https:\/\/mobilevet.com.br\/site\/treinamentos\/#primaryimage\",\"url\":\"https:\/\/mobilevet.com.br\/site\/wp-content\/uploads\/2024\/04\/Ativo-3.png\",\"contentUrl\":\"https:\/\/mobilevet.com.br\/site\/wp-content\/uploads\/2024\/04\/Ativo-3.png\",\"width\":1002,\"height\":246},{\"@type\":\"WebPage\",\"@id\":\"https:\/\/mobilevet.com.br\/site\/treinamentos\/#webpage\",\"url\":\"https:\/\/mobilevet.com.br\/site\/treinamentos\/\",\"name\":\"Treinamento Veterin\u00e1rio Mobilevet\",\"isPartOf\":{\"@id\":\"https:\/\/mobilevet.com.br\/site\/#website\"},\"primaryImageOfPage\":{\"@id\":\"https:\/\/mobilevet.com.br\/site\/treinamentos\/#primaryimage\"},\"datePublished\":\"2019-08-29T18:58:40+00:00\",\"dateModified\":\"2024-04-22T20:43:07+00:00\",\"description\":\"Agenda de treinamentos Mobilevet 2021. Treinamentos t\u00e9cnicos para profissionais da veterin\u00e1ria...\",\"breadcrumb\":{\"@id\":\"https:\/\/mobilevet.com.br\/site\/treinamentos\/#breadcrumb\"},\"inLanguage\":\"pt-BR\",\"potentialAction\":[{\"@type\":\"ReadAction\",\"target\":[\"https:\/\/mobilevet.com.br\/site\/treinamentos\/\"]}]},{\"@type\":\"BreadcrumbList\",\"@id\":\"https:\/\/mobilevet.com.br\/site\/treinamentos\/#breadcrumb\",\"itemListElement\":[{\"@type\":\"ListItem\",\"position\":1,\"name\":\"In\u00edcio\",\"item\":\"https:\/\/mobilevet.com.br\/site\/\"},{\"@type\":\"ListItem\",\"position\":2,\"name\":\"Treinamentos\"}]}]}<\/script>\n<!-- \/ Yoast SEO plugin. -->","yoast_head_json":{"title":"Treinamento Veterin\u00e1rio Mobilevet","description":"Agenda de treinamentos Mobilevet 2021. Treinamentos t\u00e9cnicos para profissionais da veterin\u00e1ria...","robots":{"index":"index","follow":"follow","max-snippet":"max-snippet:-1","max-image-preview":"max-image-preview:large","max-video-preview":"max-video-preview:-1"},"canonical":"https:\/\/mobilevet.com.br\/site\/treinamentos\/","og_locale":"pt_BR","og_type":"article","og_title":"Treinamento Veterin\u00e1rio Mobilevet","og_description":"Agenda de treinamentos Mobilevet 2021. Treinamentos t\u00e9cnicos para profissionais da veterin\u00e1ria...","og_url":"https:\/\/mobilevet.com.br\/site\/treinamentos\/","og_site_name":"Mobile Vet","article_modified_time":"2024-04-22T20:43:07+00:00","og_image":[{"url":"https:\/\/mobilevet.com.br\/site\/wp-content\/uploads\/2024\/04\/Ativo-3-300x74.png"}],"twitter_card":"summary_large_image","twitter_misc":{"Est. tempo de leitura":"2 minutos"},"schema":{"@context":"https:\/\/schema.org","@graph":[{"@type":"WebSite","@id":"https:\/\/mobilevet.com.br\/site\/#website","url":"https:\/\/mobilevet.com.br\/site\/","name":"Mobile Vet","description":"Exames de diagn\u00f3sticos veterin\u00e1rios e consultoria cardiol\u00f3gica","potentialAction":[{"@type":"SearchAction","target":{"@type":"EntryPoint","urlTemplate":"https:\/\/mobilevet.com.br\/site\/?s={search_term_string}"},"query-input":"required name=search_term_string"}],"inLanguage":"pt-BR"},{"@type":"ImageObject","inLanguage":"pt-BR","@id":"https:\/\/mobilevet.com.br\/site\/treinamentos\/#primaryimage","url":"https:\/\/mobilevet.com.br\/site\/wp-content\/uploads\/2024\/04\/Ativo-3.png","contentUrl":"https:\/\/mobilevet.com.br\/site\/wp-content\/uploads\/2024\/04\/Ativo-3.png","width":1002,"height":246},{"@type":"WebPage","@id":"https:\/\/mobilevet.com.br\/site\/treinamentos\/#webpage","url":"https:\/\/mobilevet.com.br\/site\/treinamentos\/","name":"Treinamento Veterin\u00e1rio Mobilevet","isPartOf":{"@id":"https:\/\/mobilevet.com.br\/site\/#website"},"primaryImageOfPage":{"@id":"https:\/\/mobilevet.com.br\/site\/treinamentos\/#primaryimage"},"datePublished":"2019-08-29T18:58:40+00:00","dateModified":"2024-04-22T20:43:07+00:00","description":"Agenda de treinamentos Mobilevet 2021. Treinamentos t\u00e9cnicos para profissionais da veterin\u00e1ria...","breadcrumb":{"@id":"https:\/\/mobilevet.com.br\/site\/treinamentos\/#breadcrumb"},"inLanguage":"pt-BR","potentialAction":[{"@type":"ReadAction","target":["https:\/\/mobilevet.com.br\/site\/treinamentos\/"]}]},{"@type":"BreadcrumbList","@id":"https:\/\/mobilevet.com.br\/site\/treinamentos\/#breadcrumb","itemListElement":[{"@type":"ListItem","position":1,"name":"In\u00edcio","item":"https:\/\/mobilevet.com.br\/site\/"},{"@type":"ListItem","position":2,"name":"Treinamentos"}]}]}},"_links":{"self":[{"href":"https:\/\/mobilevet.com.br\/site\/wp-json\/wp\/v2\/pages\/822"}],"collection":[{"href":"https:\/\/mobilevet.com.br\/site\/wp-json\/wp\/v2\/pages"}],"about":[{"href":"https:\/\/mobilevet.com.br\/site\/wp-json\/wp\/v2\/types\/page"}],"author":[{"embeddable":true,"href":"https:\/\/mobilevet.com.br\/site\/wp-json\/wp\/v2\/users\/9"}],"replies":[{"embeddable":true,"href":"https:\/\/mobilevet.com.br\/site\/wp-json\/wp\/v2\/comments?post=822"}],"version-history":[{"count":64,"href":"https:\/\/mobilevet.com.br\/site\/wp-json\/wp\/v2\/pages\/822\/revisions"}],"predecessor-version":[{"id":2648,"href":"https:\/\/mobilevet.com.br\/site\/wp-json\/wp\/v2\/pages\/822\/revisions\/2648"}],"wp:attachment":[{"href":"https:\/\/mobilevet.com.br\/site\/wp-json\/wp\/v2\/media?parent=822"}],"curies":[{"name":"wp","href":"https:\/\/api.w.org\/{rel}","templated":true}]}}