{"id":921,"date":"2019-09-13T01:35:52","date_gmt":"2019-09-13T04:35:52","guid":{"rendered":"https:\/\/mobilevet.com.br\/site\/?page_id=921"},"modified":"2019-10-08T10:38:23","modified_gmt":"2019-10-08T13:38:23","slug":"acupuntura","status":"publish","type":"page","link":"https:\/\/mobilevet.com.br\/site\/acupuntura\/","title":{"rendered":"Acupuntura"},"content":{"rendered":"<p>A medicina tradicional chinesa visa restabelecer a sa\u00fade do paciente atrav\u00e9s do equil\u00edbrio energ\u00e9tico.<\/p>\n<p>Quando o paciente est\u00e1 enfermo, os sinais cl\u00ednicos aparecem por que h\u00e1 um desequil\u00edbrio da energia vital. A acupuntura visa o reequil\u00edbrio do paciente agindo na causa da enfermidade e n\u00e3o somente nos sintomas.<\/p>\n<p>Pode ser utilizada em associa\u00e7\u00e3o com fitoterapia, dietoterapia melhorando a resposta ao tratamento.<\/p>\n<p>Acupuntura \u00e9 indicada em quadros de dor (artrose, tendinite, displasia, altera\u00e7\u00e3o em coluna, tumor, &#8230;), Diabetes, convuls\u00e3o, doen\u00e7a renal, AVC, sequela de cinomose, hiperadrenocorticismo, incontin\u00eancia urin\u00e1ria, paralisia, etc.<\/p>\n<p>Conhe\u00e7a todas as <a href=\"https:\/\/mobilevet.com.br\/site\/servicos\">especialidades<\/a> que temos dispon\u00edvel para a sa\u00fade do seu pet!<\/p>\n<p>&nbsp;<\/p>\n<h3><span style=\"color: #206d6b;\">Especialista<\/span><\/h3>\n<p><strong>Thalita Sardinha<\/strong><br \/>\n2010 &#8211; Graduada pela Unesp\u00a0 campus Ara\u00e7atuba<br \/>\n2011- p\u00f3s graduada em\u00a0 Acupuntura Veterin\u00e1ria pelo\u00a0 Instituto Bioethicus &#8211; Botucatu<br \/>\n2011- Curso de Fitoterapia Chinesa &#8211; Instituto Bioethicus<br \/>\nParticipa\u00e7\u00e3o em cursos e congressos de acupuntura e medicina integrativa<\/p>\n","protected":false},"excerpt":{"rendered":"<p>A medicina tradicional chinesa visa restabelecer a sa\u00fade do paciente atrav\u00e9s do equil\u00edbrio energ\u00e9tico. Quando o paciente est\u00e1 enfermo, os sinais cl\u00ednicos aparecem por que h\u00e1<span class=\"excerpt-hellip\"> [\u2026]<\/span><\/p>\n","protected":false},"author":4,"featured_media":0,"parent":0,"menu_order":0,"comment_status":"open","ping_status":"open","template":"","meta":{"_joinchat":[]},"yoast_head":"<!-- This site is optimized with the Yoast SEO plugin v18.7 - https:\/\/yoast.com\/wordpress\/plugins\/seo\/ -->\n<title>- Mobile Vet<\/title>\n<meta name=\"robots\" content=\"index, follow, max-snippet:-1, max-image-preview:large, max-video-preview:-1\" \/>\n<link rel=\"canonical\" href=\"https:\/\/mobilevet.com.br\/site\/acupuntura\/\" \/>\n<meta property=\"og:locale\" content=\"pt_BR\" \/>\n<meta property=\"og:type\" content=\"article\" \/>\n<meta property=\"og:title\" content=\"- Mobile Vet\" \/>\n<meta property=\"og:description\" content=\"A medicina tradicional chinesa visa restabelecer a sa\u00fade do paciente atrav\u00e9s do equil\u00edbrio energ\u00e9tico. Quando o paciente est\u00e1 enfermo, os sinais cl\u00ednicos aparecem por que h\u00e1 [\u2026]\" \/>\n<meta property=\"og:url\" content=\"https:\/\/mobilevet.com.br\/site\/acupuntura\/\" \/>\n<meta property=\"og:site_name\" content=\"Mobile Vet\" \/>\n<meta property=\"article:modified_time\" content=\"2019-10-08T13:38:23+00:00\" \/>\n<meta name=\"twitter:card\" content=\"summary_large_image\" \/>\n<meta name=\"twitter:label1\" content=\"Est. tempo de leitura\" \/>\n\t<meta name=\"twitter:data1\" content=\"1 minuto\" \/>\n<script type=\"application\/ld+json\" class=\"yoast-schema-graph\">{\"@context\":\"https:\/\/schema.org\",\"@graph\":[{\"@type\":\"WebSite\",\"@id\":\"https:\/\/mobilevet.com.br\/site\/#website\",\"url\":\"https:\/\/mobilevet.com.br\/site\/\",\"name\":\"Mobile Vet\",\"description\":\"Exames de diagn\u00f3sticos veterin\u00e1rios e consultoria cardiol\u00f3gica\",\"potentialAction\":[{\"@type\":\"SearchAction\",\"target\":{\"@type\":\"EntryPoint\",\"urlTemplate\":\"https:\/\/mobilevet.com.br\/site\/?s={search_term_string}\"},\"query-input\":\"required name=search_term_string\"}],\"inLanguage\":\"pt-BR\"},{\"@type\":\"WebPage\",\"@id\":\"https:\/\/mobilevet.com.br\/site\/acupuntura\/#webpage\",\"url\":\"https:\/\/mobilevet.com.br\/site\/acupuntura\/\",\"name\":\"- Mobile Vet\",\"isPartOf\":{\"@id\":\"https:\/\/mobilevet.com.br\/site\/#website\"},\"datePublished\":\"2019-09-13T04:35:52+00:00\",\"dateModified\":\"2019-10-08T13:38:23+00:00\",\"breadcrumb\":{\"@id\":\"https:\/\/mobilevet.com.br\/site\/acupuntura\/#breadcrumb\"},\"inLanguage\":\"pt-BR\",\"potentialAction\":[{\"@type\":\"ReadAction\",\"target\":[\"https:\/\/mobilevet.com.br\/site\/acupuntura\/\"]}]},{\"@type\":\"BreadcrumbList\",\"@id\":\"https:\/\/mobilevet.com.br\/site\/acupuntura\/#breadcrumb\",\"itemListElement\":[{\"@type\":\"ListItem\",\"position\":1,\"name\":\"In\u00edcio\",\"item\":\"https:\/\/mobilevet.com.br\/site\/\"},{\"@type\":\"ListItem\",\"position\":2,\"name\":\"Acupuntura\"}]}]}<\/script>\n<!-- \/ Yoast SEO plugin. -->","yoast_head_json":{"title":"- Mobile Vet","robots":{"index":"index","follow":"follow","max-snippet":"max-snippet:-1","max-image-preview":"max-image-preview:large","max-video-preview":"max-video-preview:-1"},"canonical":"https:\/\/mobilevet.com.br\/site\/acupuntura\/","og_locale":"pt_BR","og_type":"article","og_title":"- Mobile Vet","og_description":"A medicina tradicional chinesa visa restabelecer a sa\u00fade do paciente atrav\u00e9s do equil\u00edbrio energ\u00e9tico. Quando o paciente est\u00e1 enfermo, os sinais cl\u00ednicos aparecem por que h\u00e1 [\u2026]","og_url":"https:\/\/mobilevet.com.br\/site\/acupuntura\/","og_site_name":"Mobile Vet","article_modified_time":"2019-10-08T13:38:23+00:00","twitter_card":"summary_large_image","twitter_misc":{"Est. tempo de leitura":"1 minuto"},"schema":{"@context":"https:\/\/schema.org","@graph":[{"@type":"WebSite","@id":"https:\/\/mobilevet.com.br\/site\/#website","url":"https:\/\/mobilevet.com.br\/site\/","name":"Mobile Vet","description":"Exames de diagn\u00f3sticos veterin\u00e1rios e consultoria cardiol\u00f3gica","potentialAction":[{"@type":"SearchAction","target":{"@type":"EntryPoint","urlTemplate":"https:\/\/mobilevet.com.br\/site\/?s={search_term_string}"},"query-input":"required name=search_term_string"}],"inLanguage":"pt-BR"},{"@type":"WebPage","@id":"https:\/\/mobilevet.com.br\/site\/acupuntura\/#webpage","url":"https:\/\/mobilevet.com.br\/site\/acupuntura\/","name":"- Mobile Vet","isPartOf":{"@id":"https:\/\/mobilevet.com.br\/site\/#website"},"datePublished":"2019-09-13T04:35:52+00:00","dateModified":"2019-10-08T13:38:23+00:00","breadcrumb":{"@id":"https:\/\/mobilevet.com.br\/site\/acupuntura\/#breadcrumb"},"inLanguage":"pt-BR","potentialAction":[{"@type":"ReadAction","target":["https:\/\/mobilevet.com.br\/site\/acupuntura\/"]}]},{"@type":"BreadcrumbList","@id":"https:\/\/mobilevet.com.br\/site\/acupuntura\/#breadcrumb","itemListElement":[{"@type":"ListItem","position":1,"name":"In\u00edcio","item":"https:\/\/mobilevet.com.br\/site\/"},{"@type":"ListItem","position":2,"name":"Acupuntura"}]}]}},"_links":{"self":[{"href":"https:\/\/mobilevet.com.br\/site\/wp-json\/wp\/v2\/pages\/921"}],"collection":[{"href":"https:\/\/mobilevet.com.br\/site\/wp-json\/wp\/v2\/pages"}],"about":[{"href":"https:\/\/mobilevet.com.br\/site\/wp-json\/wp\/v2\/types\/page"}],"author":[{"embeddable":true,"href":"https:\/\/mobilevet.com.br\/site\/wp-json\/wp\/v2\/users\/4"}],"replies":[{"embeddable":true,"href":"https:\/\/mobilevet.com.br\/site\/wp-json\/wp\/v2\/comments?post=921"}],"version-history":[{"count":3,"href":"https:\/\/mobilevet.com.br\/site\/wp-json\/wp\/v2\/pages\/921\/revisions"}],"predecessor-version":[{"id":1062,"href":"https:\/\/mobilevet.com.br\/site\/wp-json\/wp\/v2\/pages\/921\/revisions\/1062"}],"wp:attachment":[{"href":"https:\/\/mobilevet.com.br\/site\/wp-json\/wp\/v2\/media?parent=921"}],"curies":[{"name":"wp","href":"https:\/\/api.w.org\/{rel}","templated":true}]}}