{"id":927,"date":"2019-09-13T01:38:42","date_gmt":"2019-09-13T04:38:42","guid":{"rendered":"https:\/\/mobilevet.com.br\/site\/?page_id=927"},"modified":"2019-10-08T09:56:27","modified_gmt":"2019-10-08T12:56:27","slug":"nefrologia","status":"publish","type":"page","link":"https:\/\/mobilevet.com.br\/site\/nefrologia\/","title":{"rendered":"Nefrologia"},"content":{"rendered":"<p>Uma de nossas especialidades aqui na MobileVet \u00e9 a nefrologia veterin\u00e1ria, respons\u00e1vel pelo diagn\u00f3stico e tratamento cl\u00ednico e\/ou cir\u00fargico das doen\u00e7as do sistema urin\u00e1rio, que inclui rins, ureteres, bexiga, uretra, e nos machos a pr\u00f3stata.<\/p>\n<p>Segundo a Revista Veterin\u00e1ria doen\u00e7as do sistema urin\u00e1rio atinge 1% da popula\u00e7\u00e3o de gatos no mundo. Al\u00e9m disso doen\u00e7as renais podem ser adquiridas pela bact\u00e9ria da leptospirose, por intoxica\u00e7\u00f5es, envenenamento, anestesia, stress, choque, trauma e qualquer outra doen\u00e7a sist\u00eamica. Sem contar os c\u00e1lculos renais e vesicais (pedra nos rins e bexiga), que adoecem c\u00e3es e gatos de todas as ra\u00e7as.<\/p>\n<p>O sistema urin\u00e1rio \u00e9 respons\u00e1vel por fun\u00e7\u00f5es essenciais como \u00e0 manuten\u00e7\u00e3o do equil\u00edbrio fisiol\u00f3gico do organismo. In\u00fameras afec\u00e7\u00f5es podem alterar esse equil\u00edbrio e at\u00e9 mesmo causar o \u00f3bito. C\u00e3es e gatos podem nascer com problema nos rins e os sintomas j\u00e1 se manifestam desde cedo, como polidipsia, inapet\u00eancia ou apetite seletivo, v\u00f4mitos ocasionais e odor ur\u00eamico na boca, poli\u00faria, dificuldade de urinar ou defecar, hemat\u00faria, aumento do tamanho de um test\u00edculo, aus\u00eancia de test\u00edculo ou presen\u00e7a de um s\u00f3, secre\u00e7\u00e3o na vulva, cristais na urina (aspecto de areia), dor, diarreia, icter\u00edcia (amarelamento da pele) e incontin\u00eancia urin\u00e1ria.<\/p>\n<p>\u00c9 importante lembrar que medicina preventiva \u00e9 a maior aliada para a sa\u00fade do animal, pois diagnosticar o mais precoce poss\u00edvel qualquer doen\u00e7a, ir\u00e1 ajudar o progn\u00f3stico e a qualidade de vida dos pacientes.<\/p>\n<p>Conhe\u00e7a todas as <a href=\"https:\/\/mobilevet.com.br\/site\/servicos\">especialidades<\/a> que temos dispon\u00edvel para a sa\u00fade do seu pet!<\/p>\n<p>&nbsp;<\/p>\n<h3><span style=\"color: #206d6b;\"><strong>Especialista<\/strong><\/span><\/h3>\n<p><strong>Dra. Roberta Piva<\/strong><br \/>\nFormada pela Universidade Metodista de S\u00e3o Paulo<br \/>\nP\u00f3s-graduada em nefrologia e urologia pela ANCLIVEPA &#8211; SP<\/p>\n","protected":false},"excerpt":{"rendered":"<p>Uma de nossas especialidades aqui na MobileVet \u00e9 a nefrologia veterin\u00e1ria, respons\u00e1vel pelo diagn\u00f3stico e tratamento cl\u00ednico e\/ou cir\u00fargico das doen\u00e7as do sistema urin\u00e1rio, que inclui<span class=\"excerpt-hellip\"> [\u2026]<\/span><\/p>\n","protected":false},"author":4,"featured_media":0,"parent":0,"menu_order":0,"comment_status":"open","ping_status":"closed","template":"","meta":{"_joinchat":[]},"yoast_head":"<!-- This site is optimized with the Yoast SEO plugin v18.7 - https:\/\/yoast.com\/wordpress\/plugins\/seo\/ -->\n<title>- Mobile Vet<\/title>\n<meta name=\"robots\" content=\"index, follow, max-snippet:-1, max-image-preview:large, max-video-preview:-1\" \/>\n<link rel=\"canonical\" href=\"https:\/\/mobilevet.com.br\/site\/nefrologia\/\" \/>\n<meta property=\"og:locale\" content=\"pt_BR\" \/>\n<meta property=\"og:type\" content=\"article\" \/>\n<meta property=\"og:title\" content=\"- Mobile Vet\" \/>\n<meta property=\"og:description\" content=\"Uma de nossas especialidades aqui na MobileVet \u00e9 a nefrologia veterin\u00e1ria, respons\u00e1vel pelo diagn\u00f3stico e tratamento cl\u00ednico e\/ou cir\u00fargico das doen\u00e7as do sistema urin\u00e1rio, que inclui [\u2026]\" \/>\n<meta property=\"og:url\" content=\"https:\/\/mobilevet.com.br\/site\/nefrologia\/\" \/>\n<meta property=\"og:site_name\" content=\"Mobile Vet\" \/>\n<meta property=\"article:modified_time\" content=\"2019-10-08T12:56:27+00:00\" \/>\n<meta name=\"twitter:card\" content=\"summary_large_image\" \/>\n<meta name=\"twitter:label1\" content=\"Est. tempo de leitura\" \/>\n\t<meta name=\"twitter:data1\" content=\"2 minutos\" \/>\n<script type=\"application\/ld+json\" class=\"yoast-schema-graph\">{\"@context\":\"https:\/\/schema.org\",\"@graph\":[{\"@type\":\"WebSite\",\"@id\":\"https:\/\/mobilevet.com.br\/site\/#website\",\"url\":\"https:\/\/mobilevet.com.br\/site\/\",\"name\":\"Mobile Vet\",\"description\":\"Exames de diagn\u00f3sticos veterin\u00e1rios e consultoria cardiol\u00f3gica\",\"potentialAction\":[{\"@type\":\"SearchAction\",\"target\":{\"@type\":\"EntryPoint\",\"urlTemplate\":\"https:\/\/mobilevet.com.br\/site\/?s={search_term_string}\"},\"query-input\":\"required name=search_term_string\"}],\"inLanguage\":\"pt-BR\"},{\"@type\":\"WebPage\",\"@id\":\"https:\/\/mobilevet.com.br\/site\/nefrologia\/#webpage\",\"url\":\"https:\/\/mobilevet.com.br\/site\/nefrologia\/\",\"name\":\"- Mobile Vet\",\"isPartOf\":{\"@id\":\"https:\/\/mobilevet.com.br\/site\/#website\"},\"datePublished\":\"2019-09-13T04:38:42+00:00\",\"dateModified\":\"2019-10-08T12:56:27+00:00\",\"breadcrumb\":{\"@id\":\"https:\/\/mobilevet.com.br\/site\/nefrologia\/#breadcrumb\"},\"inLanguage\":\"pt-BR\",\"potentialAction\":[{\"@type\":\"ReadAction\",\"target\":[\"https:\/\/mobilevet.com.br\/site\/nefrologia\/\"]}]},{\"@type\":\"BreadcrumbList\",\"@id\":\"https:\/\/mobilevet.com.br\/site\/nefrologia\/#breadcrumb\",\"itemListElement\":[{\"@type\":\"ListItem\",\"position\":1,\"name\":\"In\u00edcio\",\"item\":\"https:\/\/mobilevet.com.br\/site\/\"},{\"@type\":\"ListItem\",\"position\":2,\"name\":\"Nefrologia\"}]}]}<\/script>\n<!-- \/ Yoast SEO plugin. -->","yoast_head_json":{"title":"- Mobile Vet","robots":{"index":"index","follow":"follow","max-snippet":"max-snippet:-1","max-image-preview":"max-image-preview:large","max-video-preview":"max-video-preview:-1"},"canonical":"https:\/\/mobilevet.com.br\/site\/nefrologia\/","og_locale":"pt_BR","og_type":"article","og_title":"- Mobile Vet","og_description":"Uma de nossas especialidades aqui na MobileVet \u00e9 a nefrologia veterin\u00e1ria, respons\u00e1vel pelo diagn\u00f3stico e tratamento cl\u00ednico e\/ou cir\u00fargico das doen\u00e7as do sistema urin\u00e1rio, que inclui [\u2026]","og_url":"https:\/\/mobilevet.com.br\/site\/nefrologia\/","og_site_name":"Mobile Vet","article_modified_time":"2019-10-08T12:56:27+00:00","twitter_card":"summary_large_image","twitter_misc":{"Est. tempo de leitura":"2 minutos"},"schema":{"@context":"https:\/\/schema.org","@graph":[{"@type":"WebSite","@id":"https:\/\/mobilevet.com.br\/site\/#website","url":"https:\/\/mobilevet.com.br\/site\/","name":"Mobile Vet","description":"Exames de diagn\u00f3sticos veterin\u00e1rios e consultoria cardiol\u00f3gica","potentialAction":[{"@type":"SearchAction","target":{"@type":"EntryPoint","urlTemplate":"https:\/\/mobilevet.com.br\/site\/?s={search_term_string}"},"query-input":"required name=search_term_string"}],"inLanguage":"pt-BR"},{"@type":"WebPage","@id":"https:\/\/mobilevet.com.br\/site\/nefrologia\/#webpage","url":"https:\/\/mobilevet.com.br\/site\/nefrologia\/","name":"- Mobile Vet","isPartOf":{"@id":"https:\/\/mobilevet.com.br\/site\/#website"},"datePublished":"2019-09-13T04:38:42+00:00","dateModified":"2019-10-08T12:56:27+00:00","breadcrumb":{"@id":"https:\/\/mobilevet.com.br\/site\/nefrologia\/#breadcrumb"},"inLanguage":"pt-BR","potentialAction":[{"@type":"ReadAction","target":["https:\/\/mobilevet.com.br\/site\/nefrologia\/"]}]},{"@type":"BreadcrumbList","@id":"https:\/\/mobilevet.com.br\/site\/nefrologia\/#breadcrumb","itemListElement":[{"@type":"ListItem","position":1,"name":"In\u00edcio","item":"https:\/\/mobilevet.com.br\/site\/"},{"@type":"ListItem","position":2,"name":"Nefrologia"}]}]}},"_links":{"self":[{"href":"https:\/\/mobilevet.com.br\/site\/wp-json\/wp\/v2\/pages\/927"}],"collection":[{"href":"https:\/\/mobilevet.com.br\/site\/wp-json\/wp\/v2\/pages"}],"about":[{"href":"https:\/\/mobilevet.com.br\/site\/wp-json\/wp\/v2\/types\/page"}],"author":[{"embeddable":true,"href":"https:\/\/mobilevet.com.br\/site\/wp-json\/wp\/v2\/users\/4"}],"replies":[{"embeddable":true,"href":"https:\/\/mobilevet.com.br\/site\/wp-json\/wp\/v2\/comments?post=927"}],"version-history":[{"count":4,"href":"https:\/\/mobilevet.com.br\/site\/wp-json\/wp\/v2\/pages\/927\/revisions"}],"predecessor-version":[{"id":1060,"href":"https:\/\/mobilevet.com.br\/site\/wp-json\/wp\/v2\/pages\/927\/revisions\/1060"}],"wp:attachment":[{"href":"https:\/\/mobilevet.com.br\/site\/wp-json\/wp\/v2\/media?parent=927"}],"curies":[{"name":"wp","href":"https:\/\/api.w.org\/{rel}","templated":true}]}}