{"id":929,"date":"2019-09-13T01:39:44","date_gmt":"2019-09-13T04:39:44","guid":{"rendered":"https:\/\/mobilevet.com.br\/site\/?page_id=929"},"modified":"2019-10-08T09:53:42","modified_gmt":"2019-10-08T12:53:42","slug":"oncologia","status":"publish","type":"page","link":"https:\/\/mobilevet.com.br\/site\/oncologia\/","title":{"rendered":"Oncologia"},"content":{"rendered":"<p>Segundo a Revista Veterin\u00e1ria o c\u00e2ncer \u00e9 a segunda maior causa de mortes em animais dom\u00e9sticos, e a maior causa de mortalidade em animais idosos, por esse motivo, exames peri\u00f3dicos preventivos s\u00e3o important\u00edssimos para o diagn\u00f3stico precoce da doen\u00e7a, refletindo diretamente no tratamento e progn\u00f3stico.<br \/>\n\u2800<br \/>\nO sucesso para o tratamento de pacientes oncol\u00f3gicos se da pela precocidade no diagn\u00f3stico e a interven\u00e7\u00e3o adequada o mais r\u00e1pido poss\u00edvel.<\/p>\n<p>A oncologia veterin\u00e1ria \u00e9 uma de nossas especialidades e tem o objetivo de diagnosticar e tratar o c\u00e2ncer e em cachorros e gatos.<\/p>\n<p>Estamos sempre atentos a novos estudos para oferecer e identificar maneiras de melhorar a qualidade de vida dos pets e aumentar cada vez mais as chances de cura.<\/p>\n<p>Conhe\u00e7a todas as <a href=\"https:\/\/mobilevet.com.br\/site\/servicos\">especialidades<\/a> que temos dispon\u00edvel para voc\u00ea!<\/p>\n<p>&nbsp;<\/p>\n<h3><span style=\"color: #206d6b;\"><strong>Especialista<\/strong><\/span><\/h3>\n<p>Dra. Lygia de Barros<\/p>\n","protected":false},"excerpt":{"rendered":"<p>Segundo a Revista Veterin\u00e1ria o c\u00e2ncer \u00e9 a segunda maior causa de mortes em animais dom\u00e9sticos, e a maior causa de mortalidade em animais idosos, por<span class=\"excerpt-hellip\"> [\u2026]<\/span><\/p>\n","protected":false},"author":4,"featured_media":0,"parent":0,"menu_order":0,"comment_status":"open","ping_status":"open","template":"","meta":{"_joinchat":[]},"yoast_head":"<!-- This site is optimized with the Yoast SEO plugin v18.7 - https:\/\/yoast.com\/wordpress\/plugins\/seo\/ -->\n<title>- Mobile Vet<\/title>\n<meta name=\"robots\" content=\"index, follow, max-snippet:-1, max-image-preview:large, max-video-preview:-1\" \/>\n<link rel=\"canonical\" href=\"https:\/\/mobilevet.com.br\/site\/oncologia\/\" \/>\n<meta property=\"og:locale\" content=\"pt_BR\" \/>\n<meta property=\"og:type\" content=\"article\" \/>\n<meta property=\"og:title\" content=\"- Mobile Vet\" \/>\n<meta property=\"og:description\" content=\"Segundo a Revista Veterin\u00e1ria o c\u00e2ncer \u00e9 a segunda maior causa de mortes em animais dom\u00e9sticos, e a maior causa de mortalidade em animais idosos, por [\u2026]\" \/>\n<meta property=\"og:url\" content=\"https:\/\/mobilevet.com.br\/site\/oncologia\/\" \/>\n<meta property=\"og:site_name\" content=\"Mobile Vet\" \/>\n<meta property=\"article:modified_time\" content=\"2019-10-08T12:53:42+00:00\" \/>\n<meta name=\"twitter:card\" content=\"summary_large_image\" \/>\n<meta name=\"twitter:label1\" content=\"Est. tempo de leitura\" \/>\n\t<meta name=\"twitter:data1\" content=\"1 minuto\" \/>\n<script type=\"application\/ld+json\" class=\"yoast-schema-graph\">{\"@context\":\"https:\/\/schema.org\",\"@graph\":[{\"@type\":\"WebSite\",\"@id\":\"https:\/\/mobilevet.com.br\/site\/#website\",\"url\":\"https:\/\/mobilevet.com.br\/site\/\",\"name\":\"Mobile Vet\",\"description\":\"Exames de diagn\u00f3sticos veterin\u00e1rios e consultoria cardiol\u00f3gica\",\"potentialAction\":[{\"@type\":\"SearchAction\",\"target\":{\"@type\":\"EntryPoint\",\"urlTemplate\":\"https:\/\/mobilevet.com.br\/site\/?s={search_term_string}\"},\"query-input\":\"required name=search_term_string\"}],\"inLanguage\":\"pt-BR\"},{\"@type\":\"WebPage\",\"@id\":\"https:\/\/mobilevet.com.br\/site\/oncologia\/#webpage\",\"url\":\"https:\/\/mobilevet.com.br\/site\/oncologia\/\",\"name\":\"- Mobile Vet\",\"isPartOf\":{\"@id\":\"https:\/\/mobilevet.com.br\/site\/#website\"},\"datePublished\":\"2019-09-13T04:39:44+00:00\",\"dateModified\":\"2019-10-08T12:53:42+00:00\",\"breadcrumb\":{\"@id\":\"https:\/\/mobilevet.com.br\/site\/oncologia\/#breadcrumb\"},\"inLanguage\":\"pt-BR\",\"potentialAction\":[{\"@type\":\"ReadAction\",\"target\":[\"https:\/\/mobilevet.com.br\/site\/oncologia\/\"]}]},{\"@type\":\"BreadcrumbList\",\"@id\":\"https:\/\/mobilevet.com.br\/site\/oncologia\/#breadcrumb\",\"itemListElement\":[{\"@type\":\"ListItem\",\"position\":1,\"name\":\"In\u00edcio\",\"item\":\"https:\/\/mobilevet.com.br\/site\/\"},{\"@type\":\"ListItem\",\"position\":2,\"name\":\"Oncologia\"}]}]}<\/script>\n<!-- \/ Yoast SEO plugin. -->","yoast_head_json":{"title":"- Mobile Vet","robots":{"index":"index","follow":"follow","max-snippet":"max-snippet:-1","max-image-preview":"max-image-preview:large","max-video-preview":"max-video-preview:-1"},"canonical":"https:\/\/mobilevet.com.br\/site\/oncologia\/","og_locale":"pt_BR","og_type":"article","og_title":"- Mobile Vet","og_description":"Segundo a Revista Veterin\u00e1ria o c\u00e2ncer \u00e9 a segunda maior causa de mortes em animais dom\u00e9sticos, e a maior causa de mortalidade em animais idosos, por [\u2026]","og_url":"https:\/\/mobilevet.com.br\/site\/oncologia\/","og_site_name":"Mobile Vet","article_modified_time":"2019-10-08T12:53:42+00:00","twitter_card":"summary_large_image","twitter_misc":{"Est. tempo de leitura":"1 minuto"},"schema":{"@context":"https:\/\/schema.org","@graph":[{"@type":"WebSite","@id":"https:\/\/mobilevet.com.br\/site\/#website","url":"https:\/\/mobilevet.com.br\/site\/","name":"Mobile Vet","description":"Exames de diagn\u00f3sticos veterin\u00e1rios e consultoria cardiol\u00f3gica","potentialAction":[{"@type":"SearchAction","target":{"@type":"EntryPoint","urlTemplate":"https:\/\/mobilevet.com.br\/site\/?s={search_term_string}"},"query-input":"required name=search_term_string"}],"inLanguage":"pt-BR"},{"@type":"WebPage","@id":"https:\/\/mobilevet.com.br\/site\/oncologia\/#webpage","url":"https:\/\/mobilevet.com.br\/site\/oncologia\/","name":"- Mobile Vet","isPartOf":{"@id":"https:\/\/mobilevet.com.br\/site\/#website"},"datePublished":"2019-09-13T04:39:44+00:00","dateModified":"2019-10-08T12:53:42+00:00","breadcrumb":{"@id":"https:\/\/mobilevet.com.br\/site\/oncologia\/#breadcrumb"},"inLanguage":"pt-BR","potentialAction":[{"@type":"ReadAction","target":["https:\/\/mobilevet.com.br\/site\/oncologia\/"]}]},{"@type":"BreadcrumbList","@id":"https:\/\/mobilevet.com.br\/site\/oncologia\/#breadcrumb","itemListElement":[{"@type":"ListItem","position":1,"name":"In\u00edcio","item":"https:\/\/mobilevet.com.br\/site\/"},{"@type":"ListItem","position":2,"name":"Oncologia"}]}]}},"_links":{"self":[{"href":"https:\/\/mobilevet.com.br\/site\/wp-json\/wp\/v2\/pages\/929"}],"collection":[{"href":"https:\/\/mobilevet.com.br\/site\/wp-json\/wp\/v2\/pages"}],"about":[{"href":"https:\/\/mobilevet.com.br\/site\/wp-json\/wp\/v2\/types\/page"}],"author":[{"embeddable":true,"href":"https:\/\/mobilevet.com.br\/site\/wp-json\/wp\/v2\/users\/4"}],"replies":[{"embeddable":true,"href":"https:\/\/mobilevet.com.br\/site\/wp-json\/wp\/v2\/comments?post=929"}],"version-history":[{"count":4,"href":"https:\/\/mobilevet.com.br\/site\/wp-json\/wp\/v2\/pages\/929\/revisions"}],"predecessor-version":[{"id":1058,"href":"https:\/\/mobilevet.com.br\/site\/wp-json\/wp\/v2\/pages\/929\/revisions\/1058"}],"wp:attachment":[{"href":"https:\/\/mobilevet.com.br\/site\/wp-json\/wp\/v2\/media?parent=929"}],"curies":[{"name":"wp","href":"https:\/\/api.w.org\/{rel}","templated":true}]}}